{"id":1653,"date":"2016-01-11T11:32:01","date_gmt":"2016-01-11T11:35:13","guid":{"rendered":"https:\/\/agrologic.com\/es\/?post_type=product&#038;p=1653"},"modified":"2016-02-24T10:16:44","modified_gmt":"2016-02-24T10:16:44","slug":"ag-box","status":"publish","type":"product","link":"https:\/\/agrologic.com\/es\/product-catalog\/ag-box\/","title":{"rendered":"Caja AG"},"content":{"rendered":"","protected":false},"excerpt":{"rendered":"<p><strong><u>Caja AG<\/u><\/strong><\/p>\n<p>La Caja AG debe ser instalada al poner cables de comunicaci\u00f3n entre las casas y una oficina central para su uso con el programa de comunicaci\u00f3n WebChick.<\/p>\n<p>La Caja AG se usa para proteger la unidad de control de da\u00f1o por rel\u00e1mpago.<\/p>\n","protected":false},"featured_media":1649,"template":"","meta":{"_acf_changed":false},"product_brand":[],"product_cat":[45],"product_tag":[34,36,35],"class_list":{"0":"post-1653","1":"product","2":"type-product","3":"status-publish","4":"has-post-thumbnail","6":"product_cat-communication-es","7":"product_tag-poultry-es","8":"product_tag-swine-es","9":"product_tag-cows-es","11":"first","12":"instock","13":"shipping-taxable","14":"product-type-simple"},"acf":[],"yoast_head":"<!-- This site is optimized with the Yoast SEO plugin v25.2 - https:\/\/yoast.com\/wordpress\/plugins\/seo\/ -->\n<title>Caja AG - Agrologic Ltd - poultry farming and pig raising<\/title>\n<meta name=\"robots\" content=\"index, follow, max-snippet:-1, max-image-preview:large, max-video-preview:-1\" \/>\n<link rel=\"canonical\" href=\"https:\/\/agrologic.com\/product-catalog\/ag-box\/\" \/>\n<meta property=\"og:locale\" content=\"es_ES\" \/>\n<meta property=\"og:type\" content=\"article\" \/>\n<meta property=\"og:title\" content=\"Caja AG - Agrologic Ltd - poultry farming and pig raising\" \/>\n<meta property=\"og:description\" content=\"Caja AG  La Caja AG debe ser instalada al poner cables de comunicaci\u00f3n entre las casas y una oficina central para su uso con el programa de comunicaci\u00f3n WebChick.  La Caja AG se usa para proteger la unidad de control de da\u00f1o por rel\u00e1mpago.\" \/>\n<meta property=\"og:url\" content=\"https:\/\/agrologic.com\/product-catalog\/ag-box\/\" \/>\n<meta property=\"og:site_name\" content=\"Agrologic Ltd - poultry farming and pig raising\" \/>\n<meta property=\"article:modified_time\" content=\"2016-02-24T10:16:44+00:00\" \/>\n<meta property=\"og:image\" content=\"https:\/\/agrologic.com\/wp-content\/uploads\/2016\/01\/29.png\" \/>\n\t<meta property=\"og:image:width\" content=\"800\" \/>\n\t<meta property=\"og:image:height\" content=\"800\" \/>\n\t<meta property=\"og:image:type\" content=\"image\/png\" \/>\n<meta name=\"twitter:card\" content=\"summary_large_image\" \/>\n<script type=\"application\/ld+json\" class=\"yoast-schema-graph\">{\"@context\":\"https:\/\/schema.org\",\"@graph\":[{\"@type\":\"WebPage\",\"@id\":\"https:\/\/agrologic.com\/product-catalog\/ag-box\/\",\"url\":\"https:\/\/agrologic.com\/product-catalog\/ag-box\/\",\"name\":\"Caja AG - Agrologic Ltd - poultry farming and pig raising\",\"isPartOf\":{\"@id\":\"https:\/\/agrologic.com\/#website\"},\"primaryImageOfPage\":{\"@id\":\"https:\/\/agrologic.com\/product-catalog\/ag-box\/#primaryimage\"},\"image\":{\"@id\":\"https:\/\/agrologic.com\/product-catalog\/ag-box\/#primaryimage\"},\"thumbnailUrl\":\"https:\/\/agrologic.com\/wp-content\/uploads\/2016\/01\/29.png\",\"datePublished\":\"2016-01-11T11:35:13+00:00\",\"dateModified\":\"2016-02-24T10:16:44+00:00\",\"breadcrumb\":{\"@id\":\"https:\/\/agrologic.com\/product-catalog\/ag-box\/#breadcrumb\"},\"inLanguage\":\"es\",\"potentialAction\":[{\"@type\":\"ReadAction\",\"target\":[\"https:\/\/agrologic.com\/product-catalog\/ag-box\/\"]}]},{\"@type\":\"ImageObject\",\"inLanguage\":\"es\",\"@id\":\"https:\/\/agrologic.com\/product-catalog\/ag-box\/#primaryimage\",\"url\":\"https:\/\/agrologic.com\/wp-content\/uploads\/2016\/01\/29.png\",\"contentUrl\":\"https:\/\/agrologic.com\/wp-content\/uploads\/2016\/01\/29.png\",\"width\":800,\"height\":800},{\"@type\":\"BreadcrumbList\",\"@id\":\"https:\/\/agrologic.com\/product-catalog\/ag-box\/#breadcrumb\",\"itemListElement\":[{\"@type\":\"ListItem\",\"position\":1,\"name\":\"Home\",\"item\":\"https:\/\/agrologic.com\/es\/\"},{\"@type\":\"ListItem\",\"position\":2,\"name\":\"productos\",\"item\":\"https:\/\/agrologic.com\/productos\/\"},{\"@type\":\"ListItem\",\"position\":3,\"name\":\"Caja AG\"}]},{\"@type\":\"WebSite\",\"@id\":\"https:\/\/agrologic.com\/#website\",\"url\":\"https:\/\/agrologic.com\/\",\"name\":\"Agrologic Ltd - poultry farming and pig raising\",\"description\":\"\",\"potentialAction\":[{\"@type\":\"SearchAction\",\"target\":{\"@type\":\"EntryPoint\",\"urlTemplate\":\"https:\/\/agrologic.com\/?s={search_term_string}\"},\"query-input\":{\"@type\":\"PropertyValueSpecification\",\"valueRequired\":true,\"valueName\":\"search_term_string\"}}],\"inLanguage\":\"es\"}]}<\/script>\n<!-- \/ Yoast SEO plugin. -->","yoast_head_json":{"title":"Caja AG - Agrologic Ltd - poultry farming and pig raising","robots":{"index":"index","follow":"follow","max-snippet":"max-snippet:-1","max-image-preview":"max-image-preview:large","max-video-preview":"max-video-preview:-1"},"canonical":"https:\/\/agrologic.com\/product-catalog\/ag-box\/","og_locale":"es_ES","og_type":"article","og_title":"Caja AG - Agrologic Ltd - poultry farming and pig raising","og_description":"Caja AG  La Caja AG debe ser instalada al poner cables de comunicaci\u00f3n entre las casas y una oficina central para su uso con el programa de comunicaci\u00f3n WebChick.  La Caja AG se usa para proteger la unidad de control de da\u00f1o por rel\u00e1mpago.","og_url":"https:\/\/agrologic.com\/product-catalog\/ag-box\/","og_site_name":"Agrologic Ltd - poultry farming and pig raising","article_modified_time":"2016-02-24T10:16:44+00:00","og_image":[{"width":800,"height":800,"url":"https:\/\/agrologic.com\/wp-content\/uploads\/2016\/01\/29.png","type":"image\/png"}],"twitter_card":"summary_large_image","schema":{"@context":"https:\/\/schema.org","@graph":[{"@type":"WebPage","@id":"https:\/\/agrologic.com\/product-catalog\/ag-box\/","url":"https:\/\/agrologic.com\/product-catalog\/ag-box\/","name":"Caja AG - Agrologic Ltd - poultry farming and pig raising","isPartOf":{"@id":"https:\/\/agrologic.com\/#website"},"primaryImageOfPage":{"@id":"https:\/\/agrologic.com\/product-catalog\/ag-box\/#primaryimage"},"image":{"@id":"https:\/\/agrologic.com\/product-catalog\/ag-box\/#primaryimage"},"thumbnailUrl":"https:\/\/agrologic.com\/wp-content\/uploads\/2016\/01\/29.png","datePublished":"2016-01-11T11:35:13+00:00","dateModified":"2016-02-24T10:16:44+00:00","breadcrumb":{"@id":"https:\/\/agrologic.com\/product-catalog\/ag-box\/#breadcrumb"},"inLanguage":"es","potentialAction":[{"@type":"ReadAction","target":["https:\/\/agrologic.com\/product-catalog\/ag-box\/"]}]},{"@type":"ImageObject","inLanguage":"es","@id":"https:\/\/agrologic.com\/product-catalog\/ag-box\/#primaryimage","url":"https:\/\/agrologic.com\/wp-content\/uploads\/2016\/01\/29.png","contentUrl":"https:\/\/agrologic.com\/wp-content\/uploads\/2016\/01\/29.png","width":800,"height":800},{"@type":"BreadcrumbList","@id":"https:\/\/agrologic.com\/product-catalog\/ag-box\/#breadcrumb","itemListElement":[{"@type":"ListItem","position":1,"name":"Home","item":"https:\/\/agrologic.com\/es\/"},{"@type":"ListItem","position":2,"name":"productos","item":"https:\/\/agrologic.com\/productos\/"},{"@type":"ListItem","position":3,"name":"Caja AG"}]},{"@type":"WebSite","@id":"https:\/\/agrologic.com\/#website","url":"https:\/\/agrologic.com\/","name":"Agrologic Ltd - poultry farming and pig raising","description":"","potentialAction":[{"@type":"SearchAction","target":{"@type":"EntryPoint","urlTemplate":"https:\/\/agrologic.com\/?s={search_term_string}"},"query-input":{"@type":"PropertyValueSpecification","valueRequired":true,"valueName":"search_term_string"}}],"inLanguage":"es"}]}},"_links":{"self":[{"href":"https:\/\/agrologic.com\/es\/wp-json\/wp\/v2\/product\/1653","targetHints":{"allow":["GET"]}}],"collection":[{"href":"https:\/\/agrologic.com\/es\/wp-json\/wp\/v2\/product"}],"about":[{"href":"https:\/\/agrologic.com\/es\/wp-json\/wp\/v2\/types\/product"}],"wp:featuredmedia":[{"embeddable":true,"href":"https:\/\/agrologic.com\/es\/wp-json\/wp\/v2\/media\/1649"}],"wp:attachment":[{"href":"https:\/\/agrologic.com\/es\/wp-json\/wp\/v2\/media?parent=1653"}],"wp:term":[{"taxonomy":"product_brand","embeddable":true,"href":"https:\/\/agrologic.com\/es\/wp-json\/wp\/v2\/product_brand?post=1653"},{"taxonomy":"product_cat","embeddable":true,"href":"https:\/\/agrologic.com\/es\/wp-json\/wp\/v2\/product_cat?post=1653"},{"taxonomy":"product_tag","embeddable":true,"href":"https:\/\/agrologic.com\/es\/wp-json\/wp\/v2\/product_tag?post=1653"}],"curies":[{"name":"wp","href":"https:\/\/api.w.org\/{rel}","templated":true}]}}