{"id":1620,"date":"2015-12-14T12:10:55","date_gmt":"2016-01-07T11:27:17","guid":{"rendered":"https:\/\/agrologic.com\/es\/?post_type=product&#038;p=1620"},"modified":"2016-03-29T09:56:26","modified_gmt":"2016-03-29T09:56:26","slug":"feedtronic-1001-a","status":"publish","type":"product","link":"https:\/\/agrologic.com\/es\/product-catalog\/feedtronic-1001-a\/","title":{"rendered":"FeedTronic 1001-A"},"content":{"rendered":"","protected":false},"excerpt":{"rendered":"<p>FeedTronic 1001-A es un sistema electr\u00f3nico de peso de alimento con alta flexibilidad, poder y exactitud dise\u00f1ado especialmente para la crianza de reproductoras y pollitas donde el control exacto sobre alimentaci\u00f3n restrictiva es indispensable. De mucha flexibilidad y facilidad de uso, puede ser programado para proporcionar distintas cantidades de alimento a cada tolva. Proporcionando hasta 64 cantidades distintas restrictivas en 64 tiempos distintos predeterminados, puede distribuir distintas cantidades de alimento para gallinas machos y hembras de dos silos diferentes hasta 15 tolvas diferentes. Un reloj interno comienza en un momento predeterminado y distribuye la cantidad deseada a cada tolva. Usando su minutero de prendido\/apagado, puede operara varias l\u00ednea de alimentaci\u00f3n hasta 8 veces al d\u00eda.<\/p>\n<p>La unidad muestra la cantidad total diaria de alimento por tolva, junto con el consumo total del reba\u00f1o. En caso de mal funcionamiento o un silo vac\u00edo, la unidad detendr\u00e1 al motor de barrena y activar\u00e1 el alarma interno. Su programa interno de calibraci\u00f3n muestra toda la informaci\u00f3n que puede ser cambiada con el uso del teclado.<\/p>\n<p>FeedTronic 1001-A viene en dos tipos, un programa para hasta 5 tolvas u otro hasta 15 tolvas<\/p>\n<p>&nbsp;<\/p>\n<p>Especificaciones t\u00e9cnicas:<\/p>\n<p>Alimentaci\u00f3n el\u00e9ctrica: 220V, 50\/60Hz<\/p>\n<p>Lote por peso: 5 Kg &#8211; 20 Kg<\/p>\n<p>Alimentaci\u00f3n restrictiva: 5 Kg &#8211; 9999 Kg<\/p>\n<p>Capacidad por hora: 3600 Kg<\/p>\n<p>Exactitud: 0.5%<\/p>\n<p>C\u00e9lula de carga: 70Kg<\/p>\n<p>Peso del sistema: 12 Kg<\/p>\n<p>Entrada y salida: Serial RS 422<\/p>\n<p>Pantalla: Alfanum\u00e9rica 2 x 16<\/p>\n<p>&nbsp;<\/p>\n","protected":false},"featured_media":992,"template":"","meta":{"_acf_changed":false},"product_brand":[],"product_cat":[33],"product_tag":[34],"class_list":{"0":"post-1620","1":"product","2":"type-product","3":"status-publish","4":"has-post-thumbnail","6":"product_cat-feeding-system-es","7":"product_tag-poultry-es","9":"first","10":"instock","11":"shipping-taxable","12":"product-type-simple"},"acf":[],"yoast_head":"<!-- This site is optimized with the Yoast SEO plugin v25.2 - https:\/\/yoast.com\/wordpress\/plugins\/seo\/ -->\n<title>FeedTronic 1001-A - Agrologic Ltd - poultry farming and pig raising<\/title>\n<meta name=\"robots\" content=\"index, follow, max-snippet:-1, max-image-preview:large, max-video-preview:-1\" \/>\n<link rel=\"canonical\" href=\"https:\/\/agrologic.com\/product-catalog\/feedtronic-1001-a\/\" \/>\n<meta property=\"og:locale\" content=\"es_ES\" \/>\n<meta property=\"og:type\" content=\"article\" \/>\n<meta property=\"og:title\" content=\"FeedTronic 1001-A - Agrologic Ltd - poultry farming and pig raising\" \/>\n<meta property=\"og:description\" content=\"FeedTronic 1001-A es un sistema electr\u00f3nico de peso de alimento con alta flexibilidad, poder y exactitud dise\u00f1ado especialmente para la crianza de reproductoras y pollitas donde el control exacto sobre alimentaci\u00f3n restrictiva es indispensable. De mucha flexibilidad y facilidad de uso, puede ser programado para proporcionar distintas cantidades de alimento a cada tolva. Proporcionando hasta 64 cantidades distintas restrictivas en 64 tiempos distintos predeterminados, puede distribuir distintas cantidades de alimento para gallinas machos y hembras de dos silos diferentes hasta 15 tolvas diferentes. Un reloj interno comienza en un momento predeterminado y distribuye la cantidad deseada a cada tolva. Usando su minutero de prendido\/apagado, puede operara varias l\u00ednea de alimentaci\u00f3n hasta 8 veces al d\u00eda.  La unidad muestra la cantidad total diaria de alimento por tolva, junto con el consumo total del reba\u00f1o. En caso de mal funcionamiento o un silo vac\u00edo, la unidad detendr\u00e1 al motor de barrena y activar\u00e1 el alarma interno. Su programa interno de calibraci\u00f3n muestra toda la informaci\u00f3n que puede ser cambiada con el uso del teclado.  FeedTronic 1001-A viene en dos tipos, un programa para hasta 5 tolvas u otro hasta 15 tolvas  &nbsp;  Especificaciones t\u00e9cnicas:  Alimentaci\u00f3n el\u00e9ctrica: 220V, 50\/60Hz  Lote por peso: 5 Kg - 20 Kg  Alimentaci\u00f3n restrictiva: 5 Kg - 9999 Kg  Capacidad por hora: 3600 Kg  Exactitud: 0.5%  C\u00e9lula de carga: 70Kg  Peso del sistema: 12 Kg  Entrada y salida: Serial RS 422  Pantalla: Alfanum\u00e9rica 2 x 16  &nbsp;\" \/>\n<meta property=\"og:url\" content=\"https:\/\/agrologic.com\/product-catalog\/feedtronic-1001-a\/\" \/>\n<meta property=\"og:site_name\" content=\"Agrologic Ltd - poultry farming and pig raising\" \/>\n<meta property=\"article:modified_time\" content=\"2016-03-29T09:56:26+00:00\" \/>\n<meta property=\"og:image\" content=\"https:\/\/agrologic.com\/wp-content\/uploads\/2015\/12\/FeedTronic-1001-front.png\" \/>\n\t<meta property=\"og:image:width\" content=\"800\" \/>\n\t<meta property=\"og:image:height\" content=\"800\" \/>\n\t<meta property=\"og:image:type\" content=\"image\/png\" \/>\n<meta name=\"twitter:card\" content=\"summary_large_image\" \/>\n<script type=\"application\/ld+json\" class=\"yoast-schema-graph\">{\"@context\":\"https:\/\/schema.org\",\"@graph\":[{\"@type\":\"WebPage\",\"@id\":\"https:\/\/agrologic.com\/product-catalog\/feedtronic-1001-a\/\",\"url\":\"https:\/\/agrologic.com\/product-catalog\/feedtronic-1001-a\/\",\"name\":\"FeedTronic 1001-A - Agrologic Ltd - poultry farming and pig raising\",\"isPartOf\":{\"@id\":\"https:\/\/agrologic.com\/#website\"},\"primaryImageOfPage\":{\"@id\":\"https:\/\/agrologic.com\/product-catalog\/feedtronic-1001-a\/#primaryimage\"},\"image\":{\"@id\":\"https:\/\/agrologic.com\/product-catalog\/feedtronic-1001-a\/#primaryimage\"},\"thumbnailUrl\":\"https:\/\/agrologic.com\/wp-content\/uploads\/2015\/12\/FeedTronic-1001-front.png\",\"datePublished\":\"2016-01-07T11:27:17+00:00\",\"dateModified\":\"2016-03-29T09:56:26+00:00\",\"breadcrumb\":{\"@id\":\"https:\/\/agrologic.com\/product-catalog\/feedtronic-1001-a\/#breadcrumb\"},\"inLanguage\":\"es\",\"potentialAction\":[{\"@type\":\"ReadAction\",\"target\":[\"https:\/\/agrologic.com\/product-catalog\/feedtronic-1001-a\/\"]}]},{\"@type\":\"ImageObject\",\"inLanguage\":\"es\",\"@id\":\"https:\/\/agrologic.com\/product-catalog\/feedtronic-1001-a\/#primaryimage\",\"url\":\"https:\/\/agrologic.com\/wp-content\/uploads\/2015\/12\/FeedTronic-1001-front.png\",\"contentUrl\":\"https:\/\/agrologic.com\/wp-content\/uploads\/2015\/12\/FeedTronic-1001-front.png\",\"width\":800,\"height\":800},{\"@type\":\"BreadcrumbList\",\"@id\":\"https:\/\/agrologic.com\/product-catalog\/feedtronic-1001-a\/#breadcrumb\",\"itemListElement\":[{\"@type\":\"ListItem\",\"position\":1,\"name\":\"Home\",\"item\":\"https:\/\/agrologic.com\/es\/\"},{\"@type\":\"ListItem\",\"position\":2,\"name\":\"productos\",\"item\":\"https:\/\/agrologic.com\/productos\/\"},{\"@type\":\"ListItem\",\"position\":3,\"name\":\"FeedTronic 1001-A\"}]},{\"@type\":\"WebSite\",\"@id\":\"https:\/\/agrologic.com\/#website\",\"url\":\"https:\/\/agrologic.com\/\",\"name\":\"Agrologic Ltd - poultry farming and pig raising\",\"description\":\"\",\"potentialAction\":[{\"@type\":\"SearchAction\",\"target\":{\"@type\":\"EntryPoint\",\"urlTemplate\":\"https:\/\/agrologic.com\/?s={search_term_string}\"},\"query-input\":{\"@type\":\"PropertyValueSpecification\",\"valueRequired\":true,\"valueName\":\"search_term_string\"}}],\"inLanguage\":\"es\"}]}<\/script>\n<!-- \/ Yoast SEO plugin. -->","yoast_head_json":{"title":"FeedTronic 1001-A - Agrologic Ltd - poultry farming and pig raising","robots":{"index":"index","follow":"follow","max-snippet":"max-snippet:-1","max-image-preview":"max-image-preview:large","max-video-preview":"max-video-preview:-1"},"canonical":"https:\/\/agrologic.com\/product-catalog\/feedtronic-1001-a\/","og_locale":"es_ES","og_type":"article","og_title":"FeedTronic 1001-A - Agrologic Ltd - poultry farming and pig raising","og_description":"FeedTronic 1001-A es un sistema electr\u00f3nico de peso de alimento con alta flexibilidad, poder y exactitud dise\u00f1ado especialmente para la crianza de reproductoras y pollitas donde el control exacto sobre alimentaci\u00f3n restrictiva es indispensable. De mucha flexibilidad y facilidad de uso, puede ser programado para proporcionar distintas cantidades de alimento a cada tolva. Proporcionando hasta 64 cantidades distintas restrictivas en 64 tiempos distintos predeterminados, puede distribuir distintas cantidades de alimento para gallinas machos y hembras de dos silos diferentes hasta 15 tolvas diferentes. Un reloj interno comienza en un momento predeterminado y distribuye la cantidad deseada a cada tolva. Usando su minutero de prendido\/apagado, puede operara varias l\u00ednea de alimentaci\u00f3n hasta 8 veces al d\u00eda.  La unidad muestra la cantidad total diaria de alimento por tolva, junto con el consumo total del reba\u00f1o. En caso de mal funcionamiento o un silo vac\u00edo, la unidad detendr\u00e1 al motor de barrena y activar\u00e1 el alarma interno. Su programa interno de calibraci\u00f3n muestra toda la informaci\u00f3n que puede ser cambiada con el uso del teclado.  FeedTronic 1001-A viene en dos tipos, un programa para hasta 5 tolvas u otro hasta 15 tolvas  &nbsp;  Especificaciones t\u00e9cnicas:  Alimentaci\u00f3n el\u00e9ctrica: 220V, 50\/60Hz  Lote por peso: 5 Kg - 20 Kg  Alimentaci\u00f3n restrictiva: 5 Kg - 9999 Kg  Capacidad por hora: 3600 Kg  Exactitud: 0.5%  C\u00e9lula de carga: 70Kg  Peso del sistema: 12 Kg  Entrada y salida: Serial RS 422  Pantalla: Alfanum\u00e9rica 2 x 16  &nbsp;","og_url":"https:\/\/agrologic.com\/product-catalog\/feedtronic-1001-a\/","og_site_name":"Agrologic Ltd - poultry farming and pig raising","article_modified_time":"2016-03-29T09:56:26+00:00","og_image":[{"width":800,"height":800,"url":"https:\/\/agrologic.com\/wp-content\/uploads\/2015\/12\/FeedTronic-1001-front.png","type":"image\/png"}],"twitter_card":"summary_large_image","schema":{"@context":"https:\/\/schema.org","@graph":[{"@type":"WebPage","@id":"https:\/\/agrologic.com\/product-catalog\/feedtronic-1001-a\/","url":"https:\/\/agrologic.com\/product-catalog\/feedtronic-1001-a\/","name":"FeedTronic 1001-A - Agrologic Ltd - poultry farming and pig raising","isPartOf":{"@id":"https:\/\/agrologic.com\/#website"},"primaryImageOfPage":{"@id":"https:\/\/agrologic.com\/product-catalog\/feedtronic-1001-a\/#primaryimage"},"image":{"@id":"https:\/\/agrologic.com\/product-catalog\/feedtronic-1001-a\/#primaryimage"},"thumbnailUrl":"https:\/\/agrologic.com\/wp-content\/uploads\/2015\/12\/FeedTronic-1001-front.png","datePublished":"2016-01-07T11:27:17+00:00","dateModified":"2016-03-29T09:56:26+00:00","breadcrumb":{"@id":"https:\/\/agrologic.com\/product-catalog\/feedtronic-1001-a\/#breadcrumb"},"inLanguage":"es","potentialAction":[{"@type":"ReadAction","target":["https:\/\/agrologic.com\/product-catalog\/feedtronic-1001-a\/"]}]},{"@type":"ImageObject","inLanguage":"es","@id":"https:\/\/agrologic.com\/product-catalog\/feedtronic-1001-a\/#primaryimage","url":"https:\/\/agrologic.com\/wp-content\/uploads\/2015\/12\/FeedTronic-1001-front.png","contentUrl":"https:\/\/agrologic.com\/wp-content\/uploads\/2015\/12\/FeedTronic-1001-front.png","width":800,"height":800},{"@type":"BreadcrumbList","@id":"https:\/\/agrologic.com\/product-catalog\/feedtronic-1001-a\/#breadcrumb","itemListElement":[{"@type":"ListItem","position":1,"name":"Home","item":"https:\/\/agrologic.com\/es\/"},{"@type":"ListItem","position":2,"name":"productos","item":"https:\/\/agrologic.com\/productos\/"},{"@type":"ListItem","position":3,"name":"FeedTronic 1001-A"}]},{"@type":"WebSite","@id":"https:\/\/agrologic.com\/#website","url":"https:\/\/agrologic.com\/","name":"Agrologic Ltd - poultry farming and pig raising","description":"","potentialAction":[{"@type":"SearchAction","target":{"@type":"EntryPoint","urlTemplate":"https:\/\/agrologic.com\/?s={search_term_string}"},"query-input":{"@type":"PropertyValueSpecification","valueRequired":true,"valueName":"search_term_string"}}],"inLanguage":"es"}]}},"_links":{"self":[{"href":"https:\/\/agrologic.com\/es\/wp-json\/wp\/v2\/product\/1620","targetHints":{"allow":["GET"]}}],"collection":[{"href":"https:\/\/agrologic.com\/es\/wp-json\/wp\/v2\/product"}],"about":[{"href":"https:\/\/agrologic.com\/es\/wp-json\/wp\/v2\/types\/product"}],"wp:featuredmedia":[{"embeddable":true,"href":"https:\/\/agrologic.com\/es\/wp-json\/wp\/v2\/media\/992"}],"wp:attachment":[{"href":"https:\/\/agrologic.com\/es\/wp-json\/wp\/v2\/media?parent=1620"}],"wp:term":[{"taxonomy":"product_brand","embeddable":true,"href":"https:\/\/agrologic.com\/es\/wp-json\/wp\/v2\/product_brand?post=1620"},{"taxonomy":"product_cat","embeddable":true,"href":"https:\/\/agrologic.com\/es\/wp-json\/wp\/v2\/product_cat?post=1620"},{"taxonomy":"product_tag","embeddable":true,"href":"https:\/\/agrologic.com\/es\/wp-json\/wp\/v2\/product_tag?post=1620"}],"curies":[{"name":"wp","href":"https:\/\/api.w.org\/{rel}","templated":true}]}}