{"id":1596,"date":"2016-01-06T12:37:59","date_gmt":"2016-01-06T12:37:59","guid":{"rendered":"https:\/\/agrologic.com\/es\/product-catalog-es\/temptron-610-2\/"},"modified":"2016-01-07T11:00:58","modified_gmt":"2016-01-07T11:00:58","slug":"temptron-610-2","status":"publish","type":"product","link":"https:\/\/agrologic.com\/es\/product-catalog\/temptron-610-2\/","title":{"rendered":"TempTron 610"},"content":{"rendered":"","protected":false},"excerpt":{"rendered":"<p><strong>TempTron 610 es un controlador de f\u00e1cil uso con 10 salidas dise\u00f1ado espec\u00edficamente para gallineros con ventilaci\u00f3n de t\u00fanel. Contiene 6 entradas an\u00e1logas para sensores de temperatura, humedad y presi\u00f3n est\u00e1tica, y 4 entradas digitales para agua, registros de alimento y retroalimentaci\u00f3n de solapas de ensenada\/ventilador. La calefacci\u00f3n y ventilaci\u00f3n se regulan seg\u00fan la edad y tama\u00f1o de las aves. La unidad tambi\u00e9n incluye reducci\u00f3n autom\u00e1tica de temperatura y curvas de incremento de peso.<br \/>\nEl manejo central se lleva a cabo desde cualquier PC utilizando el programa WebChick o a trav\u00e9s del alarma celular Cellink accedido desde cualquier dispositivo conectado al Internet.<\/strong><\/p>\n<p>TempTron 610 puede ser pedido en varias versiones est\u00e1ndares, o como producto OEM con un programa dise\u00f1ado de manera espec\u00edfica.<\/p>\n<p>Especificaciones t\u00e9cnicas:<br \/>\nAlimentaci\u00f3n el\u00e9ctrica: 115\/230VAC<br \/>\nEntradas: 6 entradas an\u00e1logas para sensores de temperatura, humedad (0-10V) y sensor de presi\u00f3n (0-10V).<br \/>\n4 entradas digitales<br \/>\nSalidas: 10 cambios secos sobre contacto m\u00e1x. 230V\/2A<br \/>\n2 (0-10V) salidas<br \/>\nPantalla: 6 d\u00edgitos 7 segmentos<br \/>\nExactitud: +\/- 0.2\u00b0C (+\/- 0.3\u00b0F)<br \/>\nMemoria: memoria no borrable en caso de corte de energ\u00eda<br \/>\nCaja: IP 55<\/p>\n<p>&nbsp;<\/p>\n","protected":false},"featured_media":1100,"template":"","meta":{"_acf_changed":false},"product_brand":[],"product_cat":[38],"product_tag":[34],"class_list":{"0":"post-1596","1":"product","2":"type-product","3":"status-publish","4":"has-post-thumbnail","6":"product_cat-climate-controllers-es","7":"product_tag-poultry-es","9":"first","10":"instock","11":"shipping-taxable","12":"product-type-simple"},"acf":[],"yoast_head":"<!-- This site is optimized with the Yoast SEO plugin v25.2 - https:\/\/yoast.com\/wordpress\/plugins\/seo\/ -->\n<title>TempTron 610 - Agrologic Ltd - poultry farming and pig raising<\/title>\n<meta name=\"robots\" content=\"index, follow, max-snippet:-1, max-image-preview:large, max-video-preview:-1\" \/>\n<link rel=\"canonical\" href=\"https:\/\/agrologic.com\/product-catalog\/temptron-610-2\/\" \/>\n<meta property=\"og:locale\" content=\"es_ES\" \/>\n<meta property=\"og:type\" content=\"article\" \/>\n<meta property=\"og:title\" content=\"TempTron 610 - Agrologic Ltd - poultry farming and pig raising\" \/>\n<meta property=\"og:description\" content=\"TempTron 610 es un controlador de f\u00e1cil uso con 10 salidas dise\u00f1ado espec\u00edficamente para gallineros con ventilaci\u00f3n de t\u00fanel. Contiene 6 entradas an\u00e1logas para sensores de temperatura, humedad y presi\u00f3n est\u00e1tica, y 4 entradas digitales para agua, registros de alimento y retroalimentaci\u00f3n de solapas de ensenada\/ventilador. La calefacci\u00f3n y ventilaci\u00f3n se regulan seg\u00fan la edad y tama\u00f1o de las aves. La unidad tambi\u00e9n incluye reducci\u00f3n autom\u00e1tica de temperatura y curvas de incremento de peso. El manejo central se lleva a cabo desde cualquier PC utilizando el programa WebChick o a trav\u00e9s del alarma celular Cellink accedido desde cualquier dispositivo conectado al Internet.  TempTron 610 puede ser pedido en varias versiones est\u00e1ndares, o como producto OEM con un programa dise\u00f1ado de manera espec\u00edfica.  Especificaciones t\u00e9cnicas: Alimentaci\u00f3n el\u00e9ctrica: 115\/230VAC Entradas: 6 entradas an\u00e1logas para sensores de temperatura, humedad (0-10V) y sensor de presi\u00f3n (0-10V). 4 entradas digitales Salidas: 10 cambios secos sobre contacto m\u00e1x. 230V\/2A 2 (0-10V) salidas Pantalla: 6 d\u00edgitos 7 segmentos Exactitud: +\/- 0.2\u00b0C (+\/- 0.3\u00b0F) Memoria: memoria no borrable en caso de corte de energ\u00eda Caja: IP 55  &nbsp;\" \/>\n<meta property=\"og:url\" content=\"https:\/\/agrologic.com\/product-catalog\/temptron-610-2\/\" \/>\n<meta property=\"og:site_name\" content=\"Agrologic Ltd - poultry farming and pig raising\" \/>\n<meta property=\"article:modified_time\" content=\"2016-01-07T11:00:58+00:00\" \/>\n<meta property=\"og:image\" content=\"https:\/\/agrologic.com\/wp-content\/uploads\/2015\/12\/Temptron-610-fr.png\" \/>\n\t<meta property=\"og:image:width\" content=\"800\" \/>\n\t<meta property=\"og:image:height\" content=\"800\" \/>\n\t<meta property=\"og:image:type\" content=\"image\/png\" \/>\n<meta name=\"twitter:card\" content=\"summary_large_image\" \/>\n<script type=\"application\/ld+json\" class=\"yoast-schema-graph\">{\"@context\":\"https:\/\/schema.org\",\"@graph\":[{\"@type\":\"WebPage\",\"@id\":\"https:\/\/agrologic.com\/product-catalog\/temptron-610-2\/\",\"url\":\"https:\/\/agrologic.com\/product-catalog\/temptron-610-2\/\",\"name\":\"TempTron 610 - Agrologic Ltd - poultry farming and pig raising\",\"isPartOf\":{\"@id\":\"https:\/\/agrologic.com\/#website\"},\"primaryImageOfPage\":{\"@id\":\"https:\/\/agrologic.com\/product-catalog\/temptron-610-2\/#primaryimage\"},\"image\":{\"@id\":\"https:\/\/agrologic.com\/product-catalog\/temptron-610-2\/#primaryimage\"},\"thumbnailUrl\":\"https:\/\/agrologic.com\/wp-content\/uploads\/2015\/12\/Temptron-610-fr.png\",\"datePublished\":\"2016-01-06T12:37:59+00:00\",\"dateModified\":\"2016-01-07T11:00:58+00:00\",\"breadcrumb\":{\"@id\":\"https:\/\/agrologic.com\/product-catalog\/temptron-610-2\/#breadcrumb\"},\"inLanguage\":\"es\",\"potentialAction\":[{\"@type\":\"ReadAction\",\"target\":[\"https:\/\/agrologic.com\/product-catalog\/temptron-610-2\/\"]}]},{\"@type\":\"ImageObject\",\"inLanguage\":\"es\",\"@id\":\"https:\/\/agrologic.com\/product-catalog\/temptron-610-2\/#primaryimage\",\"url\":\"https:\/\/agrologic.com\/wp-content\/uploads\/2015\/12\/Temptron-610-fr.png\",\"contentUrl\":\"https:\/\/agrologic.com\/wp-content\/uploads\/2015\/12\/Temptron-610-fr.png\",\"width\":800,\"height\":800},{\"@type\":\"BreadcrumbList\",\"@id\":\"https:\/\/agrologic.com\/product-catalog\/temptron-610-2\/#breadcrumb\",\"itemListElement\":[{\"@type\":\"ListItem\",\"position\":1,\"name\":\"Home\",\"item\":\"https:\/\/agrologic.com\/es\/\"},{\"@type\":\"ListItem\",\"position\":2,\"name\":\"productos\",\"item\":\"https:\/\/agrologic.com\/productos\/\"},{\"@type\":\"ListItem\",\"position\":3,\"name\":\"TempTron 610\"}]},{\"@type\":\"WebSite\",\"@id\":\"https:\/\/agrologic.com\/#website\",\"url\":\"https:\/\/agrologic.com\/\",\"name\":\"Agrologic Ltd - poultry farming and pig raising\",\"description\":\"\",\"potentialAction\":[{\"@type\":\"SearchAction\",\"target\":{\"@type\":\"EntryPoint\",\"urlTemplate\":\"https:\/\/agrologic.com\/?s={search_term_string}\"},\"query-input\":{\"@type\":\"PropertyValueSpecification\",\"valueRequired\":true,\"valueName\":\"search_term_string\"}}],\"inLanguage\":\"es\"}]}<\/script>\n<!-- \/ Yoast SEO plugin. -->","yoast_head_json":{"title":"TempTron 610 - Agrologic Ltd - poultry farming and pig raising","robots":{"index":"index","follow":"follow","max-snippet":"max-snippet:-1","max-image-preview":"max-image-preview:large","max-video-preview":"max-video-preview:-1"},"canonical":"https:\/\/agrologic.com\/product-catalog\/temptron-610-2\/","og_locale":"es_ES","og_type":"article","og_title":"TempTron 610 - Agrologic Ltd - poultry farming and pig raising","og_description":"TempTron 610 es un controlador de f\u00e1cil uso con 10 salidas dise\u00f1ado espec\u00edficamente para gallineros con ventilaci\u00f3n de t\u00fanel. Contiene 6 entradas an\u00e1logas para sensores de temperatura, humedad y presi\u00f3n est\u00e1tica, y 4 entradas digitales para agua, registros de alimento y retroalimentaci\u00f3n de solapas de ensenada\/ventilador. La calefacci\u00f3n y ventilaci\u00f3n se regulan seg\u00fan la edad y tama\u00f1o de las aves. La unidad tambi\u00e9n incluye reducci\u00f3n autom\u00e1tica de temperatura y curvas de incremento de peso. El manejo central se lleva a cabo desde cualquier PC utilizando el programa WebChick o a trav\u00e9s del alarma celular Cellink accedido desde cualquier dispositivo conectado al Internet.  TempTron 610 puede ser pedido en varias versiones est\u00e1ndares, o como producto OEM con un programa dise\u00f1ado de manera espec\u00edfica.  Especificaciones t\u00e9cnicas: Alimentaci\u00f3n el\u00e9ctrica: 115\/230VAC Entradas: 6 entradas an\u00e1logas para sensores de temperatura, humedad (0-10V) y sensor de presi\u00f3n (0-10V). 4 entradas digitales Salidas: 10 cambios secos sobre contacto m\u00e1x. 230V\/2A 2 (0-10V) salidas Pantalla: 6 d\u00edgitos 7 segmentos Exactitud: +\/- 0.2\u00b0C (+\/- 0.3\u00b0F) Memoria: memoria no borrable en caso de corte de energ\u00eda Caja: IP 55  &nbsp;","og_url":"https:\/\/agrologic.com\/product-catalog\/temptron-610-2\/","og_site_name":"Agrologic Ltd - poultry farming and pig raising","article_modified_time":"2016-01-07T11:00:58+00:00","og_image":[{"width":800,"height":800,"url":"https:\/\/agrologic.com\/wp-content\/uploads\/2015\/12\/Temptron-610-fr.png","type":"image\/png"}],"twitter_card":"summary_large_image","schema":{"@context":"https:\/\/schema.org","@graph":[{"@type":"WebPage","@id":"https:\/\/agrologic.com\/product-catalog\/temptron-610-2\/","url":"https:\/\/agrologic.com\/product-catalog\/temptron-610-2\/","name":"TempTron 610 - Agrologic Ltd - poultry farming and pig raising","isPartOf":{"@id":"https:\/\/agrologic.com\/#website"},"primaryImageOfPage":{"@id":"https:\/\/agrologic.com\/product-catalog\/temptron-610-2\/#primaryimage"},"image":{"@id":"https:\/\/agrologic.com\/product-catalog\/temptron-610-2\/#primaryimage"},"thumbnailUrl":"https:\/\/agrologic.com\/wp-content\/uploads\/2015\/12\/Temptron-610-fr.png","datePublished":"2016-01-06T12:37:59+00:00","dateModified":"2016-01-07T11:00:58+00:00","breadcrumb":{"@id":"https:\/\/agrologic.com\/product-catalog\/temptron-610-2\/#breadcrumb"},"inLanguage":"es","potentialAction":[{"@type":"ReadAction","target":["https:\/\/agrologic.com\/product-catalog\/temptron-610-2\/"]}]},{"@type":"ImageObject","inLanguage":"es","@id":"https:\/\/agrologic.com\/product-catalog\/temptron-610-2\/#primaryimage","url":"https:\/\/agrologic.com\/wp-content\/uploads\/2015\/12\/Temptron-610-fr.png","contentUrl":"https:\/\/agrologic.com\/wp-content\/uploads\/2015\/12\/Temptron-610-fr.png","width":800,"height":800},{"@type":"BreadcrumbList","@id":"https:\/\/agrologic.com\/product-catalog\/temptron-610-2\/#breadcrumb","itemListElement":[{"@type":"ListItem","position":1,"name":"Home","item":"https:\/\/agrologic.com\/es\/"},{"@type":"ListItem","position":2,"name":"productos","item":"https:\/\/agrologic.com\/productos\/"},{"@type":"ListItem","position":3,"name":"TempTron 610"}]},{"@type":"WebSite","@id":"https:\/\/agrologic.com\/#website","url":"https:\/\/agrologic.com\/","name":"Agrologic Ltd - poultry farming and pig raising","description":"","potentialAction":[{"@type":"SearchAction","target":{"@type":"EntryPoint","urlTemplate":"https:\/\/agrologic.com\/?s={search_term_string}"},"query-input":{"@type":"PropertyValueSpecification","valueRequired":true,"valueName":"search_term_string"}}],"inLanguage":"es"}]}},"_links":{"self":[{"href":"https:\/\/agrologic.com\/es\/wp-json\/wp\/v2\/product\/1596","targetHints":{"allow":["GET"]}}],"collection":[{"href":"https:\/\/agrologic.com\/es\/wp-json\/wp\/v2\/product"}],"about":[{"href":"https:\/\/agrologic.com\/es\/wp-json\/wp\/v2\/types\/product"}],"wp:featuredmedia":[{"embeddable":true,"href":"https:\/\/agrologic.com\/es\/wp-json\/wp\/v2\/media\/1100"}],"wp:attachment":[{"href":"https:\/\/agrologic.com\/es\/wp-json\/wp\/v2\/media?parent=1596"}],"wp:term":[{"taxonomy":"product_brand","embeddable":true,"href":"https:\/\/agrologic.com\/es\/wp-json\/wp\/v2\/product_brand?post=1596"},{"taxonomy":"product_cat","embeddable":true,"href":"https:\/\/agrologic.com\/es\/wp-json\/wp\/v2\/product_cat?post=1596"},{"taxonomy":"product_tag","embeddable":true,"href":"https:\/\/agrologic.com\/es\/wp-json\/wp\/v2\/product_tag?post=1596"}],"curies":[{"name":"wp","href":"https:\/\/api.w.org\/{rel}","templated":true}]}}