{"id":1356,"date":"2015-12-21T11:30:09","date_gmt":"2015-12-21T11:30:09","guid":{"rendered":"https:\/\/agrologic.com\/es\/product-catalog\/pigtronic-700\/"},"modified":"2016-03-29T06:58:47","modified_gmt":"2016-03-29T06:58:47","slug":"pigtronic-700","status":"publish","type":"product","link":"https:\/\/agrologic.com\/es\/product-catalog\/pigtronic-700\/","title":{"rendered":"PigTronic 700"},"content":{"rendered":"","protected":false},"excerpt":{"rendered":"<p><strong><u>PigTronic 500<\/u><\/strong><\/p>\n<p>PigTronic 500 s un controlador simple pero muy productivo de clima con 5 salidas dise\u00f1ado para la crianza porcina. Ocnteola ventiladores, calentadores, sistemas de enfriamiento y solapas, y tiene un controlador integrado de velocidad variable de ventiladores 10\/20 Amp. Todas las operaciones son manejadas seg\u00fan los preestablecidos.<\/p>\n<p>La unidad se puede manejar desde cualquier PC y controlada de manera remota con cualquier tel\u00e9fono inteligente o tablet utilizando Cellink Disponible en varias versiones est\u00e1ndares o como un producto OEM.<\/p>\n<p>Especificaciones t\u00e9cnicas:<\/p>\n<p>Alimentaci\u00f3n el\u00e9ctrica: 230V<\/p>\n<p>Entradas: 2 entradas an\u00e1logas<\/p>\n<p>Salidas:\u00a07 cambios secos sobre contacto m\u00e1x. 230V\/2Amp<\/p>\n<p>1 (0-10V) salida.<\/p>\n<p>1 (0-230VAC) salida<\/p>\n<p>Pantalla: 4 d\u00edgitos 7 segmentos<\/p>\n<p>Exactitud: +\/- 0.2\u00b0C (+\/- 0.3\u00b0F)<\/p>\n<p>Memoria: Memoria con protecci\u00f3n contra corte de energ\u00eda y respaldo<\/p>\n<p>&nbsp;<\/p>\n<p>&nbsp;<\/p>\n<p>&nbsp;<\/p>\n<p dir=\"RTL\"><span dir=\"LTR\"><span style=\"color: #000000; font-family: Calibri;\">\u00a0<\/span><\/span><\/p>\n","protected":false},"featured_media":2077,"template":"","meta":{"_acf_changed":false},"product_brand":[],"product_cat":[38],"product_tag":[36],"class_list":{"0":"post-1356","1":"product","2":"type-product","3":"status-publish","4":"has-post-thumbnail","6":"product_cat-climate-controllers-es","7":"product_tag-swine-es","9":"first","10":"instock","11":"shipping-taxable","12":"product-type-simple"},"acf":[],"yoast_head":"<!-- This site is optimized with the Yoast SEO plugin v25.2 - https:\/\/yoast.com\/wordpress\/plugins\/seo\/ -->\n<title>PigTronic 700 - Agrologic Ltd - poultry farming and pig raising<\/title>\n<meta name=\"robots\" content=\"index, follow, max-snippet:-1, max-image-preview:large, max-video-preview:-1\" \/>\n<link rel=\"canonical\" href=\"https:\/\/agrologic.com\/product-catalog\/pigtronic-700\/\" \/>\n<meta property=\"og:locale\" content=\"es_ES\" \/>\n<meta property=\"og:type\" content=\"article\" \/>\n<meta property=\"og:title\" content=\"PigTronic 700 - Agrologic Ltd - poultry farming and pig raising\" \/>\n<meta property=\"og:description\" content=\"PigTronic 500  PigTronic 500 s un controlador simple pero muy productivo de clima con 5 salidas dise\u00f1ado para la crianza porcina. Ocnteola ventiladores, calentadores, sistemas de enfriamiento y solapas, y tiene un controlador integrado de velocidad variable de ventiladores 10\/20 Amp. Todas las operaciones son manejadas seg\u00fan los preestablecidos.  La unidad se puede manejar desde cualquier PC y controlada de manera remota con cualquier tel\u00e9fono inteligente o tablet utilizando Cellink Disponible en varias versiones est\u00e1ndares o como un producto OEM.  Especificaciones t\u00e9cnicas:  Alimentaci\u00f3n el\u00e9ctrica: 230V  Entradas: 2 entradas an\u00e1logas  Salidas:\u00a07 cambios secos sobre contacto m\u00e1x. 230V\/2Amp  1 (0-10V) salida.  1 (0-230VAC) salida  Pantalla: 4 d\u00edgitos 7 segmentos  Exactitud: +\/- 0.2\u00b0C (+\/- 0.3\u00b0F)  Memoria: Memoria con protecci\u00f3n contra corte de energ\u00eda y respaldo  &nbsp;  &nbsp;  &nbsp; \u00a0\" \/>\n<meta property=\"og:url\" content=\"https:\/\/agrologic.com\/product-catalog\/pigtronic-700\/\" \/>\n<meta property=\"og:site_name\" content=\"Agrologic Ltd - poultry farming and pig raising\" \/>\n<meta property=\"article:modified_time\" content=\"2016-03-29T06:58:47+00:00\" \/>\n<meta property=\"og:image\" content=\"https:\/\/agrologic.com\/wp-content\/uploads\/2015\/12\/pigtronic_700_a-Custom.png\" \/>\n\t<meta property=\"og:image:width\" content=\"800\" \/>\n\t<meta property=\"og:image:height\" content=\"533\" \/>\n\t<meta property=\"og:image:type\" content=\"image\/png\" \/>\n<meta name=\"twitter:card\" content=\"summary_large_image\" \/>\n<script type=\"application\/ld+json\" class=\"yoast-schema-graph\">{\"@context\":\"https:\/\/schema.org\",\"@graph\":[{\"@type\":\"WebPage\",\"@id\":\"https:\/\/agrologic.com\/product-catalog\/pigtronic-700\/\",\"url\":\"https:\/\/agrologic.com\/product-catalog\/pigtronic-700\/\",\"name\":\"PigTronic 700 - Agrologic Ltd - poultry farming and pig raising\",\"isPartOf\":{\"@id\":\"https:\/\/agrologic.com\/#website\"},\"primaryImageOfPage\":{\"@id\":\"https:\/\/agrologic.com\/product-catalog\/pigtronic-700\/#primaryimage\"},\"image\":{\"@id\":\"https:\/\/agrologic.com\/product-catalog\/pigtronic-700\/#primaryimage\"},\"thumbnailUrl\":\"https:\/\/agrologic.com\/wp-content\/uploads\/2015\/12\/pigtronic_700_a-Custom.png\",\"datePublished\":\"2015-12-21T11:30:09+00:00\",\"dateModified\":\"2016-03-29T06:58:47+00:00\",\"breadcrumb\":{\"@id\":\"https:\/\/agrologic.com\/product-catalog\/pigtronic-700\/#breadcrumb\"},\"inLanguage\":\"es\",\"potentialAction\":[{\"@type\":\"ReadAction\",\"target\":[\"https:\/\/agrologic.com\/product-catalog\/pigtronic-700\/\"]}]},{\"@type\":\"ImageObject\",\"inLanguage\":\"es\",\"@id\":\"https:\/\/agrologic.com\/product-catalog\/pigtronic-700\/#primaryimage\",\"url\":\"https:\/\/agrologic.com\/wp-content\/uploads\/2015\/12\/pigtronic_700_a-Custom.png\",\"contentUrl\":\"https:\/\/agrologic.com\/wp-content\/uploads\/2015\/12\/pigtronic_700_a-Custom.png\",\"width\":800,\"height\":533},{\"@type\":\"BreadcrumbList\",\"@id\":\"https:\/\/agrologic.com\/product-catalog\/pigtronic-700\/#breadcrumb\",\"itemListElement\":[{\"@type\":\"ListItem\",\"position\":1,\"name\":\"Home\",\"item\":\"https:\/\/agrologic.com\/es\/\"},{\"@type\":\"ListItem\",\"position\":2,\"name\":\"productos\",\"item\":\"https:\/\/agrologic.com\/productos\/\"},{\"@type\":\"ListItem\",\"position\":3,\"name\":\"PigTronic 700\"}]},{\"@type\":\"WebSite\",\"@id\":\"https:\/\/agrologic.com\/#website\",\"url\":\"https:\/\/agrologic.com\/\",\"name\":\"Agrologic Ltd - poultry farming and pig raising\",\"description\":\"\",\"potentialAction\":[{\"@type\":\"SearchAction\",\"target\":{\"@type\":\"EntryPoint\",\"urlTemplate\":\"https:\/\/agrologic.com\/?s={search_term_string}\"},\"query-input\":{\"@type\":\"PropertyValueSpecification\",\"valueRequired\":true,\"valueName\":\"search_term_string\"}}],\"inLanguage\":\"es\"}]}<\/script>\n<!-- \/ Yoast SEO plugin. -->","yoast_head_json":{"title":"PigTronic 700 - Agrologic Ltd - poultry farming and pig raising","robots":{"index":"index","follow":"follow","max-snippet":"max-snippet:-1","max-image-preview":"max-image-preview:large","max-video-preview":"max-video-preview:-1"},"canonical":"https:\/\/agrologic.com\/product-catalog\/pigtronic-700\/","og_locale":"es_ES","og_type":"article","og_title":"PigTronic 700 - Agrologic Ltd - poultry farming and pig raising","og_description":"PigTronic 500  PigTronic 500 s un controlador simple pero muy productivo de clima con 5 salidas dise\u00f1ado para la crianza porcina. Ocnteola ventiladores, calentadores, sistemas de enfriamiento y solapas, y tiene un controlador integrado de velocidad variable de ventiladores 10\/20 Amp. Todas las operaciones son manejadas seg\u00fan los preestablecidos.  La unidad se puede manejar desde cualquier PC y controlada de manera remota con cualquier tel\u00e9fono inteligente o tablet utilizando Cellink Disponible en varias versiones est\u00e1ndares o como un producto OEM.  Especificaciones t\u00e9cnicas:  Alimentaci\u00f3n el\u00e9ctrica: 230V  Entradas: 2 entradas an\u00e1logas  Salidas:\u00a07 cambios secos sobre contacto m\u00e1x. 230V\/2Amp  1 (0-10V) salida.  1 (0-230VAC) salida  Pantalla: 4 d\u00edgitos 7 segmentos  Exactitud: +\/- 0.2\u00b0C (+\/- 0.3\u00b0F)  Memoria: Memoria con protecci\u00f3n contra corte de energ\u00eda y respaldo  &nbsp;  &nbsp;  &nbsp; \u00a0","og_url":"https:\/\/agrologic.com\/product-catalog\/pigtronic-700\/","og_site_name":"Agrologic Ltd - poultry farming and pig raising","article_modified_time":"2016-03-29T06:58:47+00:00","og_image":[{"width":800,"height":533,"url":"https:\/\/agrologic.com\/wp-content\/uploads\/2015\/12\/pigtronic_700_a-Custom.png","type":"image\/png"}],"twitter_card":"summary_large_image","schema":{"@context":"https:\/\/schema.org","@graph":[{"@type":"WebPage","@id":"https:\/\/agrologic.com\/product-catalog\/pigtronic-700\/","url":"https:\/\/agrologic.com\/product-catalog\/pigtronic-700\/","name":"PigTronic 700 - Agrologic Ltd - poultry farming and pig raising","isPartOf":{"@id":"https:\/\/agrologic.com\/#website"},"primaryImageOfPage":{"@id":"https:\/\/agrologic.com\/product-catalog\/pigtronic-700\/#primaryimage"},"image":{"@id":"https:\/\/agrologic.com\/product-catalog\/pigtronic-700\/#primaryimage"},"thumbnailUrl":"https:\/\/agrologic.com\/wp-content\/uploads\/2015\/12\/pigtronic_700_a-Custom.png","datePublished":"2015-12-21T11:30:09+00:00","dateModified":"2016-03-29T06:58:47+00:00","breadcrumb":{"@id":"https:\/\/agrologic.com\/product-catalog\/pigtronic-700\/#breadcrumb"},"inLanguage":"es","potentialAction":[{"@type":"ReadAction","target":["https:\/\/agrologic.com\/product-catalog\/pigtronic-700\/"]}]},{"@type":"ImageObject","inLanguage":"es","@id":"https:\/\/agrologic.com\/product-catalog\/pigtronic-700\/#primaryimage","url":"https:\/\/agrologic.com\/wp-content\/uploads\/2015\/12\/pigtronic_700_a-Custom.png","contentUrl":"https:\/\/agrologic.com\/wp-content\/uploads\/2015\/12\/pigtronic_700_a-Custom.png","width":800,"height":533},{"@type":"BreadcrumbList","@id":"https:\/\/agrologic.com\/product-catalog\/pigtronic-700\/#breadcrumb","itemListElement":[{"@type":"ListItem","position":1,"name":"Home","item":"https:\/\/agrologic.com\/es\/"},{"@type":"ListItem","position":2,"name":"productos","item":"https:\/\/agrologic.com\/productos\/"},{"@type":"ListItem","position":3,"name":"PigTronic 700"}]},{"@type":"WebSite","@id":"https:\/\/agrologic.com\/#website","url":"https:\/\/agrologic.com\/","name":"Agrologic Ltd - poultry farming and pig raising","description":"","potentialAction":[{"@type":"SearchAction","target":{"@type":"EntryPoint","urlTemplate":"https:\/\/agrologic.com\/?s={search_term_string}"},"query-input":{"@type":"PropertyValueSpecification","valueRequired":true,"valueName":"search_term_string"}}],"inLanguage":"es"}]}},"_links":{"self":[{"href":"https:\/\/agrologic.com\/es\/wp-json\/wp\/v2\/product\/1356","targetHints":{"allow":["GET"]}}],"collection":[{"href":"https:\/\/agrologic.com\/es\/wp-json\/wp\/v2\/product"}],"about":[{"href":"https:\/\/agrologic.com\/es\/wp-json\/wp\/v2\/types\/product"}],"wp:featuredmedia":[{"embeddable":true,"href":"https:\/\/agrologic.com\/es\/wp-json\/wp\/v2\/media\/2077"}],"wp:attachment":[{"href":"https:\/\/agrologic.com\/es\/wp-json\/wp\/v2\/media?parent=1356"}],"wp:term":[{"taxonomy":"product_brand","embeddable":true,"href":"https:\/\/agrologic.com\/es\/wp-json\/wp\/v2\/product_brand?post=1356"},{"taxonomy":"product_cat","embeddable":true,"href":"https:\/\/agrologic.com\/es\/wp-json\/wp\/v2\/product_cat?post=1356"},{"taxonomy":"product_tag","embeddable":true,"href":"https:\/\/agrologic.com\/es\/wp-json\/wp\/v2\/product_tag?post=1356"}],"curies":[{"name":"wp","href":"https:\/\/api.w.org\/{rel}","templated":true}]}}