{"id":1350,"date":"2015-11-18T08:58:03","date_gmt":"2015-11-18T08:58:03","guid":{"rendered":"https:\/\/agrologic.com\/es\/product-catalog\/led-lighting\/"},"modified":"2016-03-08T10:32:58","modified_gmt":"2016-03-08T10:32:58","slug":"led-lighting","status":"publish","type":"product","link":"https:\/\/agrologic.com\/es\/product-catalog\/led-lighting\/","title":{"rendered":"Iluminaci\u00f3n LED"},"content":{"rendered":"","protected":false},"excerpt":{"rendered":"<div style=\"text-align: left;\" data-canvas-width=\"773.7692429478798\">\n<p><strong><u>Iluminaci\u00f3n LED<\/u><\/strong><\/p>\n<p><strong>El sistema de iluminaci\u00f3n LumaLogic es el sistema de iluminaci\u00f3n LED m\u00e1s avanzado del mercado para la cr\u00eda de pollos de engorde y gallinas ponedoras<\/strong>.<\/p>\n<p>El sistema de iluminaci\u00f3n Luma Logic LED es dise\u00f1ado espec\u00edficamente para la industria av\u00edcola. El prop\u00f3sito del sistema Luma Logic es proporcionar el espectro e intensidad de luz adecuada lo cual causar\u00e1;<\/p>\n<ul>\n<li>Aves m\u00e1s tranquilas.<\/li>\n<li>Peso de mercado mayor.<\/li>\n<li>Mortalidad menor.<\/li>\n<li>Mayor eficiencia de alimentaci\u00f3n.<\/li>\n<li>\u00d8 Costos de energ\u00eda del edificio reducidos.<\/li>\n<\/ul>\n<p>Todo esto resulta en mayores ganancias.<\/p>\n<p>La luz LumaLogic LED contiene dos colores distintos, azul y verde para pollos de engorde, blanco y rojo para ponedoras. Cada color puede ser atenuado de 0-100%.<\/p>\n<p>Especificaciones t\u00e9cnicas<strong>:<\/strong><\/p>\n<p>Alimentaci\u00f3n el\u00e9ctrica PO3: voltaje de operaci\u00f3n \u2013 100 hasta 250VAC. 47 hasta 63 Hz.<\/p>\n<p>Consumo de electricidad total a intensidad m\u00e1xima 78W.<\/p>\n<p>Rendimiento: 0-10V<\/p>\n<p>Entrada: 0-10V<\/p>\n<p>&nbsp;<\/p>\n<\/div>\n","protected":false},"featured_media":1790,"template":"","meta":{"_acf_changed":false},"product_brand":[],"product_cat":[69],"product_tag":[34],"class_list":{"0":"post-1350","1":"product","2":"type-product","3":"status-publish","4":"has-post-thumbnail","6":"product_cat-uncategorized","7":"product_tag-poultry-es","9":"first","10":"instock","11":"shipping-taxable","12":"product-type-simple"},"acf":[],"yoast_head":"<!-- This site is optimized with the Yoast SEO plugin v25.2 - https:\/\/yoast.com\/wordpress\/plugins\/seo\/ -->\n<title>Iluminaci\u00f3n LED - Agrologic Ltd - poultry farming and pig raising<\/title>\n<meta name=\"robots\" content=\"index, follow, max-snippet:-1, max-image-preview:large, max-video-preview:-1\" \/>\n<link rel=\"canonical\" href=\"https:\/\/agrologic.com\/product-catalog\/led-lighting\/\" \/>\n<meta property=\"og:locale\" content=\"es_ES\" \/>\n<meta property=\"og:type\" content=\"article\" \/>\n<meta property=\"og:title\" content=\"Iluminaci\u00f3n LED - Agrologic Ltd - poultry farming and pig raising\" \/>\n<meta property=\"og:description\" content=\"Iluminaci\u00f3n LED  El sistema de iluminaci\u00f3n LumaLogic es el sistema de iluminaci\u00f3n LED m\u00e1s avanzado del mercado para la cr\u00eda de pollos de engorde y gallinas ponedoras.  El sistema de iluminaci\u00f3n Luma Logic LED es dise\u00f1ado espec\u00edficamente para la industria av\u00edcola. El prop\u00f3sito del sistema Luma Logic es proporcionar el espectro e intensidad de luz adecuada lo cual causar\u00e1;   Aves m\u00e1s tranquilas.  Peso de mercado mayor.  Mortalidad menor.  Mayor eficiencia de alimentaci\u00f3n.  \u00d8 Costos de energ\u00eda del edificio reducidos.  Todo esto resulta en mayores ganancias.  La luz LumaLogic LED contiene dos colores distintos, azul y verde para pollos de engorde, blanco y rojo para ponedoras. Cada color puede ser atenuado de 0-100%.  Especificaciones t\u00e9cnicas:  Alimentaci\u00f3n el\u00e9ctrica PO3: voltaje de operaci\u00f3n \u2013 100 hasta 250VAC. 47 hasta 63 Hz.  Consumo de electricidad total a intensidad m\u00e1xima 78W.  Rendimiento: 0-10V  Entrada: 0-10V  &nbsp;\" \/>\n<meta property=\"og:url\" content=\"https:\/\/agrologic.com\/product-catalog\/led-lighting\/\" \/>\n<meta property=\"og:site_name\" content=\"Agrologic Ltd - poultry farming and pig raising\" \/>\n<meta property=\"article:modified_time\" content=\"2016-03-08T10:32:58+00:00\" \/>\n<meta property=\"og:image\" content=\"https:\/\/agrologic.com\/wp-content\/uploads\/2015\/11\/Luma-logic-po3-side-front.png\" \/>\n\t<meta property=\"og:image:width\" content=\"800\" \/>\n\t<meta property=\"og:image:height\" content=\"800\" \/>\n\t<meta property=\"og:image:type\" content=\"image\/png\" \/>\n<meta name=\"twitter:card\" content=\"summary_large_image\" \/>\n<script type=\"application\/ld+json\" class=\"yoast-schema-graph\">{\"@context\":\"https:\/\/schema.org\",\"@graph\":[{\"@type\":\"WebPage\",\"@id\":\"https:\/\/agrologic.com\/product-catalog\/led-lighting\/\",\"url\":\"https:\/\/agrologic.com\/product-catalog\/led-lighting\/\",\"name\":\"Iluminaci\u00f3n LED - Agrologic Ltd - poultry farming and pig raising\",\"isPartOf\":{\"@id\":\"https:\/\/agrologic.com\/#website\"},\"primaryImageOfPage\":{\"@id\":\"https:\/\/agrologic.com\/product-catalog\/led-lighting\/#primaryimage\"},\"image\":{\"@id\":\"https:\/\/agrologic.com\/product-catalog\/led-lighting\/#primaryimage\"},\"thumbnailUrl\":\"https:\/\/agrologic.com\/wp-content\/uploads\/2015\/11\/Luma-logic-po3-side-front.png\",\"datePublished\":\"2015-11-18T08:58:03+00:00\",\"dateModified\":\"2016-03-08T10:32:58+00:00\",\"breadcrumb\":{\"@id\":\"https:\/\/agrologic.com\/product-catalog\/led-lighting\/#breadcrumb\"},\"inLanguage\":\"es\",\"potentialAction\":[{\"@type\":\"ReadAction\",\"target\":[\"https:\/\/agrologic.com\/product-catalog\/led-lighting\/\"]}]},{\"@type\":\"ImageObject\",\"inLanguage\":\"es\",\"@id\":\"https:\/\/agrologic.com\/product-catalog\/led-lighting\/#primaryimage\",\"url\":\"https:\/\/agrologic.com\/wp-content\/uploads\/2015\/11\/Luma-logic-po3-side-front.png\",\"contentUrl\":\"https:\/\/agrologic.com\/wp-content\/uploads\/2015\/11\/Luma-logic-po3-side-front.png\",\"width\":800,\"height\":800},{\"@type\":\"BreadcrumbList\",\"@id\":\"https:\/\/agrologic.com\/product-catalog\/led-lighting\/#breadcrumb\",\"itemListElement\":[{\"@type\":\"ListItem\",\"position\":1,\"name\":\"Home\",\"item\":\"https:\/\/agrologic.com\/es\/\"},{\"@type\":\"ListItem\",\"position\":2,\"name\":\"productos\",\"item\":\"https:\/\/agrologic.com\/productos\/\"},{\"@type\":\"ListItem\",\"position\":3,\"name\":\"Iluminaci\u00f3n LED\"}]},{\"@type\":\"WebSite\",\"@id\":\"https:\/\/agrologic.com\/#website\",\"url\":\"https:\/\/agrologic.com\/\",\"name\":\"Agrologic Ltd - poultry farming and pig raising\",\"description\":\"\",\"potentialAction\":[{\"@type\":\"SearchAction\",\"target\":{\"@type\":\"EntryPoint\",\"urlTemplate\":\"https:\/\/agrologic.com\/?s={search_term_string}\"},\"query-input\":{\"@type\":\"PropertyValueSpecification\",\"valueRequired\":true,\"valueName\":\"search_term_string\"}}],\"inLanguage\":\"es\"}]}<\/script>\n<!-- \/ Yoast SEO plugin. -->","yoast_head_json":{"title":"Iluminaci\u00f3n LED - Agrologic Ltd - poultry farming and pig raising","robots":{"index":"index","follow":"follow","max-snippet":"max-snippet:-1","max-image-preview":"max-image-preview:large","max-video-preview":"max-video-preview:-1"},"canonical":"https:\/\/agrologic.com\/product-catalog\/led-lighting\/","og_locale":"es_ES","og_type":"article","og_title":"Iluminaci\u00f3n LED - Agrologic Ltd - poultry farming and pig raising","og_description":"Iluminaci\u00f3n LED  El sistema de iluminaci\u00f3n LumaLogic es el sistema de iluminaci\u00f3n LED m\u00e1s avanzado del mercado para la cr\u00eda de pollos de engorde y gallinas ponedoras.  El sistema de iluminaci\u00f3n Luma Logic LED es dise\u00f1ado espec\u00edficamente para la industria av\u00edcola. El prop\u00f3sito del sistema Luma Logic es proporcionar el espectro e intensidad de luz adecuada lo cual causar\u00e1;   Aves m\u00e1s tranquilas.  Peso de mercado mayor.  Mortalidad menor.  Mayor eficiencia de alimentaci\u00f3n.  \u00d8 Costos de energ\u00eda del edificio reducidos.  Todo esto resulta en mayores ganancias.  La luz LumaLogic LED contiene dos colores distintos, azul y verde para pollos de engorde, blanco y rojo para ponedoras. Cada color puede ser atenuado de 0-100%.  Especificaciones t\u00e9cnicas:  Alimentaci\u00f3n el\u00e9ctrica PO3: voltaje de operaci\u00f3n \u2013 100 hasta 250VAC. 47 hasta 63 Hz.  Consumo de electricidad total a intensidad m\u00e1xima 78W.  Rendimiento: 0-10V  Entrada: 0-10V  &nbsp;","og_url":"https:\/\/agrologic.com\/product-catalog\/led-lighting\/","og_site_name":"Agrologic Ltd - poultry farming and pig raising","article_modified_time":"2016-03-08T10:32:58+00:00","og_image":[{"width":800,"height":800,"url":"https:\/\/agrologic.com\/wp-content\/uploads\/2015\/11\/Luma-logic-po3-side-front.png","type":"image\/png"}],"twitter_card":"summary_large_image","schema":{"@context":"https:\/\/schema.org","@graph":[{"@type":"WebPage","@id":"https:\/\/agrologic.com\/product-catalog\/led-lighting\/","url":"https:\/\/agrologic.com\/product-catalog\/led-lighting\/","name":"Iluminaci\u00f3n LED - Agrologic Ltd - poultry farming and pig raising","isPartOf":{"@id":"https:\/\/agrologic.com\/#website"},"primaryImageOfPage":{"@id":"https:\/\/agrologic.com\/product-catalog\/led-lighting\/#primaryimage"},"image":{"@id":"https:\/\/agrologic.com\/product-catalog\/led-lighting\/#primaryimage"},"thumbnailUrl":"https:\/\/agrologic.com\/wp-content\/uploads\/2015\/11\/Luma-logic-po3-side-front.png","datePublished":"2015-11-18T08:58:03+00:00","dateModified":"2016-03-08T10:32:58+00:00","breadcrumb":{"@id":"https:\/\/agrologic.com\/product-catalog\/led-lighting\/#breadcrumb"},"inLanguage":"es","potentialAction":[{"@type":"ReadAction","target":["https:\/\/agrologic.com\/product-catalog\/led-lighting\/"]}]},{"@type":"ImageObject","inLanguage":"es","@id":"https:\/\/agrologic.com\/product-catalog\/led-lighting\/#primaryimage","url":"https:\/\/agrologic.com\/wp-content\/uploads\/2015\/11\/Luma-logic-po3-side-front.png","contentUrl":"https:\/\/agrologic.com\/wp-content\/uploads\/2015\/11\/Luma-logic-po3-side-front.png","width":800,"height":800},{"@type":"BreadcrumbList","@id":"https:\/\/agrologic.com\/product-catalog\/led-lighting\/#breadcrumb","itemListElement":[{"@type":"ListItem","position":1,"name":"Home","item":"https:\/\/agrologic.com\/es\/"},{"@type":"ListItem","position":2,"name":"productos","item":"https:\/\/agrologic.com\/productos\/"},{"@type":"ListItem","position":3,"name":"Iluminaci\u00f3n LED"}]},{"@type":"WebSite","@id":"https:\/\/agrologic.com\/#website","url":"https:\/\/agrologic.com\/","name":"Agrologic Ltd - poultry farming and pig raising","description":"","potentialAction":[{"@type":"SearchAction","target":{"@type":"EntryPoint","urlTemplate":"https:\/\/agrologic.com\/?s={search_term_string}"},"query-input":{"@type":"PropertyValueSpecification","valueRequired":true,"valueName":"search_term_string"}}],"inLanguage":"es"}]}},"_links":{"self":[{"href":"https:\/\/agrologic.com\/es\/wp-json\/wp\/v2\/product\/1350","targetHints":{"allow":["GET"]}}],"collection":[{"href":"https:\/\/agrologic.com\/es\/wp-json\/wp\/v2\/product"}],"about":[{"href":"https:\/\/agrologic.com\/es\/wp-json\/wp\/v2\/types\/product"}],"wp:featuredmedia":[{"embeddable":true,"href":"https:\/\/agrologic.com\/es\/wp-json\/wp\/v2\/media\/1790"}],"wp:attachment":[{"href":"https:\/\/agrologic.com\/es\/wp-json\/wp\/v2\/media?parent=1350"}],"wp:term":[{"taxonomy":"product_brand","embeddable":true,"href":"https:\/\/agrologic.com\/es\/wp-json\/wp\/v2\/product_brand?post=1350"},{"taxonomy":"product_cat","embeddable":true,"href":"https:\/\/agrologic.com\/es\/wp-json\/wp\/v2\/product_cat?post=1350"},{"taxonomy":"product_tag","embeddable":true,"href":"https:\/\/agrologic.com\/es\/wp-json\/wp\/v2\/product_tag?post=1350"}],"curies":[{"name":"wp","href":"https:\/\/api.w.org\/{rel}","templated":true}]}}