{"id":1345,"date":"2015-11-18T08:37:49","date_gmt":"2015-11-18T08:37:49","guid":{"rendered":"https:\/\/agrologic.com\/es\/product-catalog\/ecm12\/"},"modified":"2016-03-29T09:46:20","modified_gmt":"2016-03-29T09:46:20","slug":"ecm12","status":"publish","type":"product","link":"https:\/\/agrologic.com\/es\/product-catalog\/ecm12\/","title":{"rendered":"ECM12"},"content":{"rendered":"","protected":false},"excerpt":{"rendered":"<p><strong>ECM12 es un mostrador aut\u00f3nomo de conteo de huevos y controlador de datos sobre huevos dise\u00f1ado para trabajar con la mayor\u00eda de contadores de huevos. Es f\u00e1cil para usar y operar, ofreciendo funcionalidades sofisticadas:<\/strong><\/p>\n<p>* \u00a0Registra y muestra entradas de hasta 12 contadores de huevos.<\/p>\n<p>* \u00a0Muestra sumas diarias y totales para cada contador de huevos individual. Toda la informaci\u00f3n se almacena hasta 7 d\u00edas en la memoria interna.<\/p>\n<p>* \u00a0La informaci\u00f3n para cada contador de huevos se puede ver de manera individual o agrupada.<\/p>\n<p>A todos los datos se puede transferir f\u00e1cilmente a una computadora central para manejo y contabilidad completa de huevos. Control remoto con el uso de dispositivos inteligentes est\u00e1 disponible a trav\u00e9s de Cellink.<\/p>\n<p>&nbsp;<\/p>\n<p>&nbsp;<\/p>\n<p>Especificaciones t\u00e9cnicas:<\/p>\n<p>Alimentaci\u00f3n el\u00e9ctrica: 230V AC<\/p>\n<p>12 entradas digitales<\/p>\n<p>Memoria: Memoria con protecci\u00f3n contra falla de energ\u00eda y memoria no borrable<\/p>\n<p>Monitor: Alfanum\u00e9rico 2 x 16<\/p>\n<p>&nbsp;<\/p>\n<p>&nbsp;<\/p>\n","protected":false},"featured_media":2877,"template":"","meta":{"_acf_changed":false},"product_brand":[],"product_cat":[56],"product_tag":[34],"class_list":{"0":"post-1345","1":"product","2":"type-product","3":"status-publish","4":"has-post-thumbnail","6":"product_cat-contadores-de-huevo","7":"product_tag-poultry-es","9":"first","10":"instock","11":"shipping-taxable","12":"product-type-simple"},"acf":[],"yoast_head":"<!-- This site is optimized with the Yoast SEO plugin v25.2 - https:\/\/yoast.com\/wordpress\/plugins\/seo\/ -->\n<title>ECM12 - Agrologic Ltd - poultry farming and pig raising<\/title>\n<meta name=\"robots\" content=\"index, follow, max-snippet:-1, max-image-preview:large, max-video-preview:-1\" \/>\n<link rel=\"canonical\" href=\"https:\/\/agrologic.com\/product-catalog\/ecm12\/\" \/>\n<meta property=\"og:locale\" content=\"es_ES\" \/>\n<meta property=\"og:type\" content=\"article\" \/>\n<meta property=\"og:title\" content=\"ECM12 - Agrologic Ltd - poultry farming and pig raising\" \/>\n<meta property=\"og:description\" content=\"ECM12 es un mostrador aut\u00f3nomo de conteo de huevos y controlador de datos sobre huevos dise\u00f1ado para trabajar con la mayor\u00eda de contadores de huevos. Es f\u00e1cil para usar y operar, ofreciendo funcionalidades sofisticadas:  * \u00a0Registra y muestra entradas de hasta 12 contadores de huevos.  * \u00a0Muestra sumas diarias y totales para cada contador de huevos individual. Toda la informaci\u00f3n se almacena hasta 7 d\u00edas en la memoria interna.  * \u00a0La informaci\u00f3n para cada contador de huevos se puede ver de manera individual o agrupada.  A todos los datos se puede transferir f\u00e1cilmente a una computadora central para manejo y contabilidad completa de huevos. Control remoto con el uso de dispositivos inteligentes est\u00e1 disponible a trav\u00e9s de Cellink.  &nbsp;  &nbsp;  Especificaciones t\u00e9cnicas:  Alimentaci\u00f3n el\u00e9ctrica: 230V AC  12 entradas digitales  Memoria: Memoria con protecci\u00f3n contra falla de energ\u00eda y memoria no borrable  Monitor: Alfanum\u00e9rico 2 x 16  &nbsp;  &nbsp;\" \/>\n<meta property=\"og:url\" content=\"https:\/\/agrologic.com\/product-catalog\/ecm12\/\" \/>\n<meta property=\"og:site_name\" content=\"Agrologic Ltd - poultry farming and pig raising\" \/>\n<meta property=\"article:modified_time\" content=\"2016-03-29T09:46:20+00:00\" \/>\n<meta property=\"og:image\" content=\"https:\/\/agrologic.com\/wp-content\/uploads\/2015\/12\/ecm-12.png\" \/>\n\t<meta property=\"og:image:width\" content=\"800\" \/>\n\t<meta property=\"og:image:height\" content=\"800\" \/>\n\t<meta property=\"og:image:type\" content=\"image\/png\" \/>\n<meta name=\"twitter:card\" content=\"summary_large_image\" \/>\n<script type=\"application\/ld+json\" class=\"yoast-schema-graph\">{\"@context\":\"https:\/\/schema.org\",\"@graph\":[{\"@type\":\"WebPage\",\"@id\":\"https:\/\/agrologic.com\/product-catalog\/ecm12\/\",\"url\":\"https:\/\/agrologic.com\/product-catalog\/ecm12\/\",\"name\":\"ECM12 - Agrologic Ltd - poultry farming and pig raising\",\"isPartOf\":{\"@id\":\"https:\/\/agrologic.com\/#website\"},\"primaryImageOfPage\":{\"@id\":\"https:\/\/agrologic.com\/product-catalog\/ecm12\/#primaryimage\"},\"image\":{\"@id\":\"https:\/\/agrologic.com\/product-catalog\/ecm12\/#primaryimage\"},\"thumbnailUrl\":\"https:\/\/agrologic.com\/wp-content\/uploads\/2024\/07\/ECM12.png\",\"datePublished\":\"2015-11-18T08:37:49+00:00\",\"dateModified\":\"2016-03-29T09:46:20+00:00\",\"breadcrumb\":{\"@id\":\"https:\/\/agrologic.com\/product-catalog\/ecm12\/#breadcrumb\"},\"inLanguage\":\"es\",\"potentialAction\":[{\"@type\":\"ReadAction\",\"target\":[\"https:\/\/agrologic.com\/product-catalog\/ecm12\/\"]}]},{\"@type\":\"ImageObject\",\"inLanguage\":\"es\",\"@id\":\"https:\/\/agrologic.com\/product-catalog\/ecm12\/#primaryimage\",\"url\":\"https:\/\/agrologic.com\/wp-content\/uploads\/2024\/07\/ECM12.png\",\"contentUrl\":\"https:\/\/agrologic.com\/wp-content\/uploads\/2024\/07\/ECM12.png\",\"width\":1920,\"height\":1920},{\"@type\":\"BreadcrumbList\",\"@id\":\"https:\/\/agrologic.com\/product-catalog\/ecm12\/#breadcrumb\",\"itemListElement\":[{\"@type\":\"ListItem\",\"position\":1,\"name\":\"Home\",\"item\":\"https:\/\/agrologic.com\/es\/\"},{\"@type\":\"ListItem\",\"position\":2,\"name\":\"productos\",\"item\":\"https:\/\/agrologic.com\/productos\/\"},{\"@type\":\"ListItem\",\"position\":3,\"name\":\"ECM12\"}]},{\"@type\":\"WebSite\",\"@id\":\"https:\/\/agrologic.com\/#website\",\"url\":\"https:\/\/agrologic.com\/\",\"name\":\"Agrologic Ltd - poultry farming and pig raising\",\"description\":\"\",\"potentialAction\":[{\"@type\":\"SearchAction\",\"target\":{\"@type\":\"EntryPoint\",\"urlTemplate\":\"https:\/\/agrologic.com\/?s={search_term_string}\"},\"query-input\":{\"@type\":\"PropertyValueSpecification\",\"valueRequired\":true,\"valueName\":\"search_term_string\"}}],\"inLanguage\":\"es\"}]}<\/script>\n<!-- \/ Yoast SEO plugin. -->","yoast_head_json":{"title":"ECM12 - Agrologic Ltd - poultry farming and pig raising","robots":{"index":"index","follow":"follow","max-snippet":"max-snippet:-1","max-image-preview":"max-image-preview:large","max-video-preview":"max-video-preview:-1"},"canonical":"https:\/\/agrologic.com\/product-catalog\/ecm12\/","og_locale":"es_ES","og_type":"article","og_title":"ECM12 - Agrologic Ltd - poultry farming and pig raising","og_description":"ECM12 es un mostrador aut\u00f3nomo de conteo de huevos y controlador de datos sobre huevos dise\u00f1ado para trabajar con la mayor\u00eda de contadores de huevos. Es f\u00e1cil para usar y operar, ofreciendo funcionalidades sofisticadas:  * \u00a0Registra y muestra entradas de hasta 12 contadores de huevos.  * \u00a0Muestra sumas diarias y totales para cada contador de huevos individual. Toda la informaci\u00f3n se almacena hasta 7 d\u00edas en la memoria interna.  * \u00a0La informaci\u00f3n para cada contador de huevos se puede ver de manera individual o agrupada.  A todos los datos se puede transferir f\u00e1cilmente a una computadora central para manejo y contabilidad completa de huevos. Control remoto con el uso de dispositivos inteligentes est\u00e1 disponible a trav\u00e9s de Cellink.  &nbsp;  &nbsp;  Especificaciones t\u00e9cnicas:  Alimentaci\u00f3n el\u00e9ctrica: 230V AC  12 entradas digitales  Memoria: Memoria con protecci\u00f3n contra falla de energ\u00eda y memoria no borrable  Monitor: Alfanum\u00e9rico 2 x 16  &nbsp;  &nbsp;","og_url":"https:\/\/agrologic.com\/product-catalog\/ecm12\/","og_site_name":"Agrologic Ltd - poultry farming and pig raising","article_modified_time":"2016-03-29T09:46:20+00:00","og_image":[{"width":800,"height":800,"url":"https:\/\/agrologic.com\/wp-content\/uploads\/2015\/12\/ecm-12.png","type":"image\/png"}],"twitter_card":"summary_large_image","schema":{"@context":"https:\/\/schema.org","@graph":[{"@type":"WebPage","@id":"https:\/\/agrologic.com\/product-catalog\/ecm12\/","url":"https:\/\/agrologic.com\/product-catalog\/ecm12\/","name":"ECM12 - Agrologic Ltd - poultry farming and pig raising","isPartOf":{"@id":"https:\/\/agrologic.com\/#website"},"primaryImageOfPage":{"@id":"https:\/\/agrologic.com\/product-catalog\/ecm12\/#primaryimage"},"image":{"@id":"https:\/\/agrologic.com\/product-catalog\/ecm12\/#primaryimage"},"thumbnailUrl":"https:\/\/agrologic.com\/wp-content\/uploads\/2024\/07\/ECM12.png","datePublished":"2015-11-18T08:37:49+00:00","dateModified":"2016-03-29T09:46:20+00:00","breadcrumb":{"@id":"https:\/\/agrologic.com\/product-catalog\/ecm12\/#breadcrumb"},"inLanguage":"es","potentialAction":[{"@type":"ReadAction","target":["https:\/\/agrologic.com\/product-catalog\/ecm12\/"]}]},{"@type":"ImageObject","inLanguage":"es","@id":"https:\/\/agrologic.com\/product-catalog\/ecm12\/#primaryimage","url":"https:\/\/agrologic.com\/wp-content\/uploads\/2024\/07\/ECM12.png","contentUrl":"https:\/\/agrologic.com\/wp-content\/uploads\/2024\/07\/ECM12.png","width":1920,"height":1920},{"@type":"BreadcrumbList","@id":"https:\/\/agrologic.com\/product-catalog\/ecm12\/#breadcrumb","itemListElement":[{"@type":"ListItem","position":1,"name":"Home","item":"https:\/\/agrologic.com\/es\/"},{"@type":"ListItem","position":2,"name":"productos","item":"https:\/\/agrologic.com\/productos\/"},{"@type":"ListItem","position":3,"name":"ECM12"}]},{"@type":"WebSite","@id":"https:\/\/agrologic.com\/#website","url":"https:\/\/agrologic.com\/","name":"Agrologic Ltd - poultry farming and pig raising","description":"","potentialAction":[{"@type":"SearchAction","target":{"@type":"EntryPoint","urlTemplate":"https:\/\/agrologic.com\/?s={search_term_string}"},"query-input":{"@type":"PropertyValueSpecification","valueRequired":true,"valueName":"search_term_string"}}],"inLanguage":"es"}]}},"_links":{"self":[{"href":"https:\/\/agrologic.com\/es\/wp-json\/wp\/v2\/product\/1345","targetHints":{"allow":["GET"]}}],"collection":[{"href":"https:\/\/agrologic.com\/es\/wp-json\/wp\/v2\/product"}],"about":[{"href":"https:\/\/agrologic.com\/es\/wp-json\/wp\/v2\/types\/product"}],"wp:featuredmedia":[{"embeddable":true,"href":"https:\/\/agrologic.com\/es\/wp-json\/wp\/v2\/media\/2877"}],"wp:attachment":[{"href":"https:\/\/agrologic.com\/es\/wp-json\/wp\/v2\/media?parent=1345"}],"wp:term":[{"taxonomy":"product_brand","embeddable":true,"href":"https:\/\/agrologic.com\/es\/wp-json\/wp\/v2\/product_brand?post=1345"},{"taxonomy":"product_cat","embeddable":true,"href":"https:\/\/agrologic.com\/es\/wp-json\/wp\/v2\/product_cat?post=1345"},{"taxonomy":"product_tag","embeddable":true,"href":"https:\/\/agrologic.com\/es\/wp-json\/wp\/v2\/product_tag?post=1345"}],"curies":[{"name":"wp","href":"https:\/\/api.w.org\/{rel}","templated":true}]}}