{"id":1342,"date":"2015-11-18T09:10:23","date_gmt":"2015-11-18T09:10:23","guid":{"rendered":"https:\/\/agrologic.com\/es\/product-catalog\/n-series-egg-counters\/"},"modified":"2016-01-13T09:23:26","modified_gmt":"2016-01-13T09:23:26","slug":"n-series-egg-counters","status":"publish","type":"product","link":"https:\/\/agrologic.com\/es\/product-catalog\/n-series-egg-counters\/","title":{"rendered":"Contadores de huevos N Series"},"content":{"rendered":"","protected":false},"excerpt":{"rendered":"<p><strong><u>Contadores de huevos serie N<\/u><\/strong><\/p>\n<p>La serie N se usa \u00fanicamente para la precisi\u00f3n, convirti\u00e9ndola en el contador de huevos m\u00e1s preciso en el mercado hoy en d\u00eda.<\/p>\n<p>La unidad se debe instalar en bandas y transportadores de huevos de hasta 100 cm de ancho.<\/p>\n<p>La serie N se ofrece en cinco tama\u00f1os:<\/p>\n<p>N20 &#8211; 20 cm, N30 &#8211; 30 cm, N50 -50 cm, N75- 75 cm y N100- 100 cm<\/p>\n<p>Informaci\u00f3n t\u00e9cnica:<\/p>\n<p>Alimentaci\u00f3n el\u00e9ctrica 12V AC.<\/p>\n<p>Impulso de contaje salida 50 msec para cada huevo contado.<\/p>\n<p>&nbsp;<\/p>\n<p><strong><u>Mark 5<\/u><\/strong><\/p>\n<p>El contador de huevos infrarrojo Mark 5 es un contador preciso bidimensional de huevos desarrollado para contar huevos en bandas de recolecci\u00f3n y transportadores de huevos. Con el uso de tecnolog\u00eda patentada de recuento doble infrarrojo la cual cuenta cada huevo que pasa por abajo con un pulso espec\u00edfico de 50 msec.<\/p>\n<p>A Mark 5 se puede conectar f\u00e1cilmente al Agrologic ECM12 o el controlador Image II para mostrar y registrar todos los huevos contados de manera m\u00e1s exacta.<\/p>\n<p>&nbsp;<\/p>\n<p>Informaci\u00f3n t\u00e9cnica:<\/p>\n<p>\u00c1rea de conteo 10 cm.<\/p>\n<p>Alimentaci\u00f3n el\u00e9ctrica 12 VAC.<\/p>\n<p>Impulso de contaje salida 250 msec para cada huevo.<\/p>\n<p>&nbsp;<\/p>\n","protected":false},"featured_media":2353,"template":"","meta":{"_acf_changed":false},"product_brand":[],"product_cat":[56],"product_tag":[34],"class_list":{"0":"post-1342","1":"product","2":"type-product","3":"status-publish","4":"has-post-thumbnail","6":"product_cat-contadores-de-huevo","7":"product_tag-poultry-es","9":"first","10":"instock","11":"shipping-taxable","12":"product-type-simple"},"acf":[],"yoast_head":"<!-- This site is optimized with the Yoast SEO plugin v25.2 - https:\/\/yoast.com\/wordpress\/plugins\/seo\/ -->\n<title>Contadores de huevos N Series - Agrologic Ltd - poultry farming and pig raising<\/title>\n<meta name=\"robots\" content=\"index, follow, max-snippet:-1, max-image-preview:large, max-video-preview:-1\" \/>\n<link rel=\"canonical\" href=\"https:\/\/agrologic.com\/product-catalog\/n-series-egg-counters\/\" \/>\n<meta property=\"og:locale\" content=\"es_ES\" \/>\n<meta property=\"og:type\" content=\"article\" \/>\n<meta property=\"og:title\" content=\"Contadores de huevos N Series - Agrologic Ltd - poultry farming and pig raising\" \/>\n<meta property=\"og:description\" content=\"Contadores de huevos serie N  La serie N se usa \u00fanicamente para la precisi\u00f3n, convirti\u00e9ndola en el contador de huevos m\u00e1s preciso en el mercado hoy en d\u00eda.  La unidad se debe instalar en bandas y transportadores de huevos de hasta 100 cm de ancho.  La serie N se ofrece en cinco tama\u00f1os:  N20 - 20 cm, N30 - 30 cm, N50 -50 cm, N75- 75 cm y N100- 100 cm  Informaci\u00f3n t\u00e9cnica:  Alimentaci\u00f3n el\u00e9ctrica 12V AC.  Impulso de contaje salida 50 msec para cada huevo contado.  &nbsp;  Mark 5  El contador de huevos infrarrojo Mark 5 es un contador preciso bidimensional de huevos desarrollado para contar huevos en bandas de recolecci\u00f3n y transportadores de huevos. Con el uso de tecnolog\u00eda patentada de recuento doble infrarrojo la cual cuenta cada huevo que pasa por abajo con un pulso espec\u00edfico de 50 msec.  A Mark 5 se puede conectar f\u00e1cilmente al Agrologic ECM12 o el controlador Image II para mostrar y registrar todos los huevos contados de manera m\u00e1s exacta.  &nbsp;  Informaci\u00f3n t\u00e9cnica:  \u00c1rea de conteo 10 cm.  Alimentaci\u00f3n el\u00e9ctrica 12 VAC.  Impulso de contaje salida 250 msec para cada huevo.  &nbsp;\" \/>\n<meta property=\"og:url\" content=\"https:\/\/agrologic.com\/product-catalog\/n-series-egg-counters\/\" \/>\n<meta property=\"og:site_name\" content=\"Agrologic Ltd - poultry farming and pig raising\" \/>\n<meta property=\"article:modified_time\" content=\"2016-01-13T09:23:26+00:00\" \/>\n<meta property=\"og:image\" content=\"https:\/\/agrologic.com\/wp-content\/uploads\/2015\/11\/AL-Egg-Counter-Web.jpg\" \/>\n\t<meta property=\"og:image:width\" content=\"1594\" \/>\n\t<meta property=\"og:image:height\" content=\"1000\" \/>\n\t<meta property=\"og:image:type\" content=\"image\/jpeg\" \/>\n<meta name=\"twitter:card\" content=\"summary_large_image\" \/>\n<script type=\"application\/ld+json\" class=\"yoast-schema-graph\">{\"@context\":\"https:\/\/schema.org\",\"@graph\":[{\"@type\":\"WebPage\",\"@id\":\"https:\/\/agrologic.com\/product-catalog\/n-series-egg-counters\/\",\"url\":\"https:\/\/agrologic.com\/product-catalog\/n-series-egg-counters\/\",\"name\":\"Contadores de huevos N Series - Agrologic Ltd - poultry farming and pig raising\",\"isPartOf\":{\"@id\":\"https:\/\/agrologic.com\/#website\"},\"primaryImageOfPage\":{\"@id\":\"https:\/\/agrologic.com\/product-catalog\/n-series-egg-counters\/#primaryimage\"},\"image\":{\"@id\":\"https:\/\/agrologic.com\/product-catalog\/n-series-egg-counters\/#primaryimage\"},\"thumbnailUrl\":\"https:\/\/agrologic.com\/wp-content\/uploads\/2015\/11\/AL-Egg-Counter-Web.jpg\",\"datePublished\":\"2015-11-18T09:10:23+00:00\",\"dateModified\":\"2016-01-13T09:23:26+00:00\",\"breadcrumb\":{\"@id\":\"https:\/\/agrologic.com\/product-catalog\/n-series-egg-counters\/#breadcrumb\"},\"inLanguage\":\"es\",\"potentialAction\":[{\"@type\":\"ReadAction\",\"target\":[\"https:\/\/agrologic.com\/product-catalog\/n-series-egg-counters\/\"]}]},{\"@type\":\"ImageObject\",\"inLanguage\":\"es\",\"@id\":\"https:\/\/agrologic.com\/product-catalog\/n-series-egg-counters\/#primaryimage\",\"url\":\"https:\/\/agrologic.com\/wp-content\/uploads\/2015\/11\/AL-Egg-Counter-Web.jpg\",\"contentUrl\":\"https:\/\/agrologic.com\/wp-content\/uploads\/2015\/11\/AL-Egg-Counter-Web.jpg\",\"width\":1594,\"height\":1000},{\"@type\":\"BreadcrumbList\",\"@id\":\"https:\/\/agrologic.com\/product-catalog\/n-series-egg-counters\/#breadcrumb\",\"itemListElement\":[{\"@type\":\"ListItem\",\"position\":1,\"name\":\"Home\",\"item\":\"https:\/\/agrologic.com\/es\/\"},{\"@type\":\"ListItem\",\"position\":2,\"name\":\"productos\",\"item\":\"https:\/\/agrologic.com\/productos\/\"},{\"@type\":\"ListItem\",\"position\":3,\"name\":\"Contadores de huevos N Series\"}]},{\"@type\":\"WebSite\",\"@id\":\"https:\/\/agrologic.com\/#website\",\"url\":\"https:\/\/agrologic.com\/\",\"name\":\"Agrologic Ltd - poultry farming and pig raising\",\"description\":\"\",\"potentialAction\":[{\"@type\":\"SearchAction\",\"target\":{\"@type\":\"EntryPoint\",\"urlTemplate\":\"https:\/\/agrologic.com\/?s={search_term_string}\"},\"query-input\":{\"@type\":\"PropertyValueSpecification\",\"valueRequired\":true,\"valueName\":\"search_term_string\"}}],\"inLanguage\":\"es\"}]}<\/script>\n<!-- \/ Yoast SEO plugin. -->","yoast_head_json":{"title":"Contadores de huevos N Series - Agrologic Ltd - poultry farming and pig raising","robots":{"index":"index","follow":"follow","max-snippet":"max-snippet:-1","max-image-preview":"max-image-preview:large","max-video-preview":"max-video-preview:-1"},"canonical":"https:\/\/agrologic.com\/product-catalog\/n-series-egg-counters\/","og_locale":"es_ES","og_type":"article","og_title":"Contadores de huevos N Series - Agrologic Ltd - poultry farming and pig raising","og_description":"Contadores de huevos serie N  La serie N se usa \u00fanicamente para la precisi\u00f3n, convirti\u00e9ndola en el contador de huevos m\u00e1s preciso en el mercado hoy en d\u00eda.  La unidad se debe instalar en bandas y transportadores de huevos de hasta 100 cm de ancho.  La serie N se ofrece en cinco tama\u00f1os:  N20 - 20 cm, N30 - 30 cm, N50 -50 cm, N75- 75 cm y N100- 100 cm  Informaci\u00f3n t\u00e9cnica:  Alimentaci\u00f3n el\u00e9ctrica 12V AC.  Impulso de contaje salida 50 msec para cada huevo contado.  &nbsp;  Mark 5  El contador de huevos infrarrojo Mark 5 es un contador preciso bidimensional de huevos desarrollado para contar huevos en bandas de recolecci\u00f3n y transportadores de huevos. Con el uso de tecnolog\u00eda patentada de recuento doble infrarrojo la cual cuenta cada huevo que pasa por abajo con un pulso espec\u00edfico de 50 msec.  A Mark 5 se puede conectar f\u00e1cilmente al Agrologic ECM12 o el controlador Image II para mostrar y registrar todos los huevos contados de manera m\u00e1s exacta.  &nbsp;  Informaci\u00f3n t\u00e9cnica:  \u00c1rea de conteo 10 cm.  Alimentaci\u00f3n el\u00e9ctrica 12 VAC.  Impulso de contaje salida 250 msec para cada huevo.  &nbsp;","og_url":"https:\/\/agrologic.com\/product-catalog\/n-series-egg-counters\/","og_site_name":"Agrologic Ltd - poultry farming and pig raising","article_modified_time":"2016-01-13T09:23:26+00:00","og_image":[{"width":1594,"height":1000,"url":"https:\/\/agrologic.com\/wp-content\/uploads\/2015\/11\/AL-Egg-Counter-Web.jpg","type":"image\/jpeg"}],"twitter_card":"summary_large_image","schema":{"@context":"https:\/\/schema.org","@graph":[{"@type":"WebPage","@id":"https:\/\/agrologic.com\/product-catalog\/n-series-egg-counters\/","url":"https:\/\/agrologic.com\/product-catalog\/n-series-egg-counters\/","name":"Contadores de huevos N Series - Agrologic Ltd - poultry farming and pig raising","isPartOf":{"@id":"https:\/\/agrologic.com\/#website"},"primaryImageOfPage":{"@id":"https:\/\/agrologic.com\/product-catalog\/n-series-egg-counters\/#primaryimage"},"image":{"@id":"https:\/\/agrologic.com\/product-catalog\/n-series-egg-counters\/#primaryimage"},"thumbnailUrl":"https:\/\/agrologic.com\/wp-content\/uploads\/2015\/11\/AL-Egg-Counter-Web.jpg","datePublished":"2015-11-18T09:10:23+00:00","dateModified":"2016-01-13T09:23:26+00:00","breadcrumb":{"@id":"https:\/\/agrologic.com\/product-catalog\/n-series-egg-counters\/#breadcrumb"},"inLanguage":"es","potentialAction":[{"@type":"ReadAction","target":["https:\/\/agrologic.com\/product-catalog\/n-series-egg-counters\/"]}]},{"@type":"ImageObject","inLanguage":"es","@id":"https:\/\/agrologic.com\/product-catalog\/n-series-egg-counters\/#primaryimage","url":"https:\/\/agrologic.com\/wp-content\/uploads\/2015\/11\/AL-Egg-Counter-Web.jpg","contentUrl":"https:\/\/agrologic.com\/wp-content\/uploads\/2015\/11\/AL-Egg-Counter-Web.jpg","width":1594,"height":1000},{"@type":"BreadcrumbList","@id":"https:\/\/agrologic.com\/product-catalog\/n-series-egg-counters\/#breadcrumb","itemListElement":[{"@type":"ListItem","position":1,"name":"Home","item":"https:\/\/agrologic.com\/es\/"},{"@type":"ListItem","position":2,"name":"productos","item":"https:\/\/agrologic.com\/productos\/"},{"@type":"ListItem","position":3,"name":"Contadores de huevos N Series"}]},{"@type":"WebSite","@id":"https:\/\/agrologic.com\/#website","url":"https:\/\/agrologic.com\/","name":"Agrologic Ltd - poultry farming and pig raising","description":"","potentialAction":[{"@type":"SearchAction","target":{"@type":"EntryPoint","urlTemplate":"https:\/\/agrologic.com\/?s={search_term_string}"},"query-input":{"@type":"PropertyValueSpecification","valueRequired":true,"valueName":"search_term_string"}}],"inLanguage":"es"}]}},"_links":{"self":[{"href":"https:\/\/agrologic.com\/es\/wp-json\/wp\/v2\/product\/1342","targetHints":{"allow":["GET"]}}],"collection":[{"href":"https:\/\/agrologic.com\/es\/wp-json\/wp\/v2\/product"}],"about":[{"href":"https:\/\/agrologic.com\/es\/wp-json\/wp\/v2\/types\/product"}],"wp:featuredmedia":[{"embeddable":true,"href":"https:\/\/agrologic.com\/es\/wp-json\/wp\/v2\/media\/2353"}],"wp:attachment":[{"href":"https:\/\/agrologic.com\/es\/wp-json\/wp\/v2\/media?parent=1342"}],"wp:term":[{"taxonomy":"product_brand","embeddable":true,"href":"https:\/\/agrologic.com\/es\/wp-json\/wp\/v2\/product_brand?post=1342"},{"taxonomy":"product_cat","embeddable":true,"href":"https:\/\/agrologic.com\/es\/wp-json\/wp\/v2\/product_cat?post=1342"},{"taxonomy":"product_tag","embeddable":true,"href":"https:\/\/agrologic.com\/es\/wp-json\/wp\/v2\/product_tag?post=1342"}],"curies":[{"name":"wp","href":"https:\/\/api.w.org\/{rel}","templated":true}]}}