{"id":1339,"date":"2015-11-18T09:28:22","date_gmt":"2015-11-18T09:28:22","guid":{"rendered":"https:\/\/agrologic.com\/es\/product-catalog\/wrz-500\/"},"modified":"2016-01-12T08:53:00","modified_gmt":"2016-01-12T08:53:00","slug":"wrz-500","status":"publish","type":"product","link":"https:\/\/agrologic.com\/es\/product-catalog\/wrz-500\/","title":{"rendered":"WRZ 500"},"content":{"rendered":"","protected":false},"excerpt":{"rendered":"<p><strong>El comunicador inal\u00e1mbrico WRZ 500 se comunica con una PC ejecutando el programa AgroLogic WebChick y los controladores de clima AgroLogic.<br \/>\n<\/strong><br \/>\nWRZ 500<\/p>\n<p>El WRZ 500 utiliza el est\u00e1ndar RF ZigBee y tiene un alcance exterior de 500 metros al usar una antena externa. Tambi\u00e9n se puede usar con la unidad de alarma celular Cellink para la transferencia inal\u00e1mbrica de datos y alarmas.<\/p>\n","protected":false},"featured_media":1142,"template":"","meta":{"_acf_changed":false},"product_brand":[],"product_cat":[45],"product_tag":[34,36,35],"class_list":{"0":"post-1339","1":"product","2":"type-product","3":"status-publish","4":"has-post-thumbnail","6":"product_cat-communication-es","7":"product_tag-poultry-es","8":"product_tag-swine-es","9":"product_tag-cows-es","11":"first","12":"instock","13":"shipping-taxable","14":"product-type-simple"},"acf":[],"yoast_head":"<!-- This site is optimized with the Yoast SEO plugin v25.2 - https:\/\/yoast.com\/wordpress\/plugins\/seo\/ -->\n<title>WRZ 500 - Agrologic Ltd - poultry farming and pig raising<\/title>\n<meta name=\"robots\" content=\"index, follow, max-snippet:-1, max-image-preview:large, max-video-preview:-1\" \/>\n<link rel=\"canonical\" href=\"https:\/\/agrologic.com\/product-catalog\/wrz-500\/\" \/>\n<meta property=\"og:locale\" content=\"es_ES\" \/>\n<meta property=\"og:type\" content=\"article\" \/>\n<meta property=\"og:title\" content=\"WRZ 500 - Agrologic Ltd - poultry farming and pig raising\" \/>\n<meta property=\"og:description\" content=\"El comunicador inal\u00e1mbrico WRZ 500 se comunica con una PC ejecutando el programa AgroLogic WebChick y los controladores de clima AgroLogic.  WRZ 500  El WRZ 500 utiliza el est\u00e1ndar RF ZigBee y tiene un alcance exterior de 500 metros al usar una antena externa. Tambi\u00e9n se puede usar con la unidad de alarma celular Cellink para la transferencia inal\u00e1mbrica de datos y alarmas.\" \/>\n<meta property=\"og:url\" content=\"https:\/\/agrologic.com\/product-catalog\/wrz-500\/\" \/>\n<meta property=\"og:site_name\" content=\"Agrologic Ltd - poultry farming and pig raising\" \/>\n<meta property=\"article:modified_time\" content=\"2016-01-12T08:53:00+00:00\" \/>\n<meta property=\"og:image\" content=\"https:\/\/agrologic.com\/wp-content\/uploads\/2015\/12\/wrz-500.png\" \/>\n\t<meta property=\"og:image:width\" content=\"800\" \/>\n\t<meta property=\"og:image:height\" content=\"800\" \/>\n\t<meta property=\"og:image:type\" content=\"image\/png\" \/>\n<meta name=\"twitter:card\" content=\"summary_large_image\" \/>\n<script type=\"application\/ld+json\" class=\"yoast-schema-graph\">{\"@context\":\"https:\/\/schema.org\",\"@graph\":[{\"@type\":\"WebPage\",\"@id\":\"https:\/\/agrologic.com\/product-catalog\/wrz-500\/\",\"url\":\"https:\/\/agrologic.com\/product-catalog\/wrz-500\/\",\"name\":\"WRZ 500 - Agrologic Ltd - poultry farming and pig raising\",\"isPartOf\":{\"@id\":\"https:\/\/agrologic.com\/#website\"},\"primaryImageOfPage\":{\"@id\":\"https:\/\/agrologic.com\/product-catalog\/wrz-500\/#primaryimage\"},\"image\":{\"@id\":\"https:\/\/agrologic.com\/product-catalog\/wrz-500\/#primaryimage\"},\"thumbnailUrl\":\"https:\/\/agrologic.com\/wp-content\/uploads\/2015\/12\/wrz-500.png\",\"datePublished\":\"2015-11-18T09:28:22+00:00\",\"dateModified\":\"2016-01-12T08:53:00+00:00\",\"breadcrumb\":{\"@id\":\"https:\/\/agrologic.com\/product-catalog\/wrz-500\/#breadcrumb\"},\"inLanguage\":\"es\",\"potentialAction\":[{\"@type\":\"ReadAction\",\"target\":[\"https:\/\/agrologic.com\/product-catalog\/wrz-500\/\"]}]},{\"@type\":\"ImageObject\",\"inLanguage\":\"es\",\"@id\":\"https:\/\/agrologic.com\/product-catalog\/wrz-500\/#primaryimage\",\"url\":\"https:\/\/agrologic.com\/wp-content\/uploads\/2015\/12\/wrz-500.png\",\"contentUrl\":\"https:\/\/agrologic.com\/wp-content\/uploads\/2015\/12\/wrz-500.png\",\"width\":800,\"height\":800},{\"@type\":\"BreadcrumbList\",\"@id\":\"https:\/\/agrologic.com\/product-catalog\/wrz-500\/#breadcrumb\",\"itemListElement\":[{\"@type\":\"ListItem\",\"position\":1,\"name\":\"Home\",\"item\":\"https:\/\/agrologic.com\/es\/\"},{\"@type\":\"ListItem\",\"position\":2,\"name\":\"productos\",\"item\":\"https:\/\/agrologic.com\/productos\/\"},{\"@type\":\"ListItem\",\"position\":3,\"name\":\"WRZ 500\"}]},{\"@type\":\"WebSite\",\"@id\":\"https:\/\/agrologic.com\/#website\",\"url\":\"https:\/\/agrologic.com\/\",\"name\":\"Agrologic Ltd - poultry farming and pig raising\",\"description\":\"\",\"potentialAction\":[{\"@type\":\"SearchAction\",\"target\":{\"@type\":\"EntryPoint\",\"urlTemplate\":\"https:\/\/agrologic.com\/?s={search_term_string}\"},\"query-input\":{\"@type\":\"PropertyValueSpecification\",\"valueRequired\":true,\"valueName\":\"search_term_string\"}}],\"inLanguage\":\"es\"}]}<\/script>\n<!-- \/ Yoast SEO plugin. -->","yoast_head_json":{"title":"WRZ 500 - Agrologic Ltd - poultry farming and pig raising","robots":{"index":"index","follow":"follow","max-snippet":"max-snippet:-1","max-image-preview":"max-image-preview:large","max-video-preview":"max-video-preview:-1"},"canonical":"https:\/\/agrologic.com\/product-catalog\/wrz-500\/","og_locale":"es_ES","og_type":"article","og_title":"WRZ 500 - Agrologic Ltd - poultry farming and pig raising","og_description":"El comunicador inal\u00e1mbrico WRZ 500 se comunica con una PC ejecutando el programa AgroLogic WebChick y los controladores de clima AgroLogic.  WRZ 500  El WRZ 500 utiliza el est\u00e1ndar RF ZigBee y tiene un alcance exterior de 500 metros al usar una antena externa. Tambi\u00e9n se puede usar con la unidad de alarma celular Cellink para la transferencia inal\u00e1mbrica de datos y alarmas.","og_url":"https:\/\/agrologic.com\/product-catalog\/wrz-500\/","og_site_name":"Agrologic Ltd - poultry farming and pig raising","article_modified_time":"2016-01-12T08:53:00+00:00","og_image":[{"width":800,"height":800,"url":"https:\/\/agrologic.com\/wp-content\/uploads\/2015\/12\/wrz-500.png","type":"image\/png"}],"twitter_card":"summary_large_image","schema":{"@context":"https:\/\/schema.org","@graph":[{"@type":"WebPage","@id":"https:\/\/agrologic.com\/product-catalog\/wrz-500\/","url":"https:\/\/agrologic.com\/product-catalog\/wrz-500\/","name":"WRZ 500 - Agrologic Ltd - poultry farming and pig raising","isPartOf":{"@id":"https:\/\/agrologic.com\/#website"},"primaryImageOfPage":{"@id":"https:\/\/agrologic.com\/product-catalog\/wrz-500\/#primaryimage"},"image":{"@id":"https:\/\/agrologic.com\/product-catalog\/wrz-500\/#primaryimage"},"thumbnailUrl":"https:\/\/agrologic.com\/wp-content\/uploads\/2015\/12\/wrz-500.png","datePublished":"2015-11-18T09:28:22+00:00","dateModified":"2016-01-12T08:53:00+00:00","breadcrumb":{"@id":"https:\/\/agrologic.com\/product-catalog\/wrz-500\/#breadcrumb"},"inLanguage":"es","potentialAction":[{"@type":"ReadAction","target":["https:\/\/agrologic.com\/product-catalog\/wrz-500\/"]}]},{"@type":"ImageObject","inLanguage":"es","@id":"https:\/\/agrologic.com\/product-catalog\/wrz-500\/#primaryimage","url":"https:\/\/agrologic.com\/wp-content\/uploads\/2015\/12\/wrz-500.png","contentUrl":"https:\/\/agrologic.com\/wp-content\/uploads\/2015\/12\/wrz-500.png","width":800,"height":800},{"@type":"BreadcrumbList","@id":"https:\/\/agrologic.com\/product-catalog\/wrz-500\/#breadcrumb","itemListElement":[{"@type":"ListItem","position":1,"name":"Home","item":"https:\/\/agrologic.com\/es\/"},{"@type":"ListItem","position":2,"name":"productos","item":"https:\/\/agrologic.com\/productos\/"},{"@type":"ListItem","position":3,"name":"WRZ 500"}]},{"@type":"WebSite","@id":"https:\/\/agrologic.com\/#website","url":"https:\/\/agrologic.com\/","name":"Agrologic Ltd - poultry farming and pig raising","description":"","potentialAction":[{"@type":"SearchAction","target":{"@type":"EntryPoint","urlTemplate":"https:\/\/agrologic.com\/?s={search_term_string}"},"query-input":{"@type":"PropertyValueSpecification","valueRequired":true,"valueName":"search_term_string"}}],"inLanguage":"es"}]}},"_links":{"self":[{"href":"https:\/\/agrologic.com\/es\/wp-json\/wp\/v2\/product\/1339","targetHints":{"allow":["GET"]}}],"collection":[{"href":"https:\/\/agrologic.com\/es\/wp-json\/wp\/v2\/product"}],"about":[{"href":"https:\/\/agrologic.com\/es\/wp-json\/wp\/v2\/types\/product"}],"wp:featuredmedia":[{"embeddable":true,"href":"https:\/\/agrologic.com\/es\/wp-json\/wp\/v2\/media\/1142"}],"wp:attachment":[{"href":"https:\/\/agrologic.com\/es\/wp-json\/wp\/v2\/media?parent=1339"}],"wp:term":[{"taxonomy":"product_brand","embeddable":true,"href":"https:\/\/agrologic.com\/es\/wp-json\/wp\/v2\/product_brand?post=1339"},{"taxonomy":"product_cat","embeddable":true,"href":"https:\/\/agrologic.com\/es\/wp-json\/wp\/v2\/product_cat?post=1339"},{"taxonomy":"product_tag","embeddable":true,"href":"https:\/\/agrologic.com\/es\/wp-json\/wp\/v2\/product_tag?post=1339"}],"curies":[{"name":"wp","href":"https:\/\/api.w.org\/{rel}","templated":true}]}}