{"id":1333,"date":"2015-11-18T09:50:11","date_gmt":"2015-11-18T09:50:11","guid":{"rendered":"https:\/\/agrologic.com\/es\/product-catalog\/cellink-3g\/"},"modified":"2023-08-03T07:27:43","modified_gmt":"2023-08-03T07:27:43","slug":"cellink-3g","status":"publish","type":"product","link":"https:\/\/agrologic.com\/es\/product-catalog\/cellink-3g\/","title":{"rendered":"Cellink 4G"},"content":{"rendered":"","protected":false},"excerpt":{"rendered":"<p><strong><u>Cellink 4G<\/u><\/strong><\/p>\n<p><strong>El alarma celular Agrologic Cellink es el centro de alarma y comunicaci\u00f3n m\u00e1s confiable para las granjas modernas av\u00edcolas y porcinas de hoy. Utiliza la tecnolog\u00eda de punta para asistir a los granjeros para estar en comunicaci\u00f3n con sus granjas en todo momento, sin problemas y sin importar la ubicaci\u00f3n.<\/strong><\/p>\n<p>Al usar el Cellink 4G, ahora es posible para que el granjero est\u00e9 conectado 24\/7 a trav\u00e9s de redes celulares, GPRS y el Internet.<\/p>\n<p>En caso de alarma, se env\u00edan mensajes de texto con informaci\u00f3n de tiempo real al granjero, actualiz\u00e1ndolo y permitiendo que tome acci\u00f3n. Al conectarse con sus controladores por el internet podr\u00e1 hacer los cambios necesarios.<\/p>\n<p>Dise\u00f1ado para las necesidades de las granjas modernas, Cellink puede mandar notificaciones hasta a 9 distintos celulares al mismo tiempo.<\/p>\n<p>&nbsp;<\/p>\n<p>Especificaciones t\u00e9cnicas:<\/p>\n<ul>\n<li>8 entradas digitales \u2022\u00a02 entradas anal\u00f3gicas \u2022\u00a04 rel\u00e9s internos \u2022 Capacidades de internet<\/li>\n<\/ul>\n<p>&nbsp;<\/p>\n<p>&nbsp;<\/p>\n<p>&nbsp;<\/p>\n","protected":false},"featured_media":3756,"template":"","meta":{"_acf_changed":false},"product_brand":[],"product_cat":[45],"product_tag":[34,36,35],"class_list":{"0":"post-1333","1":"product","2":"type-product","3":"status-publish","4":"has-post-thumbnail","6":"product_cat-communication-es","7":"product_tag-poultry-es","8":"product_tag-swine-es","9":"product_tag-cows-es","11":"first","12":"instock","13":"shipping-taxable","14":"product-type-simple"},"acf":[],"yoast_head":"<!-- This site is optimized with the Yoast SEO plugin v25.2 - https:\/\/yoast.com\/wordpress\/plugins\/seo\/ -->\n<title>Cellink 4G - Agrologic Ltd - poultry farming and pig raising<\/title>\n<meta name=\"robots\" content=\"index, follow, max-snippet:-1, max-image-preview:large, max-video-preview:-1\" \/>\n<link rel=\"canonical\" href=\"https:\/\/agrologic.com\/product-catalog\/cellink-3g\/\" \/>\n<meta property=\"og:locale\" content=\"es_ES\" \/>\n<meta property=\"og:type\" content=\"article\" \/>\n<meta property=\"og:title\" content=\"Cellink 4G - Agrologic Ltd - poultry farming and pig raising\" \/>\n<meta property=\"og:description\" content=\"Cellink 4G  El alarma celular Agrologic Cellink es el centro de alarma y comunicaci\u00f3n m\u00e1s confiable para las granjas modernas av\u00edcolas y porcinas de hoy. Utiliza la tecnolog\u00eda de punta para asistir a los granjeros para estar en comunicaci\u00f3n con sus granjas en todo momento, sin problemas y sin importar la ubicaci\u00f3n.  Al usar el Cellink 4G, ahora es posible para que el granjero est\u00e9 conectado 24\/7 a trav\u00e9s de redes celulares, GPRS y el Internet.  En caso de alarma, se env\u00edan mensajes de texto con informaci\u00f3n de tiempo real al granjero, actualiz\u00e1ndolo y permitiendo que tome acci\u00f3n. Al conectarse con sus controladores por el internet podr\u00e1 hacer los cambios necesarios.  Dise\u00f1ado para las necesidades de las granjas modernas, Cellink puede mandar notificaciones hasta a 9 distintos celulares al mismo tiempo.  &nbsp;  Especificaciones t\u00e9cnicas:   8 entradas digitales \u2022\u00a02 entradas anal\u00f3gicas \u2022\u00a04 rel\u00e9s internos \u2022 Capacidades de internet  &nbsp;  &nbsp;  &nbsp;\" \/>\n<meta property=\"og:url\" content=\"https:\/\/agrologic.com\/product-catalog\/cellink-3g\/\" \/>\n<meta property=\"og:site_name\" content=\"Agrologic Ltd - poultry farming and pig raising\" \/>\n<meta property=\"article:modified_time\" content=\"2023-08-03T07:27:43+00:00\" \/>\n<meta property=\"og:image\" content=\"https:\/\/agrologic.com\/wp-content\/uploads\/2023\/04\/4G.png\" \/>\n\t<meta property=\"og:image:width\" content=\"801\" \/>\n\t<meta property=\"og:image:height\" content=\"648\" \/>\n\t<meta property=\"og:image:type\" content=\"image\/png\" \/>\n<meta name=\"twitter:card\" content=\"summary_large_image\" \/>\n<script type=\"application\/ld+json\" class=\"yoast-schema-graph\">{\"@context\":\"https:\/\/schema.org\",\"@graph\":[{\"@type\":\"WebPage\",\"@id\":\"https:\/\/agrologic.com\/product-catalog\/cellink-3g\/\",\"url\":\"https:\/\/agrologic.com\/product-catalog\/cellink-3g\/\",\"name\":\"Cellink 4G - Agrologic Ltd - poultry farming and pig raising\",\"isPartOf\":{\"@id\":\"https:\/\/agrologic.com\/#website\"},\"primaryImageOfPage\":{\"@id\":\"https:\/\/agrologic.com\/product-catalog\/cellink-3g\/#primaryimage\"},\"image\":{\"@id\":\"https:\/\/agrologic.com\/product-catalog\/cellink-3g\/#primaryimage\"},\"thumbnailUrl\":\"https:\/\/agrologic.com\/wp-content\/uploads\/2023\/04\/4G.png\",\"datePublished\":\"2015-11-18T09:50:11+00:00\",\"dateModified\":\"2023-08-03T07:27:43+00:00\",\"breadcrumb\":{\"@id\":\"https:\/\/agrologic.com\/product-catalog\/cellink-3g\/#breadcrumb\"},\"inLanguage\":\"es\",\"potentialAction\":[{\"@type\":\"ReadAction\",\"target\":[\"https:\/\/agrologic.com\/product-catalog\/cellink-3g\/\"]}]},{\"@type\":\"ImageObject\",\"inLanguage\":\"es\",\"@id\":\"https:\/\/agrologic.com\/product-catalog\/cellink-3g\/#primaryimage\",\"url\":\"https:\/\/agrologic.com\/wp-content\/uploads\/2023\/04\/4G.png\",\"contentUrl\":\"https:\/\/agrologic.com\/wp-content\/uploads\/2023\/04\/4G.png\",\"width\":801,\"height\":648},{\"@type\":\"BreadcrumbList\",\"@id\":\"https:\/\/agrologic.com\/product-catalog\/cellink-3g\/#breadcrumb\",\"itemListElement\":[{\"@type\":\"ListItem\",\"position\":1,\"name\":\"Home\",\"item\":\"https:\/\/agrologic.com\/es\/\"},{\"@type\":\"ListItem\",\"position\":2,\"name\":\"productos\",\"item\":\"https:\/\/agrologic.com\/productos\/\"},{\"@type\":\"ListItem\",\"position\":3,\"name\":\"Cellink 4G\"}]},{\"@type\":\"WebSite\",\"@id\":\"https:\/\/agrologic.com\/#website\",\"url\":\"https:\/\/agrologic.com\/\",\"name\":\"Agrologic Ltd - poultry farming and pig raising\",\"description\":\"\",\"potentialAction\":[{\"@type\":\"SearchAction\",\"target\":{\"@type\":\"EntryPoint\",\"urlTemplate\":\"https:\/\/agrologic.com\/?s={search_term_string}\"},\"query-input\":{\"@type\":\"PropertyValueSpecification\",\"valueRequired\":true,\"valueName\":\"search_term_string\"}}],\"inLanguage\":\"es\"}]}<\/script>\n<!-- \/ Yoast SEO plugin. -->","yoast_head_json":{"title":"Cellink 4G - Agrologic Ltd - poultry farming and pig raising","robots":{"index":"index","follow":"follow","max-snippet":"max-snippet:-1","max-image-preview":"max-image-preview:large","max-video-preview":"max-video-preview:-1"},"canonical":"https:\/\/agrologic.com\/product-catalog\/cellink-3g\/","og_locale":"es_ES","og_type":"article","og_title":"Cellink 4G - Agrologic Ltd - poultry farming and pig raising","og_description":"Cellink 4G  El alarma celular Agrologic Cellink es el centro de alarma y comunicaci\u00f3n m\u00e1s confiable para las granjas modernas av\u00edcolas y porcinas de hoy. Utiliza la tecnolog\u00eda de punta para asistir a los granjeros para estar en comunicaci\u00f3n con sus granjas en todo momento, sin problemas y sin importar la ubicaci\u00f3n.  Al usar el Cellink 4G, ahora es posible para que el granjero est\u00e9 conectado 24\/7 a trav\u00e9s de redes celulares, GPRS y el Internet.  En caso de alarma, se env\u00edan mensajes de texto con informaci\u00f3n de tiempo real al granjero, actualiz\u00e1ndolo y permitiendo que tome acci\u00f3n. Al conectarse con sus controladores por el internet podr\u00e1 hacer los cambios necesarios.  Dise\u00f1ado para las necesidades de las granjas modernas, Cellink puede mandar notificaciones hasta a 9 distintos celulares al mismo tiempo.  &nbsp;  Especificaciones t\u00e9cnicas:   8 entradas digitales \u2022\u00a02 entradas anal\u00f3gicas \u2022\u00a04 rel\u00e9s internos \u2022 Capacidades de internet  &nbsp;  &nbsp;  &nbsp;","og_url":"https:\/\/agrologic.com\/product-catalog\/cellink-3g\/","og_site_name":"Agrologic Ltd - poultry farming and pig raising","article_modified_time":"2023-08-03T07:27:43+00:00","og_image":[{"width":801,"height":648,"url":"https:\/\/agrologic.com\/wp-content\/uploads\/2023\/04\/4G.png","type":"image\/png"}],"twitter_card":"summary_large_image","schema":{"@context":"https:\/\/schema.org","@graph":[{"@type":"WebPage","@id":"https:\/\/agrologic.com\/product-catalog\/cellink-3g\/","url":"https:\/\/agrologic.com\/product-catalog\/cellink-3g\/","name":"Cellink 4G - Agrologic Ltd - poultry farming and pig raising","isPartOf":{"@id":"https:\/\/agrologic.com\/#website"},"primaryImageOfPage":{"@id":"https:\/\/agrologic.com\/product-catalog\/cellink-3g\/#primaryimage"},"image":{"@id":"https:\/\/agrologic.com\/product-catalog\/cellink-3g\/#primaryimage"},"thumbnailUrl":"https:\/\/agrologic.com\/wp-content\/uploads\/2023\/04\/4G.png","datePublished":"2015-11-18T09:50:11+00:00","dateModified":"2023-08-03T07:27:43+00:00","breadcrumb":{"@id":"https:\/\/agrologic.com\/product-catalog\/cellink-3g\/#breadcrumb"},"inLanguage":"es","potentialAction":[{"@type":"ReadAction","target":["https:\/\/agrologic.com\/product-catalog\/cellink-3g\/"]}]},{"@type":"ImageObject","inLanguage":"es","@id":"https:\/\/agrologic.com\/product-catalog\/cellink-3g\/#primaryimage","url":"https:\/\/agrologic.com\/wp-content\/uploads\/2023\/04\/4G.png","contentUrl":"https:\/\/agrologic.com\/wp-content\/uploads\/2023\/04\/4G.png","width":801,"height":648},{"@type":"BreadcrumbList","@id":"https:\/\/agrologic.com\/product-catalog\/cellink-3g\/#breadcrumb","itemListElement":[{"@type":"ListItem","position":1,"name":"Home","item":"https:\/\/agrologic.com\/es\/"},{"@type":"ListItem","position":2,"name":"productos","item":"https:\/\/agrologic.com\/productos\/"},{"@type":"ListItem","position":3,"name":"Cellink 4G"}]},{"@type":"WebSite","@id":"https:\/\/agrologic.com\/#website","url":"https:\/\/agrologic.com\/","name":"Agrologic Ltd - poultry farming and pig raising","description":"","potentialAction":[{"@type":"SearchAction","target":{"@type":"EntryPoint","urlTemplate":"https:\/\/agrologic.com\/?s={search_term_string}"},"query-input":{"@type":"PropertyValueSpecification","valueRequired":true,"valueName":"search_term_string"}}],"inLanguage":"es"}]}},"_links":{"self":[{"href":"https:\/\/agrologic.com\/es\/wp-json\/wp\/v2\/product\/1333","targetHints":{"allow":["GET"]}}],"collection":[{"href":"https:\/\/agrologic.com\/es\/wp-json\/wp\/v2\/product"}],"about":[{"href":"https:\/\/agrologic.com\/es\/wp-json\/wp\/v2\/types\/product"}],"wp:featuredmedia":[{"embeddable":true,"href":"https:\/\/agrologic.com\/es\/wp-json\/wp\/v2\/media\/3756"}],"wp:attachment":[{"href":"https:\/\/agrologic.com\/es\/wp-json\/wp\/v2\/media?parent=1333"}],"wp:term":[{"taxonomy":"product_brand","embeddable":true,"href":"https:\/\/agrologic.com\/es\/wp-json\/wp\/v2\/product_brand?post=1333"},{"taxonomy":"product_cat","embeddable":true,"href":"https:\/\/agrologic.com\/es\/wp-json\/wp\/v2\/product_cat?post=1333"},{"taxonomy":"product_tag","embeddable":true,"href":"https:\/\/agrologic.com\/es\/wp-json\/wp\/v2\/product_tag?post=1333"}],"curies":[{"name":"wp","href":"https:\/\/api.w.org\/{rel}","templated":true}]}}