{"id":1330,"date":"2015-11-18T10:43:35","date_gmt":"2015-11-18T10:43:35","guid":{"rendered":"https:\/\/agrologic.com\/es\/product-catalog\/co2-sensor\/"},"modified":"2016-01-07T11:58:45","modified_gmt":"2016-01-07T11:58:45","slug":"co2-sensor","status":"publish","type":"product","link":"https:\/\/agrologic.com\/es\/product-catalog\/co2-sensor\/","title":{"rendered":"CO2 Sensor"},"content":{"rendered":"","protected":false},"excerpt":{"rendered":"<p><strong>El CO300 sensor es un sensor confiable y duradero de CO<sub>2<\/sub> dise\u00f1ado para su uso en ambientes dif\u00edciles de agricultura o industria como en granjas av\u00edcolas o porcinas. El sensor es compensado para una temperatura de 0-50\u00b0C cubriendo un rango de 0-5000 PPM CO2. La medici\u00f3n de CO<sub>2<\/sub> se convierte a una salida an\u00e1loga de 0-5V relativo a un rango de 0-5000 PPM CO2.<\/strong><\/p>\n<p>&nbsp;<\/p>\n<p>&nbsp;<\/p>\n<p>Especificaciones t\u00e9cnicas:<\/p>\n<p>Voltaje de entrada: 13-24V DC<\/p>\n<p>Voltaje de salida: 0-5V DC<\/p>\n<p>Consumo: 100mA<\/p>\n<p>Rango de RH: 20-95%<\/p>\n<p>Temperatura de operaci\u00f3n: -20\u00b0 hasta 55\u00b0C<\/p>\n<p>Exactitud: 75 PPM o 10% de la lectura (el que sea mayor)<\/p>\n<p>&nbsp;<\/p>\n","protected":false},"featured_media":1241,"template":"","meta":{"_acf_changed":false},"product_brand":[],"product_cat":[42],"product_tag":[34],"class_list":{"0":"post-1330","1":"product","2":"type-product","3":"status-publish","4":"has-post-thumbnail","6":"product_cat-sensors-es","7":"product_tag-poultry-es","9":"first","10":"instock","11":"shipping-taxable","12":"product-type-simple"},"acf":[],"yoast_head":"<!-- This site is optimized with the Yoast SEO plugin v25.2 - https:\/\/yoast.com\/wordpress\/plugins\/seo\/ -->\n<title>CO2 Sensor - Agrologic Ltd - poultry farming and pig raising<\/title>\n<meta name=\"robots\" content=\"index, follow, max-snippet:-1, max-image-preview:large, max-video-preview:-1\" \/>\n<link rel=\"canonical\" href=\"https:\/\/agrologic.com\/product-catalog\/co2-sensor\/\" \/>\n<meta property=\"og:locale\" content=\"es_ES\" \/>\n<meta property=\"og:type\" content=\"article\" \/>\n<meta property=\"og:title\" content=\"CO2 Sensor - Agrologic Ltd - poultry farming and pig raising\" \/>\n<meta property=\"og:description\" content=\"El CO300 sensor es un sensor confiable y duradero de CO2 dise\u00f1ado para su uso en ambientes dif\u00edciles de agricultura o industria como en granjas av\u00edcolas o porcinas. El sensor es compensado para una temperatura de 0-50\u00b0C cubriendo un rango de 0-5000 PPM CO2. La medici\u00f3n de CO2 se convierte a una salida an\u00e1loga de 0-5V relativo a un rango de 0-5000 PPM CO2.  &nbsp;  &nbsp;  Especificaciones t\u00e9cnicas:  Voltaje de entrada: 13-24V DC  Voltaje de salida: 0-5V DC  Consumo: 100mA  Rango de RH: 20-95%  Temperatura de operaci\u00f3n: -20\u00b0 hasta 55\u00b0C  Exactitud: 75 PPM o 10% de la lectura (el que sea mayor)  &nbsp;\" \/>\n<meta property=\"og:url\" content=\"https:\/\/agrologic.com\/product-catalog\/co2-sensor\/\" \/>\n<meta property=\"og:site_name\" content=\"Agrologic Ltd - poultry farming and pig raising\" \/>\n<meta property=\"article:modified_time\" content=\"2016-01-07T11:58:45+00:00\" \/>\n<meta property=\"og:image\" content=\"https:\/\/agrologic.com\/wp-content\/uploads\/2015\/11\/36-2.png\" \/>\n\t<meta property=\"og:image:width\" content=\"800\" \/>\n\t<meta property=\"og:image:height\" content=\"800\" \/>\n\t<meta property=\"og:image:type\" content=\"image\/png\" \/>\n<meta name=\"twitter:card\" content=\"summary_large_image\" \/>\n<script type=\"application\/ld+json\" class=\"yoast-schema-graph\">{\"@context\":\"https:\/\/schema.org\",\"@graph\":[{\"@type\":\"WebPage\",\"@id\":\"https:\/\/agrologic.com\/product-catalog\/co2-sensor\/\",\"url\":\"https:\/\/agrologic.com\/product-catalog\/co2-sensor\/\",\"name\":\"CO2 Sensor - Agrologic Ltd - poultry farming and pig raising\",\"isPartOf\":{\"@id\":\"https:\/\/agrologic.com\/#website\"},\"primaryImageOfPage\":{\"@id\":\"https:\/\/agrologic.com\/product-catalog\/co2-sensor\/#primaryimage\"},\"image\":{\"@id\":\"https:\/\/agrologic.com\/product-catalog\/co2-sensor\/#primaryimage\"},\"thumbnailUrl\":\"https:\/\/agrologic.com\/wp-content\/uploads\/2015\/11\/36-2.png\",\"datePublished\":\"2015-11-18T10:43:35+00:00\",\"dateModified\":\"2016-01-07T11:58:45+00:00\",\"breadcrumb\":{\"@id\":\"https:\/\/agrologic.com\/product-catalog\/co2-sensor\/#breadcrumb\"},\"inLanguage\":\"es\",\"potentialAction\":[{\"@type\":\"ReadAction\",\"target\":[\"https:\/\/agrologic.com\/product-catalog\/co2-sensor\/\"]}]},{\"@type\":\"ImageObject\",\"inLanguage\":\"es\",\"@id\":\"https:\/\/agrologic.com\/product-catalog\/co2-sensor\/#primaryimage\",\"url\":\"https:\/\/agrologic.com\/wp-content\/uploads\/2015\/11\/36-2.png\",\"contentUrl\":\"https:\/\/agrologic.com\/wp-content\/uploads\/2015\/11\/36-2.png\",\"width\":800,\"height\":800},{\"@type\":\"BreadcrumbList\",\"@id\":\"https:\/\/agrologic.com\/product-catalog\/co2-sensor\/#breadcrumb\",\"itemListElement\":[{\"@type\":\"ListItem\",\"position\":1,\"name\":\"Home\",\"item\":\"https:\/\/agrologic.com\/es\/\"},{\"@type\":\"ListItem\",\"position\":2,\"name\":\"productos\",\"item\":\"https:\/\/agrologic.com\/productos\/\"},{\"@type\":\"ListItem\",\"position\":3,\"name\":\"CO2 Sensor\"}]},{\"@type\":\"WebSite\",\"@id\":\"https:\/\/agrologic.com\/#website\",\"url\":\"https:\/\/agrologic.com\/\",\"name\":\"Agrologic Ltd - poultry farming and pig raising\",\"description\":\"\",\"potentialAction\":[{\"@type\":\"SearchAction\",\"target\":{\"@type\":\"EntryPoint\",\"urlTemplate\":\"https:\/\/agrologic.com\/?s={search_term_string}\"},\"query-input\":{\"@type\":\"PropertyValueSpecification\",\"valueRequired\":true,\"valueName\":\"search_term_string\"}}],\"inLanguage\":\"es\"}]}<\/script>\n<!-- \/ Yoast SEO plugin. -->","yoast_head_json":{"title":"CO2 Sensor - Agrologic Ltd - poultry farming and pig raising","robots":{"index":"index","follow":"follow","max-snippet":"max-snippet:-1","max-image-preview":"max-image-preview:large","max-video-preview":"max-video-preview:-1"},"canonical":"https:\/\/agrologic.com\/product-catalog\/co2-sensor\/","og_locale":"es_ES","og_type":"article","og_title":"CO2 Sensor - Agrologic Ltd - poultry farming and pig raising","og_description":"El CO300 sensor es un sensor confiable y duradero de CO2 dise\u00f1ado para su uso en ambientes dif\u00edciles de agricultura o industria como en granjas av\u00edcolas o porcinas. El sensor es compensado para una temperatura de 0-50\u00b0C cubriendo un rango de 0-5000 PPM CO2. La medici\u00f3n de CO2 se convierte a una salida an\u00e1loga de 0-5V relativo a un rango de 0-5000 PPM CO2.  &nbsp;  &nbsp;  Especificaciones t\u00e9cnicas:  Voltaje de entrada: 13-24V DC  Voltaje de salida: 0-5V DC  Consumo: 100mA  Rango de RH: 20-95%  Temperatura de operaci\u00f3n: -20\u00b0 hasta 55\u00b0C  Exactitud: 75 PPM o 10% de la lectura (el que sea mayor)  &nbsp;","og_url":"https:\/\/agrologic.com\/product-catalog\/co2-sensor\/","og_site_name":"Agrologic Ltd - poultry farming and pig raising","article_modified_time":"2016-01-07T11:58:45+00:00","og_image":[{"width":800,"height":800,"url":"https:\/\/agrologic.com\/wp-content\/uploads\/2015\/11\/36-2.png","type":"image\/png"}],"twitter_card":"summary_large_image","schema":{"@context":"https:\/\/schema.org","@graph":[{"@type":"WebPage","@id":"https:\/\/agrologic.com\/product-catalog\/co2-sensor\/","url":"https:\/\/agrologic.com\/product-catalog\/co2-sensor\/","name":"CO2 Sensor - Agrologic Ltd - poultry farming and pig raising","isPartOf":{"@id":"https:\/\/agrologic.com\/#website"},"primaryImageOfPage":{"@id":"https:\/\/agrologic.com\/product-catalog\/co2-sensor\/#primaryimage"},"image":{"@id":"https:\/\/agrologic.com\/product-catalog\/co2-sensor\/#primaryimage"},"thumbnailUrl":"https:\/\/agrologic.com\/wp-content\/uploads\/2015\/11\/36-2.png","datePublished":"2015-11-18T10:43:35+00:00","dateModified":"2016-01-07T11:58:45+00:00","breadcrumb":{"@id":"https:\/\/agrologic.com\/product-catalog\/co2-sensor\/#breadcrumb"},"inLanguage":"es","potentialAction":[{"@type":"ReadAction","target":["https:\/\/agrologic.com\/product-catalog\/co2-sensor\/"]}]},{"@type":"ImageObject","inLanguage":"es","@id":"https:\/\/agrologic.com\/product-catalog\/co2-sensor\/#primaryimage","url":"https:\/\/agrologic.com\/wp-content\/uploads\/2015\/11\/36-2.png","contentUrl":"https:\/\/agrologic.com\/wp-content\/uploads\/2015\/11\/36-2.png","width":800,"height":800},{"@type":"BreadcrumbList","@id":"https:\/\/agrologic.com\/product-catalog\/co2-sensor\/#breadcrumb","itemListElement":[{"@type":"ListItem","position":1,"name":"Home","item":"https:\/\/agrologic.com\/es\/"},{"@type":"ListItem","position":2,"name":"productos","item":"https:\/\/agrologic.com\/productos\/"},{"@type":"ListItem","position":3,"name":"CO2 Sensor"}]},{"@type":"WebSite","@id":"https:\/\/agrologic.com\/#website","url":"https:\/\/agrologic.com\/","name":"Agrologic Ltd - poultry farming and pig raising","description":"","potentialAction":[{"@type":"SearchAction","target":{"@type":"EntryPoint","urlTemplate":"https:\/\/agrologic.com\/?s={search_term_string}"},"query-input":{"@type":"PropertyValueSpecification","valueRequired":true,"valueName":"search_term_string"}}],"inLanguage":"es"}]}},"_links":{"self":[{"href":"https:\/\/agrologic.com\/es\/wp-json\/wp\/v2\/product\/1330","targetHints":{"allow":["GET"]}}],"collection":[{"href":"https:\/\/agrologic.com\/es\/wp-json\/wp\/v2\/product"}],"about":[{"href":"https:\/\/agrologic.com\/es\/wp-json\/wp\/v2\/types\/product"}],"wp:featuredmedia":[{"embeddable":true,"href":"https:\/\/agrologic.com\/es\/wp-json\/wp\/v2\/media\/1241"}],"wp:attachment":[{"href":"https:\/\/agrologic.com\/es\/wp-json\/wp\/v2\/media?parent=1330"}],"wp:term":[{"taxonomy":"product_brand","embeddable":true,"href":"https:\/\/agrologic.com\/es\/wp-json\/wp\/v2\/product_brand?post=1330"},{"taxonomy":"product_cat","embeddable":true,"href":"https:\/\/agrologic.com\/es\/wp-json\/wp\/v2\/product_cat?post=1330"},{"taxonomy":"product_tag","embeddable":true,"href":"https:\/\/agrologic.com\/es\/wp-json\/wp\/v2\/product_tag?post=1330"}],"curies":[{"name":"wp","href":"https:\/\/api.w.org\/{rel}","templated":true}]}}