{"id":1327,"date":"2015-11-18T10:49:02","date_gmt":"2015-11-18T10:49:02","guid":{"rendered":"https:\/\/agrologic.com\/es\/product-catalog\/h-702a-humidity-sensor\/"},"modified":"2016-01-07T11:56:52","modified_gmt":"2016-01-07T11:56:52","slug":"h-702a-humidity-sensor","status":"publish","type":"product","link":"https:\/\/agrologic.com\/es\/product-catalog\/h-702a-humidity-sensor\/","title":{"rendered":"H-702A humidity sensor"},"content":{"rendered":"","protected":false},"excerpt":{"rendered":"<p><strong>H-702-A es un sensor duradero, confiable y accesible basado en un microprocesador electr\u00f3nico dise\u00f1ado para su uso en ambientes dif\u00edciles de agricultura e industria. El sensor compensa por la temperatura para medir la lectura correcta de humedad relativa sobre un gran rango de temperatura. La medici\u00f3n de humedad relativa se convierte a una se\u00f1al de 0 a 10 Volts y el sensor puede ser conectado a un controlador para mostrar la humedad medida.<\/strong><\/p>\n<p>&nbsp;<\/p>\n<p>Especificaciones t\u00e9cnicas:<\/p>\n<p>Voltaje de entrada: 13-24V DC<\/p>\n<p>Voltaje de salida: 0-10V DC<\/p>\n<p>Consumo: 10mA<\/p>\n<p>Rango de RH: 20-95%<\/p>\n<p>Temperatura de operaci\u00f3n: -20\u00b0 a 55\u00b0C (-4\u00b0 a 130\u00b0F)<\/p>\n<p>Exactitud: +\/- 5%<\/p>\n<p>&nbsp;<\/p>\n","protected":false},"featured_media":1034,"template":"","meta":{"_acf_changed":false},"product_brand":[],"product_cat":[42],"product_tag":[34,36],"class_list":{"0":"post-1327","1":"product","2":"type-product","3":"status-publish","4":"has-post-thumbnail","6":"product_cat-sensors-es","7":"product_tag-poultry-es","8":"product_tag-swine-es","10":"first","11":"instock","12":"shipping-taxable","13":"product-type-simple"},"acf":[],"yoast_head":"<!-- This site is optimized with the Yoast SEO plugin v25.2 - https:\/\/yoast.com\/wordpress\/plugins\/seo\/ -->\n<title>H-702A humidity sensor - Agrologic Ltd - poultry farming and pig raising<\/title>\n<meta name=\"robots\" content=\"index, follow, max-snippet:-1, max-image-preview:large, max-video-preview:-1\" \/>\n<link rel=\"canonical\" href=\"https:\/\/agrologic.com\/product-catalog\/h-702a-humidity-sensor\/\" \/>\n<meta property=\"og:locale\" content=\"es_ES\" \/>\n<meta property=\"og:type\" content=\"article\" \/>\n<meta property=\"og:title\" content=\"H-702A humidity sensor - Agrologic Ltd - poultry farming and pig raising\" \/>\n<meta property=\"og:description\" content=\"H-702-A es un sensor duradero, confiable y accesible basado en un microprocesador electr\u00f3nico dise\u00f1ado para su uso en ambientes dif\u00edciles de agricultura e industria. El sensor compensa por la temperatura para medir la lectura correcta de humedad relativa sobre un gran rango de temperatura. La medici\u00f3n de humedad relativa se convierte a una se\u00f1al de 0 a 10 Volts y el sensor puede ser conectado a un controlador para mostrar la humedad medida.  &nbsp;  Especificaciones t\u00e9cnicas:  Voltaje de entrada: 13-24V DC  Voltaje de salida: 0-10V DC  Consumo: 10mA  Rango de RH: 20-95%  Temperatura de operaci\u00f3n: -20\u00b0 a 55\u00b0C (-4\u00b0 a 130\u00b0F)  Exactitud: +\/- 5%  &nbsp;\" \/>\n<meta property=\"og:url\" content=\"https:\/\/agrologic.com\/product-catalog\/h-702a-humidity-sensor\/\" \/>\n<meta property=\"og:site_name\" content=\"Agrologic Ltd - poultry farming and pig raising\" \/>\n<meta property=\"article:modified_time\" content=\"2016-01-07T11:56:52+00:00\" \/>\n<meta property=\"og:image\" content=\"https:\/\/agrologic.com\/wp-content\/uploads\/2015\/12\/Humidity-Sensor.png\" \/>\n\t<meta property=\"og:image:width\" content=\"800\" \/>\n\t<meta property=\"og:image:height\" content=\"800\" \/>\n\t<meta property=\"og:image:type\" content=\"image\/png\" \/>\n<meta name=\"twitter:card\" content=\"summary_large_image\" \/>\n<script type=\"application\/ld+json\" class=\"yoast-schema-graph\">{\"@context\":\"https:\/\/schema.org\",\"@graph\":[{\"@type\":\"WebPage\",\"@id\":\"https:\/\/agrologic.com\/product-catalog\/h-702a-humidity-sensor\/\",\"url\":\"https:\/\/agrologic.com\/product-catalog\/h-702a-humidity-sensor\/\",\"name\":\"H-702A humidity sensor - Agrologic Ltd - poultry farming and pig raising\",\"isPartOf\":{\"@id\":\"https:\/\/agrologic.com\/#website\"},\"primaryImageOfPage\":{\"@id\":\"https:\/\/agrologic.com\/product-catalog\/h-702a-humidity-sensor\/#primaryimage\"},\"image\":{\"@id\":\"https:\/\/agrologic.com\/product-catalog\/h-702a-humidity-sensor\/#primaryimage\"},\"thumbnailUrl\":\"https:\/\/agrologic.com\/wp-content\/uploads\/2015\/12\/Humidity-Sensor.png\",\"datePublished\":\"2015-11-18T10:49:02+00:00\",\"dateModified\":\"2016-01-07T11:56:52+00:00\",\"breadcrumb\":{\"@id\":\"https:\/\/agrologic.com\/product-catalog\/h-702a-humidity-sensor\/#breadcrumb\"},\"inLanguage\":\"es\",\"potentialAction\":[{\"@type\":\"ReadAction\",\"target\":[\"https:\/\/agrologic.com\/product-catalog\/h-702a-humidity-sensor\/\"]}]},{\"@type\":\"ImageObject\",\"inLanguage\":\"es\",\"@id\":\"https:\/\/agrologic.com\/product-catalog\/h-702a-humidity-sensor\/#primaryimage\",\"url\":\"https:\/\/agrologic.com\/wp-content\/uploads\/2015\/12\/Humidity-Sensor.png\",\"contentUrl\":\"https:\/\/agrologic.com\/wp-content\/uploads\/2015\/12\/Humidity-Sensor.png\",\"width\":800,\"height\":800},{\"@type\":\"BreadcrumbList\",\"@id\":\"https:\/\/agrologic.com\/product-catalog\/h-702a-humidity-sensor\/#breadcrumb\",\"itemListElement\":[{\"@type\":\"ListItem\",\"position\":1,\"name\":\"Home\",\"item\":\"https:\/\/agrologic.com\/es\/\"},{\"@type\":\"ListItem\",\"position\":2,\"name\":\"productos\",\"item\":\"https:\/\/agrologic.com\/productos\/\"},{\"@type\":\"ListItem\",\"position\":3,\"name\":\"H-702A humidity sensor\"}]},{\"@type\":\"WebSite\",\"@id\":\"https:\/\/agrologic.com\/#website\",\"url\":\"https:\/\/agrologic.com\/\",\"name\":\"Agrologic Ltd - poultry farming and pig raising\",\"description\":\"\",\"potentialAction\":[{\"@type\":\"SearchAction\",\"target\":{\"@type\":\"EntryPoint\",\"urlTemplate\":\"https:\/\/agrologic.com\/?s={search_term_string}\"},\"query-input\":{\"@type\":\"PropertyValueSpecification\",\"valueRequired\":true,\"valueName\":\"search_term_string\"}}],\"inLanguage\":\"es\"}]}<\/script>\n<!-- \/ Yoast SEO plugin. -->","yoast_head_json":{"title":"H-702A humidity sensor - Agrologic Ltd - poultry farming and pig raising","robots":{"index":"index","follow":"follow","max-snippet":"max-snippet:-1","max-image-preview":"max-image-preview:large","max-video-preview":"max-video-preview:-1"},"canonical":"https:\/\/agrologic.com\/product-catalog\/h-702a-humidity-sensor\/","og_locale":"es_ES","og_type":"article","og_title":"H-702A humidity sensor - Agrologic Ltd - poultry farming and pig raising","og_description":"H-702-A es un sensor duradero, confiable y accesible basado en un microprocesador electr\u00f3nico dise\u00f1ado para su uso en ambientes dif\u00edciles de agricultura e industria. El sensor compensa por la temperatura para medir la lectura correcta de humedad relativa sobre un gran rango de temperatura. La medici\u00f3n de humedad relativa se convierte a una se\u00f1al de 0 a 10 Volts y el sensor puede ser conectado a un controlador para mostrar la humedad medida.  &nbsp;  Especificaciones t\u00e9cnicas:  Voltaje de entrada: 13-24V DC  Voltaje de salida: 0-10V DC  Consumo: 10mA  Rango de RH: 20-95%  Temperatura de operaci\u00f3n: -20\u00b0 a 55\u00b0C (-4\u00b0 a 130\u00b0F)  Exactitud: +\/- 5%  &nbsp;","og_url":"https:\/\/agrologic.com\/product-catalog\/h-702a-humidity-sensor\/","og_site_name":"Agrologic Ltd - poultry farming and pig raising","article_modified_time":"2016-01-07T11:56:52+00:00","og_image":[{"width":800,"height":800,"url":"https:\/\/agrologic.com\/wp-content\/uploads\/2015\/12\/Humidity-Sensor.png","type":"image\/png"}],"twitter_card":"summary_large_image","schema":{"@context":"https:\/\/schema.org","@graph":[{"@type":"WebPage","@id":"https:\/\/agrologic.com\/product-catalog\/h-702a-humidity-sensor\/","url":"https:\/\/agrologic.com\/product-catalog\/h-702a-humidity-sensor\/","name":"H-702A humidity sensor - Agrologic Ltd - poultry farming and pig raising","isPartOf":{"@id":"https:\/\/agrologic.com\/#website"},"primaryImageOfPage":{"@id":"https:\/\/agrologic.com\/product-catalog\/h-702a-humidity-sensor\/#primaryimage"},"image":{"@id":"https:\/\/agrologic.com\/product-catalog\/h-702a-humidity-sensor\/#primaryimage"},"thumbnailUrl":"https:\/\/agrologic.com\/wp-content\/uploads\/2015\/12\/Humidity-Sensor.png","datePublished":"2015-11-18T10:49:02+00:00","dateModified":"2016-01-07T11:56:52+00:00","breadcrumb":{"@id":"https:\/\/agrologic.com\/product-catalog\/h-702a-humidity-sensor\/#breadcrumb"},"inLanguage":"es","potentialAction":[{"@type":"ReadAction","target":["https:\/\/agrologic.com\/product-catalog\/h-702a-humidity-sensor\/"]}]},{"@type":"ImageObject","inLanguage":"es","@id":"https:\/\/agrologic.com\/product-catalog\/h-702a-humidity-sensor\/#primaryimage","url":"https:\/\/agrologic.com\/wp-content\/uploads\/2015\/12\/Humidity-Sensor.png","contentUrl":"https:\/\/agrologic.com\/wp-content\/uploads\/2015\/12\/Humidity-Sensor.png","width":800,"height":800},{"@type":"BreadcrumbList","@id":"https:\/\/agrologic.com\/product-catalog\/h-702a-humidity-sensor\/#breadcrumb","itemListElement":[{"@type":"ListItem","position":1,"name":"Home","item":"https:\/\/agrologic.com\/es\/"},{"@type":"ListItem","position":2,"name":"productos","item":"https:\/\/agrologic.com\/productos\/"},{"@type":"ListItem","position":3,"name":"H-702A humidity sensor"}]},{"@type":"WebSite","@id":"https:\/\/agrologic.com\/#website","url":"https:\/\/agrologic.com\/","name":"Agrologic Ltd - poultry farming and pig raising","description":"","potentialAction":[{"@type":"SearchAction","target":{"@type":"EntryPoint","urlTemplate":"https:\/\/agrologic.com\/?s={search_term_string}"},"query-input":{"@type":"PropertyValueSpecification","valueRequired":true,"valueName":"search_term_string"}}],"inLanguage":"es"}]}},"_links":{"self":[{"href":"https:\/\/agrologic.com\/es\/wp-json\/wp\/v2\/product\/1327","targetHints":{"allow":["GET"]}}],"collection":[{"href":"https:\/\/agrologic.com\/es\/wp-json\/wp\/v2\/product"}],"about":[{"href":"https:\/\/agrologic.com\/es\/wp-json\/wp\/v2\/types\/product"}],"wp:featuredmedia":[{"embeddable":true,"href":"https:\/\/agrologic.com\/es\/wp-json\/wp\/v2\/media\/1034"}],"wp:attachment":[{"href":"https:\/\/agrologic.com\/es\/wp-json\/wp\/v2\/media?parent=1327"}],"wp:term":[{"taxonomy":"product_brand","embeddable":true,"href":"https:\/\/agrologic.com\/es\/wp-json\/wp\/v2\/product_brand?post=1327"},{"taxonomy":"product_cat","embeddable":true,"href":"https:\/\/agrologic.com\/es\/wp-json\/wp\/v2\/product_cat?post=1327"},{"taxonomy":"product_tag","embeddable":true,"href":"https:\/\/agrologic.com\/es\/wp-json\/wp\/v2\/product_tag?post=1327"}],"curies":[{"name":"wp","href":"https:\/\/api.w.org\/{rel}","templated":true}]}}