{"id":1305,"date":"2015-11-18T11:20:30","date_gmt":"2015-11-18T11:20:30","guid":{"rendered":"https:\/\/agrologic.com\/es\/product-catalog\/sw2-feed-sensor\/"},"modified":"2024-06-10T10:14:01","modified_gmt":"2024-06-10T10:14:01","slug":"sw2-feed-sensor-2","status":"publish","type":"product","link":"https:\/\/agrologic.com\/es\/product-catalog\/sw2-feed-sensor-2\/","title":{"rendered":"SW3 Feed Sensor"},"content":{"rendered":"","protected":false},"excerpt":{"rendered":"<p><strong>El sensor de proximidad SW-3 es un interruptor controlado electr\u00f3nicamente y activado por la mayor\u00eda de materiales tan pronto el material se detecta.<\/strong><\/p>\n<p><strong>Confiabilidad<\/strong><\/p>\n<p>El uso de interruptores electr\u00f3nicos en vez de mec\u00e1nicos asegura confiabilidad, especialmente dado que las partes electr\u00f3nicas son completamente selladas, lo cual brinda protecci\u00f3n m\u00e1xima contra humedad, polvo y los dem\u00e1s factores.<\/p>\n<p><strong>Flexibilidad<\/strong><\/p>\n<p>El sensor de proximidad SW-3 puede reemplazar cualquier interruptor mec\u00e1nico de alimentaci\u00f3n en la tolva, silo y el \u00faltimo alimentador de bandeja.<\/p>\n<p><strong>T\u00e9cnica<\/strong><\/p>\n<p>El SW-3 es dise\u00f1ado con un microprocesador interno, lo cual le brinda a la unidad rendimiento \u00fanico en t\u00e9rminos de sensibilidad, exactitud de retraso por tiempo, facilidad de instalaci\u00f3n y rango amplio de temperaturas de operaci\u00f3n. Equipado con un contacto de conmutaci\u00f3n integrado, puede detener el motor cuando el alimento llegue al sensor o accionar el motor cuando hay falta de alimento. El retraso por tiempo se establece con dos botones con retrasos desde 1 seg. Hasta 2 horas, en incrementos de 10 segundos. Las conexiones se establecen a trav\u00e9s de 5 cables de n\u00facleo directamente a la fuente de energ\u00eda y el rel\u00e9s de sobrecarga del motor, o alternativamente al motor mismo (220V AC, m\u00e1x. 1 HP).<\/p>\n<p><strong>Instalaci\u00f3n<\/strong><\/p>\n<p>Los sensores pueden ser colocados en un racor PG36.<\/p>\n<p>Especificaciones t\u00e9cnicas:<\/p>\n<p>Alimentaci\u00f3n el\u00e9ctrica:\u00a0 90-250V AC<\/p>\n<p>Cambio de rel\u00e9s: NC\/NO contacto seco 220V 5A<\/p>\n<p>Cable:\u00a0 5 n\u00facleos 1 metro de longitud , 2 colores de LED como indicaci\u00f3n<\/p>\n<p>Longitud: 110 mm<\/p>\n<p>Di\u00e1metro: 31 mm<\/p>\n<p>Peso: 212 gr.<\/p>\n<p>Tiempo de retraso: 0 &#8211; 2 horas<\/p>\n<p>&nbsp;<\/p>\n","protected":false},"featured_media":2867,"template":"","meta":{"_acf_changed":false},"product_brand":[],"product_cat":[42],"product_tag":[34],"class_list":{"0":"post-1305","1":"product","2":"type-product","3":"status-publish","4":"has-post-thumbnail","6":"product_cat-sensors-es","7":"product_tag-poultry-es","9":"first","10":"instock","11":"shipping-taxable","12":"product-type-simple"},"acf":[],"yoast_head":"<!-- This site is optimized with the Yoast SEO plugin v25.2 - https:\/\/yoast.com\/wordpress\/plugins\/seo\/ -->\n<title>SW3 Feed Sensor - Agrologic Ltd - poultry farming and pig raising<\/title>\n<meta name=\"robots\" content=\"index, follow, max-snippet:-1, max-image-preview:large, max-video-preview:-1\" \/>\n<link rel=\"canonical\" href=\"https:\/\/agrologic.com\/es\/product-catalog\/sw2-feed-sensor-2\/\" \/>\n<meta property=\"og:locale\" content=\"es_ES\" \/>\n<meta property=\"og:type\" content=\"article\" \/>\n<meta property=\"og:title\" content=\"SW3 Feed Sensor - Agrologic Ltd - poultry farming and pig raising\" \/>\n<meta property=\"og:description\" content=\"El sensor de proximidad SW-3 es un interruptor controlado electr\u00f3nicamente y activado por la mayor\u00eda de materiales tan pronto el material se detecta.  Confiabilidad  El uso de interruptores electr\u00f3nicos en vez de mec\u00e1nicos asegura confiabilidad, especialmente dado que las partes electr\u00f3nicas son completamente selladas, lo cual brinda protecci\u00f3n m\u00e1xima contra humedad, polvo y los dem\u00e1s factores.  Flexibilidad  El sensor de proximidad SW-3 puede reemplazar cualquier interruptor mec\u00e1nico de alimentaci\u00f3n en la tolva, silo y el \u00faltimo alimentador de bandeja.  T\u00e9cnica  El SW-3 es dise\u00f1ado con un microprocesador interno, lo cual le brinda a la unidad rendimiento \u00fanico en t\u00e9rminos de sensibilidad, exactitud de retraso por tiempo, facilidad de instalaci\u00f3n y rango amplio de temperaturas de operaci\u00f3n. Equipado con un contacto de conmutaci\u00f3n integrado, puede detener el motor cuando el alimento llegue al sensor o accionar el motor cuando hay falta de alimento. El retraso por tiempo se establece con dos botones con retrasos desde 1 seg. Hasta 2 horas, en incrementos de 10 segundos. Las conexiones se establecen a trav\u00e9s de 5 cables de n\u00facleo directamente a la fuente de energ\u00eda y el rel\u00e9s de sobrecarga del motor, o alternativamente al motor mismo (220V AC, m\u00e1x. 1 HP).  Instalaci\u00f3n  Los sensores pueden ser colocados en un racor PG36.  Especificaciones t\u00e9cnicas:  Alimentaci\u00f3n el\u00e9ctrica:\u00a0 90-250V AC  Cambio de rel\u00e9s: NC\/NO contacto seco 220V 5A  Cable:\u00a0 5 n\u00facleos 1 metro de longitud , 2 colores de LED como indicaci\u00f3n  Longitud: 110 mm  Di\u00e1metro: 31 mm  Peso: 212 gr.  Tiempo de retraso: 0 - 2 horas  &nbsp;\" \/>\n<meta property=\"og:url\" content=\"https:\/\/agrologic.com\/es\/product-catalog\/sw2-feed-sensor-2\/\" \/>\n<meta property=\"og:site_name\" content=\"Agrologic Ltd - poultry farming and pig raising\" \/>\n<meta property=\"article:modified_time\" content=\"2024-06-10T10:14:01+00:00\" \/>\n<meta property=\"og:image\" content=\"https:\/\/agrologic.com\/wp-content\/uploads\/2023\/04\/S11433-e1680443021603.png\" \/>\n\t<meta property=\"og:image:width\" content=\"668\" \/>\n\t<meta property=\"og:image:height\" content=\"551\" \/>\n\t<meta property=\"og:image:type\" content=\"image\/png\" \/>\n<meta name=\"twitter:card\" content=\"summary_large_image\" \/>\n<script type=\"application\/ld+json\" class=\"yoast-schema-graph\">{\"@context\":\"https:\/\/schema.org\",\"@graph\":[{\"@type\":\"WebPage\",\"@id\":\"https:\/\/agrologic.com\/es\/product-catalog\/sw2-feed-sensor-2\/\",\"url\":\"https:\/\/agrologic.com\/es\/product-catalog\/sw2-feed-sensor-2\/\",\"name\":\"SW3 Feed Sensor - Agrologic Ltd - poultry farming and pig raising\",\"isPartOf\":{\"@id\":\"https:\/\/agrologic.com\/#website\"},\"primaryImageOfPage\":{\"@id\":\"https:\/\/agrologic.com\/es\/product-catalog\/sw2-feed-sensor-2\/#primaryimage\"},\"image\":{\"@id\":\"https:\/\/agrologic.com\/es\/product-catalog\/sw2-feed-sensor-2\/#primaryimage\"},\"thumbnailUrl\":\"https:\/\/agrologic.com\/wp-content\/uploads\/2023\/04\/S11433-e1680443021603.png\",\"datePublished\":\"2015-11-18T11:20:30+00:00\",\"dateModified\":\"2024-06-10T10:14:01+00:00\",\"breadcrumb\":{\"@id\":\"https:\/\/agrologic.com\/es\/product-catalog\/sw2-feed-sensor-2\/#breadcrumb\"},\"inLanguage\":\"es\",\"potentialAction\":[{\"@type\":\"ReadAction\",\"target\":[\"https:\/\/agrologic.com\/es\/product-catalog\/sw2-feed-sensor-2\/\"]}]},{\"@type\":\"ImageObject\",\"inLanguage\":\"es\",\"@id\":\"https:\/\/agrologic.com\/es\/product-catalog\/sw2-feed-sensor-2\/#primaryimage\",\"url\":\"https:\/\/agrologic.com\/wp-content\/uploads\/2023\/04\/S11433-e1680443021603.png\",\"contentUrl\":\"https:\/\/agrologic.com\/wp-content\/uploads\/2023\/04\/S11433-e1680443021603.png\",\"width\":668,\"height\":551},{\"@type\":\"BreadcrumbList\",\"@id\":\"https:\/\/agrologic.com\/es\/product-catalog\/sw2-feed-sensor-2\/#breadcrumb\",\"itemListElement\":[{\"@type\":\"ListItem\",\"position\":1,\"name\":\"Home\",\"item\":\"https:\/\/agrologic.com\/es\/\"},{\"@type\":\"ListItem\",\"position\":2,\"name\":\"productos\",\"item\":\"https:\/\/agrologic.com\/productos\/\"},{\"@type\":\"ListItem\",\"position\":3,\"name\":\"SW3 Feed Sensor\"}]},{\"@type\":\"WebSite\",\"@id\":\"https:\/\/agrologic.com\/#website\",\"url\":\"https:\/\/agrologic.com\/\",\"name\":\"Agrologic Ltd - poultry farming and pig raising\",\"description\":\"\",\"potentialAction\":[{\"@type\":\"SearchAction\",\"target\":{\"@type\":\"EntryPoint\",\"urlTemplate\":\"https:\/\/agrologic.com\/?s={search_term_string}\"},\"query-input\":{\"@type\":\"PropertyValueSpecification\",\"valueRequired\":true,\"valueName\":\"search_term_string\"}}],\"inLanguage\":\"es\"}]}<\/script>\n<!-- \/ Yoast SEO plugin. -->","yoast_head_json":{"title":"SW3 Feed Sensor - Agrologic Ltd - poultry farming and pig raising","robots":{"index":"index","follow":"follow","max-snippet":"max-snippet:-1","max-image-preview":"max-image-preview:large","max-video-preview":"max-video-preview:-1"},"canonical":"https:\/\/agrologic.com\/es\/product-catalog\/sw2-feed-sensor-2\/","og_locale":"es_ES","og_type":"article","og_title":"SW3 Feed Sensor - Agrologic Ltd - poultry farming and pig raising","og_description":"El sensor de proximidad SW-3 es un interruptor controlado electr\u00f3nicamente y activado por la mayor\u00eda de materiales tan pronto el material se detecta.  Confiabilidad  El uso de interruptores electr\u00f3nicos en vez de mec\u00e1nicos asegura confiabilidad, especialmente dado que las partes electr\u00f3nicas son completamente selladas, lo cual brinda protecci\u00f3n m\u00e1xima contra humedad, polvo y los dem\u00e1s factores.  Flexibilidad  El sensor de proximidad SW-3 puede reemplazar cualquier interruptor mec\u00e1nico de alimentaci\u00f3n en la tolva, silo y el \u00faltimo alimentador de bandeja.  T\u00e9cnica  El SW-3 es dise\u00f1ado con un microprocesador interno, lo cual le brinda a la unidad rendimiento \u00fanico en t\u00e9rminos de sensibilidad, exactitud de retraso por tiempo, facilidad de instalaci\u00f3n y rango amplio de temperaturas de operaci\u00f3n. Equipado con un contacto de conmutaci\u00f3n integrado, puede detener el motor cuando el alimento llegue al sensor o accionar el motor cuando hay falta de alimento. El retraso por tiempo se establece con dos botones con retrasos desde 1 seg. Hasta 2 horas, en incrementos de 10 segundos. Las conexiones se establecen a trav\u00e9s de 5 cables de n\u00facleo directamente a la fuente de energ\u00eda y el rel\u00e9s de sobrecarga del motor, o alternativamente al motor mismo (220V AC, m\u00e1x. 1 HP).  Instalaci\u00f3n  Los sensores pueden ser colocados en un racor PG36.  Especificaciones t\u00e9cnicas:  Alimentaci\u00f3n el\u00e9ctrica:\u00a0 90-250V AC  Cambio de rel\u00e9s: NC\/NO contacto seco 220V 5A  Cable:\u00a0 5 n\u00facleos 1 metro de longitud , 2 colores de LED como indicaci\u00f3n  Longitud: 110 mm  Di\u00e1metro: 31 mm  Peso: 212 gr.  Tiempo de retraso: 0 - 2 horas  &nbsp;","og_url":"https:\/\/agrologic.com\/es\/product-catalog\/sw2-feed-sensor-2\/","og_site_name":"Agrologic Ltd - poultry farming and pig raising","article_modified_time":"2024-06-10T10:14:01+00:00","og_image":[{"width":668,"height":551,"url":"https:\/\/agrologic.com\/wp-content\/uploads\/2023\/04\/S11433-e1680443021603.png","type":"image\/png"}],"twitter_card":"summary_large_image","schema":{"@context":"https:\/\/schema.org","@graph":[{"@type":"WebPage","@id":"https:\/\/agrologic.com\/es\/product-catalog\/sw2-feed-sensor-2\/","url":"https:\/\/agrologic.com\/es\/product-catalog\/sw2-feed-sensor-2\/","name":"SW3 Feed Sensor - Agrologic Ltd - poultry farming and pig raising","isPartOf":{"@id":"https:\/\/agrologic.com\/#website"},"primaryImageOfPage":{"@id":"https:\/\/agrologic.com\/es\/product-catalog\/sw2-feed-sensor-2\/#primaryimage"},"image":{"@id":"https:\/\/agrologic.com\/es\/product-catalog\/sw2-feed-sensor-2\/#primaryimage"},"thumbnailUrl":"https:\/\/agrologic.com\/wp-content\/uploads\/2023\/04\/S11433-e1680443021603.png","datePublished":"2015-11-18T11:20:30+00:00","dateModified":"2024-06-10T10:14:01+00:00","breadcrumb":{"@id":"https:\/\/agrologic.com\/es\/product-catalog\/sw2-feed-sensor-2\/#breadcrumb"},"inLanguage":"es","potentialAction":[{"@type":"ReadAction","target":["https:\/\/agrologic.com\/es\/product-catalog\/sw2-feed-sensor-2\/"]}]},{"@type":"ImageObject","inLanguage":"es","@id":"https:\/\/agrologic.com\/es\/product-catalog\/sw2-feed-sensor-2\/#primaryimage","url":"https:\/\/agrologic.com\/wp-content\/uploads\/2023\/04\/S11433-e1680443021603.png","contentUrl":"https:\/\/agrologic.com\/wp-content\/uploads\/2023\/04\/S11433-e1680443021603.png","width":668,"height":551},{"@type":"BreadcrumbList","@id":"https:\/\/agrologic.com\/es\/product-catalog\/sw2-feed-sensor-2\/#breadcrumb","itemListElement":[{"@type":"ListItem","position":1,"name":"Home","item":"https:\/\/agrologic.com\/es\/"},{"@type":"ListItem","position":2,"name":"productos","item":"https:\/\/agrologic.com\/productos\/"},{"@type":"ListItem","position":3,"name":"SW3 Feed Sensor"}]},{"@type":"WebSite","@id":"https:\/\/agrologic.com\/#website","url":"https:\/\/agrologic.com\/","name":"Agrologic Ltd - poultry farming and pig raising","description":"","potentialAction":[{"@type":"SearchAction","target":{"@type":"EntryPoint","urlTemplate":"https:\/\/agrologic.com\/?s={search_term_string}"},"query-input":{"@type":"PropertyValueSpecification","valueRequired":true,"valueName":"search_term_string"}}],"inLanguage":"es"}]}},"_links":{"self":[{"href":"https:\/\/agrologic.com\/es\/wp-json\/wp\/v2\/product\/1305","targetHints":{"allow":["GET"]}}],"collection":[{"href":"https:\/\/agrologic.com\/es\/wp-json\/wp\/v2\/product"}],"about":[{"href":"https:\/\/agrologic.com\/es\/wp-json\/wp\/v2\/types\/product"}],"wp:featuredmedia":[{"embeddable":true,"href":"https:\/\/agrologic.com\/es\/wp-json\/wp\/v2\/media\/2867"}],"wp:attachment":[{"href":"https:\/\/agrologic.com\/es\/wp-json\/wp\/v2\/media?parent=1305"}],"wp:term":[{"taxonomy":"product_brand","embeddable":true,"href":"https:\/\/agrologic.com\/es\/wp-json\/wp\/v2\/product_brand?post=1305"},{"taxonomy":"product_cat","embeddable":true,"href":"https:\/\/agrologic.com\/es\/wp-json\/wp\/v2\/product_cat?post=1305"},{"taxonomy":"product_tag","embeddable":true,"href":"https:\/\/agrologic.com\/es\/wp-json\/wp\/v2\/product_tag?post=1305"}],"curies":[{"name":"wp","href":"https:\/\/api.w.org\/{rel}","templated":true}]}}