{"id":1302,"date":"2015-11-18T11:46:56","date_gmt":"2015-11-18T11:46:56","guid":{"rendered":"https:\/\/agrologic.com\/es\/product-catalog\/hg20\/"},"modified":"2016-01-13T09:19:29","modified_gmt":"2016-01-13T09:19:29","slug":"hg20","status":"publish","type":"product","link":"https:\/\/agrologic.com\/es\/product-catalog\/hg20\/","title":{"rendered":"HG20"},"content":{"rendered":"","protected":false},"excerpt":{"rendered":"<p><strong>La HG20 balanza colgada se dise\u00f1\u00f3 especialmente para empezar desde d\u00eda uno. Se dise\u00f1\u00f3 para f\u00e1cil instalaci\u00f3n y proporciona acceso claro y f\u00e1cil para aves, sin cables o electr\u00f3nica cerca de la camilla. La unidad es de f\u00e1cil limpieza y construida para un n\u00famero elevado de pesos \u2013 siendo tanto efectiva en t\u00e9rminos de costos y con bajo mantenimiento.\u00a0<\/strong><\/p>\n<p>Las unidades de peso HG20 se pueden conectar a los controladores Image II, ChickScale 205 o ChickScale 850.<\/p>\n","protected":false},"featured_media":1778,"template":"","meta":{"_acf_changed":false},"product_brand":[],"product_cat":[39],"product_tag":[34],"class_list":{"0":"post-1302","1":"product","2":"type-product","3":"status-publish","4":"has-post-thumbnail","6":"product_cat-animal-weighing-equipment-es","7":"product_tag-poultry-es","9":"first","10":"instock","11":"shipping-taxable","12":"product-type-simple"},"acf":[],"yoast_head":"<!-- This site is optimized with the Yoast SEO plugin v25.2 - https:\/\/yoast.com\/wordpress\/plugins\/seo\/ -->\n<title>HG20 - Agrologic Ltd - poultry farming and pig raising<\/title>\n<meta name=\"robots\" content=\"index, follow, max-snippet:-1, max-image-preview:large, max-video-preview:-1\" \/>\n<link rel=\"canonical\" href=\"https:\/\/agrologic.com\/product-catalog\/hg20\/\" \/>\n<meta property=\"og:locale\" content=\"es_ES\" \/>\n<meta property=\"og:type\" content=\"article\" \/>\n<meta property=\"og:title\" content=\"HG20 - Agrologic Ltd - poultry farming and pig raising\" \/>\n<meta property=\"og:description\" content=\"La HG20 balanza colgada se dise\u00f1\u00f3 especialmente para empezar desde d\u00eda uno. Se dise\u00f1\u00f3 para f\u00e1cil instalaci\u00f3n y proporciona acceso claro y f\u00e1cil para aves, sin cables o electr\u00f3nica cerca de la camilla. La unidad es de f\u00e1cil limpieza y construida para un n\u00famero elevado de pesos \u2013 siendo tanto efectiva en t\u00e9rminos de costos y con bajo mantenimiento.\u00a0  Las unidades de peso HG20 se pueden conectar a los controladores Image II, ChickScale 205 o ChickScale 850.\" \/>\n<meta property=\"og:url\" content=\"https:\/\/agrologic.com\/product-catalog\/hg20\/\" \/>\n<meta property=\"og:site_name\" content=\"Agrologic Ltd - poultry farming and pig raising\" \/>\n<meta property=\"article:modified_time\" content=\"2016-01-13T09:19:29+00:00\" \/>\n<meta property=\"og:image\" content=\"https:\/\/agrologic.com\/wp-content\/uploads\/2015\/11\/weighing-plate-1.png\" \/>\n\t<meta property=\"og:image:width\" content=\"800\" \/>\n\t<meta property=\"og:image:height\" content=\"800\" \/>\n\t<meta property=\"og:image:type\" content=\"image\/png\" \/>\n<meta name=\"twitter:card\" content=\"summary_large_image\" \/>\n<script type=\"application\/ld+json\" class=\"yoast-schema-graph\">{\"@context\":\"https:\/\/schema.org\",\"@graph\":[{\"@type\":\"WebPage\",\"@id\":\"https:\/\/agrologic.com\/product-catalog\/hg20\/\",\"url\":\"https:\/\/agrologic.com\/product-catalog\/hg20\/\",\"name\":\"HG20 - Agrologic Ltd - poultry farming and pig raising\",\"isPartOf\":{\"@id\":\"https:\/\/agrologic.com\/#website\"},\"primaryImageOfPage\":{\"@id\":\"https:\/\/agrologic.com\/product-catalog\/hg20\/#primaryimage\"},\"image\":{\"@id\":\"https:\/\/agrologic.com\/product-catalog\/hg20\/#primaryimage\"},\"thumbnailUrl\":\"https:\/\/agrologic.com\/wp-content\/uploads\/2015\/11\/weighing-plate-1.png\",\"datePublished\":\"2015-11-18T11:46:56+00:00\",\"dateModified\":\"2016-01-13T09:19:29+00:00\",\"breadcrumb\":{\"@id\":\"https:\/\/agrologic.com\/product-catalog\/hg20\/#breadcrumb\"},\"inLanguage\":\"es\",\"potentialAction\":[{\"@type\":\"ReadAction\",\"target\":[\"https:\/\/agrologic.com\/product-catalog\/hg20\/\"]}]},{\"@type\":\"ImageObject\",\"inLanguage\":\"es\",\"@id\":\"https:\/\/agrologic.com\/product-catalog\/hg20\/#primaryimage\",\"url\":\"https:\/\/agrologic.com\/wp-content\/uploads\/2015\/11\/weighing-plate-1.png\",\"contentUrl\":\"https:\/\/agrologic.com\/wp-content\/uploads\/2015\/11\/weighing-plate-1.png\",\"width\":800,\"height\":800},{\"@type\":\"BreadcrumbList\",\"@id\":\"https:\/\/agrologic.com\/product-catalog\/hg20\/#breadcrumb\",\"itemListElement\":[{\"@type\":\"ListItem\",\"position\":1,\"name\":\"Home\",\"item\":\"https:\/\/agrologic.com\/es\/\"},{\"@type\":\"ListItem\",\"position\":2,\"name\":\"productos\",\"item\":\"https:\/\/agrologic.com\/productos\/\"},{\"@type\":\"ListItem\",\"position\":3,\"name\":\"HG20\"}]},{\"@type\":\"WebSite\",\"@id\":\"https:\/\/agrologic.com\/#website\",\"url\":\"https:\/\/agrologic.com\/\",\"name\":\"Agrologic Ltd - poultry farming and pig raising\",\"description\":\"\",\"potentialAction\":[{\"@type\":\"SearchAction\",\"target\":{\"@type\":\"EntryPoint\",\"urlTemplate\":\"https:\/\/agrologic.com\/?s={search_term_string}\"},\"query-input\":{\"@type\":\"PropertyValueSpecification\",\"valueRequired\":true,\"valueName\":\"search_term_string\"}}],\"inLanguage\":\"es\"}]}<\/script>\n<!-- \/ Yoast SEO plugin. -->","yoast_head_json":{"title":"HG20 - Agrologic Ltd - poultry farming and pig raising","robots":{"index":"index","follow":"follow","max-snippet":"max-snippet:-1","max-image-preview":"max-image-preview:large","max-video-preview":"max-video-preview:-1"},"canonical":"https:\/\/agrologic.com\/product-catalog\/hg20\/","og_locale":"es_ES","og_type":"article","og_title":"HG20 - Agrologic Ltd - poultry farming and pig raising","og_description":"La HG20 balanza colgada se dise\u00f1\u00f3 especialmente para empezar desde d\u00eda uno. Se dise\u00f1\u00f3 para f\u00e1cil instalaci\u00f3n y proporciona acceso claro y f\u00e1cil para aves, sin cables o electr\u00f3nica cerca de la camilla. La unidad es de f\u00e1cil limpieza y construida para un n\u00famero elevado de pesos \u2013 siendo tanto efectiva en t\u00e9rminos de costos y con bajo mantenimiento.\u00a0  Las unidades de peso HG20 se pueden conectar a los controladores Image II, ChickScale 205 o ChickScale 850.","og_url":"https:\/\/agrologic.com\/product-catalog\/hg20\/","og_site_name":"Agrologic Ltd - poultry farming and pig raising","article_modified_time":"2016-01-13T09:19:29+00:00","og_image":[{"width":800,"height":800,"url":"https:\/\/agrologic.com\/wp-content\/uploads\/2015\/11\/weighing-plate-1.png","type":"image\/png"}],"twitter_card":"summary_large_image","schema":{"@context":"https:\/\/schema.org","@graph":[{"@type":"WebPage","@id":"https:\/\/agrologic.com\/product-catalog\/hg20\/","url":"https:\/\/agrologic.com\/product-catalog\/hg20\/","name":"HG20 - Agrologic Ltd - poultry farming and pig raising","isPartOf":{"@id":"https:\/\/agrologic.com\/#website"},"primaryImageOfPage":{"@id":"https:\/\/agrologic.com\/product-catalog\/hg20\/#primaryimage"},"image":{"@id":"https:\/\/agrologic.com\/product-catalog\/hg20\/#primaryimage"},"thumbnailUrl":"https:\/\/agrologic.com\/wp-content\/uploads\/2015\/11\/weighing-plate-1.png","datePublished":"2015-11-18T11:46:56+00:00","dateModified":"2016-01-13T09:19:29+00:00","breadcrumb":{"@id":"https:\/\/agrologic.com\/product-catalog\/hg20\/#breadcrumb"},"inLanguage":"es","potentialAction":[{"@type":"ReadAction","target":["https:\/\/agrologic.com\/product-catalog\/hg20\/"]}]},{"@type":"ImageObject","inLanguage":"es","@id":"https:\/\/agrologic.com\/product-catalog\/hg20\/#primaryimage","url":"https:\/\/agrologic.com\/wp-content\/uploads\/2015\/11\/weighing-plate-1.png","contentUrl":"https:\/\/agrologic.com\/wp-content\/uploads\/2015\/11\/weighing-plate-1.png","width":800,"height":800},{"@type":"BreadcrumbList","@id":"https:\/\/agrologic.com\/product-catalog\/hg20\/#breadcrumb","itemListElement":[{"@type":"ListItem","position":1,"name":"Home","item":"https:\/\/agrologic.com\/es\/"},{"@type":"ListItem","position":2,"name":"productos","item":"https:\/\/agrologic.com\/productos\/"},{"@type":"ListItem","position":3,"name":"HG20"}]},{"@type":"WebSite","@id":"https:\/\/agrologic.com\/#website","url":"https:\/\/agrologic.com\/","name":"Agrologic Ltd - poultry farming and pig raising","description":"","potentialAction":[{"@type":"SearchAction","target":{"@type":"EntryPoint","urlTemplate":"https:\/\/agrologic.com\/?s={search_term_string}"},"query-input":{"@type":"PropertyValueSpecification","valueRequired":true,"valueName":"search_term_string"}}],"inLanguage":"es"}]}},"_links":{"self":[{"href":"https:\/\/agrologic.com\/es\/wp-json\/wp\/v2\/product\/1302","targetHints":{"allow":["GET"]}}],"collection":[{"href":"https:\/\/agrologic.com\/es\/wp-json\/wp\/v2\/product"}],"about":[{"href":"https:\/\/agrologic.com\/es\/wp-json\/wp\/v2\/types\/product"}],"wp:featuredmedia":[{"embeddable":true,"href":"https:\/\/agrologic.com\/es\/wp-json\/wp\/v2\/media\/1778"}],"wp:attachment":[{"href":"https:\/\/agrologic.com\/es\/wp-json\/wp\/v2\/media?parent=1302"}],"wp:term":[{"taxonomy":"product_brand","embeddable":true,"href":"https:\/\/agrologic.com\/es\/wp-json\/wp\/v2\/product_brand?post=1302"},{"taxonomy":"product_cat","embeddable":true,"href":"https:\/\/agrologic.com\/es\/wp-json\/wp\/v2\/product_cat?post=1302"},{"taxonomy":"product_tag","embeddable":true,"href":"https:\/\/agrologic.com\/es\/wp-json\/wp\/v2\/product_tag?post=1302"}],"curies":[{"name":"wp","href":"https:\/\/api.w.org\/{rel}","templated":true}]}}