{"id":1295,"date":"2015-11-18T11:39:47","date_gmt":"2015-11-18T11:39:47","guid":{"rendered":"https:\/\/agrologic.com\/es\/product-catalog\/chick-scale-205\/"},"modified":"2016-06-19T05:08:30","modified_gmt":"2016-06-19T05:08:30","slug":"chick-scale-205","status":"publish","type":"product","link":"https:\/\/agrologic.com\/es\/product-catalog\/chick-scale-205\/","title":{"rendered":"Chick Scale 205"},"content":{"rendered":"","protected":false},"excerpt":{"rendered":"<p><strong>Chick Scale es un sistema de pesar de aves aut\u00f3nomo, autom\u00e1tico y electr\u00f3nico interno el cual ayuda a hacer el peso de aves m\u00e1s f\u00e1cil, r\u00e1pido y exacto. Viene en dos modelos:<\/strong><\/p>\n<ul>\n<li>CS205 para su uso con 2 balanzas<\/li>\n<li>CS850 para su uso con 8 balanzas<\/li>\n<\/ul>\n<p>Chick Scale les proporciona a los granjeros los datos diarios de peso necesarios para la crianza de manera m\u00e1s efectiva y eficiente. El sistema viene con algunas funcionalidades y beneficios \u00fanicos:<\/p>\n<ul>\n<li>Un sistema de pesar completamente autom\u00e1tico<\/li>\n<li>Peso diario promedio de un n\u00famero elevado de pesos<\/li>\n<li>Uniformidad con renglones de 25 gramos<\/li>\n<li>Reduce el estr\u00e9s de aves asociado con el peso manual<\/li>\n<li>Costos de trabajo reducidos<\/li>\n<li>Edad del reba\u00f1o y tiempo actual<\/li>\n<li>Alerta temprana sobre inminentes problemas de salud<\/li>\n<li>Control completo para tiempos de entrega \u00f3ptimos<\/li>\n<\/ul>\n<p>&nbsp;<\/p>\n<p>&nbsp;<\/p>\n","protected":false},"featured_media":971,"template":"","meta":{"_acf_changed":false},"product_brand":[],"product_cat":[39],"product_tag":[34],"class_list":{"0":"post-1295","1":"product","2":"type-product","3":"status-publish","4":"has-post-thumbnail","6":"product_cat-animal-weighing-equipment-es","7":"product_tag-poultry-es","9":"first","10":"instock","11":"shipping-taxable","12":"product-type-simple"},"acf":[],"yoast_head":"<!-- This site is optimized with the Yoast SEO plugin v25.2 - https:\/\/yoast.com\/wordpress\/plugins\/seo\/ -->\n<title>Chick Scale 205 - Agrologic Ltd - poultry farming and pig raising<\/title>\n<meta name=\"robots\" content=\"index, follow, max-snippet:-1, max-image-preview:large, max-video-preview:-1\" \/>\n<link rel=\"canonical\" href=\"https:\/\/agrologic.com\/product-catalog\/chick-scale-205\/\" \/>\n<meta property=\"og:locale\" content=\"es_ES\" \/>\n<meta property=\"og:type\" content=\"article\" \/>\n<meta property=\"og:title\" content=\"Chick Scale 205 - Agrologic Ltd - poultry farming and pig raising\" \/>\n<meta property=\"og:description\" content=\"Chick Scale es un sistema de pesar de aves aut\u00f3nomo, autom\u00e1tico y electr\u00f3nico interno el cual ayuda a hacer el peso de aves m\u00e1s f\u00e1cil, r\u00e1pido y exacto. Viene en dos modelos:   CS205 para su uso con 2 balanzas  CS850 para su uso con 8 balanzas  Chick Scale les proporciona a los granjeros los datos diarios de peso necesarios para la crianza de manera m\u00e1s efectiva y eficiente. El sistema viene con algunas funcionalidades y beneficios \u00fanicos:   Un sistema de pesar completamente autom\u00e1tico  Peso diario promedio de un n\u00famero elevado de pesos  Uniformidad con renglones de 25 gramos  Reduce el estr\u00e9s de aves asociado con el peso manual  Costos de trabajo reducidos  Edad del reba\u00f1o y tiempo actual  Alerta temprana sobre inminentes problemas de salud  Control completo para tiempos de entrega \u00f3ptimos  &nbsp;  &nbsp;\" \/>\n<meta property=\"og:url\" content=\"https:\/\/agrologic.com\/product-catalog\/chick-scale-205\/\" \/>\n<meta property=\"og:site_name\" content=\"Agrologic Ltd - poultry farming and pig raising\" \/>\n<meta property=\"article:modified_time\" content=\"2016-06-19T05:08:30+00:00\" \/>\n<meta property=\"og:image\" content=\"https:\/\/agrologic.com\/wp-content\/uploads\/2015\/12\/ChickScale-205-front.png\" \/>\n\t<meta property=\"og:image:width\" content=\"800\" \/>\n\t<meta property=\"og:image:height\" content=\"800\" \/>\n\t<meta property=\"og:image:type\" content=\"image\/png\" \/>\n<meta name=\"twitter:card\" content=\"summary_large_image\" \/>\n<script type=\"application\/ld+json\" class=\"yoast-schema-graph\">{\"@context\":\"https:\/\/schema.org\",\"@graph\":[{\"@type\":\"WebPage\",\"@id\":\"https:\/\/agrologic.com\/product-catalog\/chick-scale-205\/\",\"url\":\"https:\/\/agrologic.com\/product-catalog\/chick-scale-205\/\",\"name\":\"Chick Scale 205 - Agrologic Ltd - poultry farming and pig raising\",\"isPartOf\":{\"@id\":\"https:\/\/agrologic.com\/#website\"},\"primaryImageOfPage\":{\"@id\":\"https:\/\/agrologic.com\/product-catalog\/chick-scale-205\/#primaryimage\"},\"image\":{\"@id\":\"https:\/\/agrologic.com\/product-catalog\/chick-scale-205\/#primaryimage\"},\"thumbnailUrl\":\"https:\/\/agrologic.com\/wp-content\/uploads\/2015\/12\/ChickScale-205-front.png\",\"datePublished\":\"2015-11-18T11:39:47+00:00\",\"dateModified\":\"2016-06-19T05:08:30+00:00\",\"breadcrumb\":{\"@id\":\"https:\/\/agrologic.com\/product-catalog\/chick-scale-205\/#breadcrumb\"},\"inLanguage\":\"es\",\"potentialAction\":[{\"@type\":\"ReadAction\",\"target\":[\"https:\/\/agrologic.com\/product-catalog\/chick-scale-205\/\"]}]},{\"@type\":\"ImageObject\",\"inLanguage\":\"es\",\"@id\":\"https:\/\/agrologic.com\/product-catalog\/chick-scale-205\/#primaryimage\",\"url\":\"https:\/\/agrologic.com\/wp-content\/uploads\/2015\/12\/ChickScale-205-front.png\",\"contentUrl\":\"https:\/\/agrologic.com\/wp-content\/uploads\/2015\/12\/ChickScale-205-front.png\",\"width\":800,\"height\":800},{\"@type\":\"BreadcrumbList\",\"@id\":\"https:\/\/agrologic.com\/product-catalog\/chick-scale-205\/#breadcrumb\",\"itemListElement\":[{\"@type\":\"ListItem\",\"position\":1,\"name\":\"Home\",\"item\":\"https:\/\/agrologic.com\/es\/\"},{\"@type\":\"ListItem\",\"position\":2,\"name\":\"productos\",\"item\":\"https:\/\/agrologic.com\/productos\/\"},{\"@type\":\"ListItem\",\"position\":3,\"name\":\"Chick Scale 205\"}]},{\"@type\":\"WebSite\",\"@id\":\"https:\/\/agrologic.com\/#website\",\"url\":\"https:\/\/agrologic.com\/\",\"name\":\"Agrologic Ltd - poultry farming and pig raising\",\"description\":\"\",\"potentialAction\":[{\"@type\":\"SearchAction\",\"target\":{\"@type\":\"EntryPoint\",\"urlTemplate\":\"https:\/\/agrologic.com\/?s={search_term_string}\"},\"query-input\":{\"@type\":\"PropertyValueSpecification\",\"valueRequired\":true,\"valueName\":\"search_term_string\"}}],\"inLanguage\":\"es\"}]}<\/script>\n<!-- \/ Yoast SEO plugin. -->","yoast_head_json":{"title":"Chick Scale 205 - Agrologic Ltd - poultry farming and pig raising","robots":{"index":"index","follow":"follow","max-snippet":"max-snippet:-1","max-image-preview":"max-image-preview:large","max-video-preview":"max-video-preview:-1"},"canonical":"https:\/\/agrologic.com\/product-catalog\/chick-scale-205\/","og_locale":"es_ES","og_type":"article","og_title":"Chick Scale 205 - Agrologic Ltd - poultry farming and pig raising","og_description":"Chick Scale es un sistema de pesar de aves aut\u00f3nomo, autom\u00e1tico y electr\u00f3nico interno el cual ayuda a hacer el peso de aves m\u00e1s f\u00e1cil, r\u00e1pido y exacto. Viene en dos modelos:   CS205 para su uso con 2 balanzas  CS850 para su uso con 8 balanzas  Chick Scale les proporciona a los granjeros los datos diarios de peso necesarios para la crianza de manera m\u00e1s efectiva y eficiente. El sistema viene con algunas funcionalidades y beneficios \u00fanicos:   Un sistema de pesar completamente autom\u00e1tico  Peso diario promedio de un n\u00famero elevado de pesos  Uniformidad con renglones de 25 gramos  Reduce el estr\u00e9s de aves asociado con el peso manual  Costos de trabajo reducidos  Edad del reba\u00f1o y tiempo actual  Alerta temprana sobre inminentes problemas de salud  Control completo para tiempos de entrega \u00f3ptimos  &nbsp;  &nbsp;","og_url":"https:\/\/agrologic.com\/product-catalog\/chick-scale-205\/","og_site_name":"Agrologic Ltd - poultry farming and pig raising","article_modified_time":"2016-06-19T05:08:30+00:00","og_image":[{"width":800,"height":800,"url":"https:\/\/agrologic.com\/wp-content\/uploads\/2015\/12\/ChickScale-205-front.png","type":"image\/png"}],"twitter_card":"summary_large_image","schema":{"@context":"https:\/\/schema.org","@graph":[{"@type":"WebPage","@id":"https:\/\/agrologic.com\/product-catalog\/chick-scale-205\/","url":"https:\/\/agrologic.com\/product-catalog\/chick-scale-205\/","name":"Chick Scale 205 - Agrologic Ltd - poultry farming and pig raising","isPartOf":{"@id":"https:\/\/agrologic.com\/#website"},"primaryImageOfPage":{"@id":"https:\/\/agrologic.com\/product-catalog\/chick-scale-205\/#primaryimage"},"image":{"@id":"https:\/\/agrologic.com\/product-catalog\/chick-scale-205\/#primaryimage"},"thumbnailUrl":"https:\/\/agrologic.com\/wp-content\/uploads\/2015\/12\/ChickScale-205-front.png","datePublished":"2015-11-18T11:39:47+00:00","dateModified":"2016-06-19T05:08:30+00:00","breadcrumb":{"@id":"https:\/\/agrologic.com\/product-catalog\/chick-scale-205\/#breadcrumb"},"inLanguage":"es","potentialAction":[{"@type":"ReadAction","target":["https:\/\/agrologic.com\/product-catalog\/chick-scale-205\/"]}]},{"@type":"ImageObject","inLanguage":"es","@id":"https:\/\/agrologic.com\/product-catalog\/chick-scale-205\/#primaryimage","url":"https:\/\/agrologic.com\/wp-content\/uploads\/2015\/12\/ChickScale-205-front.png","contentUrl":"https:\/\/agrologic.com\/wp-content\/uploads\/2015\/12\/ChickScale-205-front.png","width":800,"height":800},{"@type":"BreadcrumbList","@id":"https:\/\/agrologic.com\/product-catalog\/chick-scale-205\/#breadcrumb","itemListElement":[{"@type":"ListItem","position":1,"name":"Home","item":"https:\/\/agrologic.com\/es\/"},{"@type":"ListItem","position":2,"name":"productos","item":"https:\/\/agrologic.com\/productos\/"},{"@type":"ListItem","position":3,"name":"Chick Scale 205"}]},{"@type":"WebSite","@id":"https:\/\/agrologic.com\/#website","url":"https:\/\/agrologic.com\/","name":"Agrologic Ltd - poultry farming and pig raising","description":"","potentialAction":[{"@type":"SearchAction","target":{"@type":"EntryPoint","urlTemplate":"https:\/\/agrologic.com\/?s={search_term_string}"},"query-input":{"@type":"PropertyValueSpecification","valueRequired":true,"valueName":"search_term_string"}}],"inLanguage":"es"}]}},"_links":{"self":[{"href":"https:\/\/agrologic.com\/es\/wp-json\/wp\/v2\/product\/1295","targetHints":{"allow":["GET"]}}],"collection":[{"href":"https:\/\/agrologic.com\/es\/wp-json\/wp\/v2\/product"}],"about":[{"href":"https:\/\/agrologic.com\/es\/wp-json\/wp\/v2\/types\/product"}],"wp:featuredmedia":[{"embeddable":true,"href":"https:\/\/agrologic.com\/es\/wp-json\/wp\/v2\/media\/971"}],"wp:attachment":[{"href":"https:\/\/agrologic.com\/es\/wp-json\/wp\/v2\/media?parent=1295"}],"wp:term":[{"taxonomy":"product_brand","embeddable":true,"href":"https:\/\/agrologic.com\/es\/wp-json\/wp\/v2\/product_brand?post=1295"},{"taxonomy":"product_cat","embeddable":true,"href":"https:\/\/agrologic.com\/es\/wp-json\/wp\/v2\/product_cat?post=1295"},{"taxonomy":"product_tag","embeddable":true,"href":"https:\/\/agrologic.com\/es\/wp-json\/wp\/v2\/product_tag?post=1295"}],"curies":[{"name":"wp","href":"https:\/\/api.w.org\/{rel}","templated":true}]}}