{"id":1292,"date":"2015-11-18T11:31:56","date_gmt":"2015-11-18T11:31:56","guid":{"rendered":"https:\/\/agrologic.com\/es\/product-catalog\/chick-scale-103\/"},"modified":"2016-03-29T08:37:32","modified_gmt":"2016-03-29T08:37:32","slug":"chick-scale-103","status":"publish","type":"product","link":"https:\/\/agrologic.com\/es\/product-catalog\/chick-scale-103\/","title":{"rendered":"Chick Scale 103"},"content":{"rendered":"","protected":false},"excerpt":{"rendered":"<p><strong>La Chick Scale 103 es una balanza manual port\u00e1til y muy accesible para granjas av\u00edcolas. Se alimenta de bater\u00edas recargables que duran hasta 8 horas.<\/strong><\/p>\n<p>Dise\u00f1ada para uso c\u00f3modo, se puede pesar a las aves al estar colgadas o en una cubeta. Se pueden guardar hasta 9 lotes distintos de pesos en la memoria interna.<\/p>\n<p>La unidad proporciona la siguiente informaci\u00f3n precisa:<\/p>\n<ul>\n<li>Peso promedio de las aves, deviaci\u00f3n est\u00e1ndar y CV<\/li>\n<li>N\u00famero de aves pesadas<\/li>\n<li>Histograma de peso con incrementos de 25 gramos.<\/li>\n<\/ul>\n<p>Toda la informaci\u00f3n se puede mostrar en la unidad o ser descargada a una PC con un programa incluido.<\/p>\n<p>&nbsp;<\/p>\n<p>Especificaciones t\u00e9cnicas:<\/p>\n<p>Peso m\u00e1ximo: 10 Kg<\/p>\n<p>Precisi\u00f3n: 5 gr.<\/p>\n<p>Pantalla:\u00a0 4 d\u00edgitos<\/p>\n<p>Alimentaci\u00f3n el\u00e9ctrica: 100 VAC hasta 240 VAC 50\/60Hz<\/p>\n<p>Cable USB: USB est\u00e1ndar<\/p>\n<p>&nbsp;<\/p>\n<p>&nbsp;<\/p>\n","protected":false},"featured_media":965,"template":"","meta":{"_acf_changed":false},"product_brand":[],"product_cat":[39],"product_tag":[34],"class_list":{"0":"post-1292","1":"product","2":"type-product","3":"status-publish","4":"has-post-thumbnail","6":"product_cat-animal-weighing-equipment-es","7":"product_tag-poultry-es","9":"first","10":"instock","11":"shipping-taxable","12":"product-type-simple"},"acf":[],"yoast_head":"<!-- This site is optimized with the Yoast SEO plugin v25.2 - https:\/\/yoast.com\/wordpress\/plugins\/seo\/ -->\n<title>Chick Scale 103 - Agrologic Ltd - poultry farming and pig raising<\/title>\n<meta name=\"robots\" content=\"index, follow, max-snippet:-1, max-image-preview:large, max-video-preview:-1\" \/>\n<link rel=\"canonical\" href=\"https:\/\/agrologic.com\/product-catalog\/chick-scale-103\/\" \/>\n<meta property=\"og:locale\" content=\"es_ES\" \/>\n<meta property=\"og:type\" content=\"article\" \/>\n<meta property=\"og:title\" content=\"Chick Scale 103 - Agrologic Ltd - poultry farming and pig raising\" \/>\n<meta property=\"og:description\" content=\"La Chick Scale 103 es una balanza manual port\u00e1til y muy accesible para granjas av\u00edcolas. Se alimenta de bater\u00edas recargables que duran hasta 8 horas.  Dise\u00f1ada para uso c\u00f3modo, se puede pesar a las aves al estar colgadas o en una cubeta. Se pueden guardar hasta 9 lotes distintos de pesos en la memoria interna.  La unidad proporciona la siguiente informaci\u00f3n precisa:   Peso promedio de las aves, deviaci\u00f3n est\u00e1ndar y CV  N\u00famero de aves pesadas  Histograma de peso con incrementos de 25 gramos.  Toda la informaci\u00f3n se puede mostrar en la unidad o ser descargada a una PC con un programa incluido.  &nbsp;  Especificaciones t\u00e9cnicas:  Peso m\u00e1ximo: 10 Kg  Precisi\u00f3n: 5 gr.  Pantalla:\u00a0 4 d\u00edgitos  Alimentaci\u00f3n el\u00e9ctrica: 100 VAC hasta 240 VAC 50\/60Hz  Cable USB: USB est\u00e1ndar  &nbsp;  &nbsp;\" \/>\n<meta property=\"og:url\" content=\"https:\/\/agrologic.com\/product-catalog\/chick-scale-103\/\" \/>\n<meta property=\"og:site_name\" content=\"Agrologic Ltd - poultry farming and pig raising\" \/>\n<meta property=\"article:modified_time\" content=\"2016-03-29T08:37:32+00:00\" \/>\n<meta property=\"og:image\" content=\"https:\/\/agrologic.com\/wp-content\/uploads\/2015\/12\/ChickScale-103-front.png\" \/>\n\t<meta property=\"og:image:width\" content=\"800\" \/>\n\t<meta property=\"og:image:height\" content=\"800\" \/>\n\t<meta property=\"og:image:type\" content=\"image\/png\" \/>\n<meta name=\"twitter:card\" content=\"summary_large_image\" \/>\n<script type=\"application\/ld+json\" class=\"yoast-schema-graph\">{\"@context\":\"https:\/\/schema.org\",\"@graph\":[{\"@type\":\"WebPage\",\"@id\":\"https:\/\/agrologic.com\/product-catalog\/chick-scale-103\/\",\"url\":\"https:\/\/agrologic.com\/product-catalog\/chick-scale-103\/\",\"name\":\"Chick Scale 103 - Agrologic Ltd - poultry farming and pig raising\",\"isPartOf\":{\"@id\":\"https:\/\/agrologic.com\/#website\"},\"primaryImageOfPage\":{\"@id\":\"https:\/\/agrologic.com\/product-catalog\/chick-scale-103\/#primaryimage\"},\"image\":{\"@id\":\"https:\/\/agrologic.com\/product-catalog\/chick-scale-103\/#primaryimage\"},\"thumbnailUrl\":\"https:\/\/agrologic.com\/wp-content\/uploads\/2015\/12\/ChickScale-103-front.png\",\"datePublished\":\"2015-11-18T11:31:56+00:00\",\"dateModified\":\"2016-03-29T08:37:32+00:00\",\"breadcrumb\":{\"@id\":\"https:\/\/agrologic.com\/product-catalog\/chick-scale-103\/#breadcrumb\"},\"inLanguage\":\"es\",\"potentialAction\":[{\"@type\":\"ReadAction\",\"target\":[\"https:\/\/agrologic.com\/product-catalog\/chick-scale-103\/\"]}]},{\"@type\":\"ImageObject\",\"inLanguage\":\"es\",\"@id\":\"https:\/\/agrologic.com\/product-catalog\/chick-scale-103\/#primaryimage\",\"url\":\"https:\/\/agrologic.com\/wp-content\/uploads\/2015\/12\/ChickScale-103-front.png\",\"contentUrl\":\"https:\/\/agrologic.com\/wp-content\/uploads\/2015\/12\/ChickScale-103-front.png\",\"width\":800,\"height\":800},{\"@type\":\"BreadcrumbList\",\"@id\":\"https:\/\/agrologic.com\/product-catalog\/chick-scale-103\/#breadcrumb\",\"itemListElement\":[{\"@type\":\"ListItem\",\"position\":1,\"name\":\"Home\",\"item\":\"https:\/\/agrologic.com\/es\/\"},{\"@type\":\"ListItem\",\"position\":2,\"name\":\"productos\",\"item\":\"https:\/\/agrologic.com\/productos\/\"},{\"@type\":\"ListItem\",\"position\":3,\"name\":\"Chick Scale 103\"}]},{\"@type\":\"WebSite\",\"@id\":\"https:\/\/agrologic.com\/#website\",\"url\":\"https:\/\/agrologic.com\/\",\"name\":\"Agrologic Ltd - poultry farming and pig raising\",\"description\":\"\",\"potentialAction\":[{\"@type\":\"SearchAction\",\"target\":{\"@type\":\"EntryPoint\",\"urlTemplate\":\"https:\/\/agrologic.com\/?s={search_term_string}\"},\"query-input\":{\"@type\":\"PropertyValueSpecification\",\"valueRequired\":true,\"valueName\":\"search_term_string\"}}],\"inLanguage\":\"es\"}]}<\/script>\n<!-- \/ Yoast SEO plugin. -->","yoast_head_json":{"title":"Chick Scale 103 - Agrologic Ltd - poultry farming and pig raising","robots":{"index":"index","follow":"follow","max-snippet":"max-snippet:-1","max-image-preview":"max-image-preview:large","max-video-preview":"max-video-preview:-1"},"canonical":"https:\/\/agrologic.com\/product-catalog\/chick-scale-103\/","og_locale":"es_ES","og_type":"article","og_title":"Chick Scale 103 - Agrologic Ltd - poultry farming and pig raising","og_description":"La Chick Scale 103 es una balanza manual port\u00e1til y muy accesible para granjas av\u00edcolas. Se alimenta de bater\u00edas recargables que duran hasta 8 horas.  Dise\u00f1ada para uso c\u00f3modo, se puede pesar a las aves al estar colgadas o en una cubeta. Se pueden guardar hasta 9 lotes distintos de pesos en la memoria interna.  La unidad proporciona la siguiente informaci\u00f3n precisa:   Peso promedio de las aves, deviaci\u00f3n est\u00e1ndar y CV  N\u00famero de aves pesadas  Histograma de peso con incrementos de 25 gramos.  Toda la informaci\u00f3n se puede mostrar en la unidad o ser descargada a una PC con un programa incluido.  &nbsp;  Especificaciones t\u00e9cnicas:  Peso m\u00e1ximo: 10 Kg  Precisi\u00f3n: 5 gr.  Pantalla:\u00a0 4 d\u00edgitos  Alimentaci\u00f3n el\u00e9ctrica: 100 VAC hasta 240 VAC 50\/60Hz  Cable USB: USB est\u00e1ndar  &nbsp;  &nbsp;","og_url":"https:\/\/agrologic.com\/product-catalog\/chick-scale-103\/","og_site_name":"Agrologic Ltd - poultry farming and pig raising","article_modified_time":"2016-03-29T08:37:32+00:00","og_image":[{"width":800,"height":800,"url":"https:\/\/agrologic.com\/wp-content\/uploads\/2015\/12\/ChickScale-103-front.png","type":"image\/png"}],"twitter_card":"summary_large_image","schema":{"@context":"https:\/\/schema.org","@graph":[{"@type":"WebPage","@id":"https:\/\/agrologic.com\/product-catalog\/chick-scale-103\/","url":"https:\/\/agrologic.com\/product-catalog\/chick-scale-103\/","name":"Chick Scale 103 - Agrologic Ltd - poultry farming and pig raising","isPartOf":{"@id":"https:\/\/agrologic.com\/#website"},"primaryImageOfPage":{"@id":"https:\/\/agrologic.com\/product-catalog\/chick-scale-103\/#primaryimage"},"image":{"@id":"https:\/\/agrologic.com\/product-catalog\/chick-scale-103\/#primaryimage"},"thumbnailUrl":"https:\/\/agrologic.com\/wp-content\/uploads\/2015\/12\/ChickScale-103-front.png","datePublished":"2015-11-18T11:31:56+00:00","dateModified":"2016-03-29T08:37:32+00:00","breadcrumb":{"@id":"https:\/\/agrologic.com\/product-catalog\/chick-scale-103\/#breadcrumb"},"inLanguage":"es","potentialAction":[{"@type":"ReadAction","target":["https:\/\/agrologic.com\/product-catalog\/chick-scale-103\/"]}]},{"@type":"ImageObject","inLanguage":"es","@id":"https:\/\/agrologic.com\/product-catalog\/chick-scale-103\/#primaryimage","url":"https:\/\/agrologic.com\/wp-content\/uploads\/2015\/12\/ChickScale-103-front.png","contentUrl":"https:\/\/agrologic.com\/wp-content\/uploads\/2015\/12\/ChickScale-103-front.png","width":800,"height":800},{"@type":"BreadcrumbList","@id":"https:\/\/agrologic.com\/product-catalog\/chick-scale-103\/#breadcrumb","itemListElement":[{"@type":"ListItem","position":1,"name":"Home","item":"https:\/\/agrologic.com\/es\/"},{"@type":"ListItem","position":2,"name":"productos","item":"https:\/\/agrologic.com\/productos\/"},{"@type":"ListItem","position":3,"name":"Chick Scale 103"}]},{"@type":"WebSite","@id":"https:\/\/agrologic.com\/#website","url":"https:\/\/agrologic.com\/","name":"Agrologic Ltd - poultry farming and pig raising","description":"","potentialAction":[{"@type":"SearchAction","target":{"@type":"EntryPoint","urlTemplate":"https:\/\/agrologic.com\/?s={search_term_string}"},"query-input":{"@type":"PropertyValueSpecification","valueRequired":true,"valueName":"search_term_string"}}],"inLanguage":"es"}]}},"_links":{"self":[{"href":"https:\/\/agrologic.com\/es\/wp-json\/wp\/v2\/product\/1292","targetHints":{"allow":["GET"]}}],"collection":[{"href":"https:\/\/agrologic.com\/es\/wp-json\/wp\/v2\/product"}],"about":[{"href":"https:\/\/agrologic.com\/es\/wp-json\/wp\/v2\/types\/product"}],"wp:featuredmedia":[{"embeddable":true,"href":"https:\/\/agrologic.com\/es\/wp-json\/wp\/v2\/media\/965"}],"wp:attachment":[{"href":"https:\/\/agrologic.com\/es\/wp-json\/wp\/v2\/media?parent=1292"}],"wp:term":[{"taxonomy":"product_brand","embeddable":true,"href":"https:\/\/agrologic.com\/es\/wp-json\/wp\/v2\/product_brand?post=1292"},{"taxonomy":"product_cat","embeddable":true,"href":"https:\/\/agrologic.com\/es\/wp-json\/wp\/v2\/product_cat?post=1292"},{"taxonomy":"product_tag","embeddable":true,"href":"https:\/\/agrologic.com\/es\/wp-json\/wp\/v2\/product_tag?post=1292"}],"curies":[{"name":"wp","href":"https:\/\/api.w.org\/{rel}","templated":true}]}}