{"id":1286,"date":"2015-11-18T10:12:00","date_gmt":"2015-11-18T10:12:00","guid":{"rendered":"https:\/\/agrologic.com\/es\/product-catalog\/temptron-607\/"},"modified":"2016-03-29T06:46:00","modified_gmt":"2016-03-29T06:46:00","slug":"temptron-607","status":"publish","type":"product","link":"https:\/\/agrologic.com\/es\/product-catalog\/temptron-607\/","title":{"rendered":"TempTron 607"},"content":{"rendered":"","protected":false},"excerpt":{"rendered":"<p><strong>TempTron 607 es un controlador efectivo y de bajo costo dise\u00f1ado especialmente para la crianza de aves y porcina. Con 8 rel\u00e9s incluidos, controla ventiladores, ensenadas, cortinas, calentadores, sistemas de enfriamiento, solapas, ventiladores de velocidad variable, y la medici\u00f3n de agua y alimento. Con una curva autom\u00e1tica de reducci\u00f3n de temperatura, monitorea y muestra la temperatura desde hasta 6 sensores.<br \/>\nEl manejo central se lleva a cabo desde una PC utilizando el programa WebChick o a trav\u00e9s del alarma celular Cellink accedido desde cualquier dispositivo conectado al Internet.<br \/>\nPuede ser ordenado en varias versiones est\u00e1ndares o como OEM con un programa de dise\u00f1o espec\u00edfico.<br \/>\n<\/strong><\/p>\n<p><strong>Especificaciones t\u00e9cnicas:<br \/>\n<\/strong>Alimentaci\u00f3n el\u00e9ctrica: 115\/230VAC<br \/>\nEntradas: 6 entradas an\u00e1logas para sensores de temperatura, sensor de humedad (0-10V) y sensor de presi\u00f3n (0-10V).<br \/>\n4 entradas digitales<br \/>\nSalidas: 8 cambio secos sobre contacto m\u00e1x. 230V\/2A<br \/>\n2 (0-10V) salidas<br \/>\nPantalla: 6 d\u00edgitos 7 segmentos<br \/>\nExactitud: +\/- 0.2\u00b0C (+\/- 0.3\u00b0F)<br \/>\nMemoria: memoria no borrable en caso de un corte de energ\u00eda<\/p>\n<p>&nbsp;<\/p>\n","protected":false},"featured_media":1127,"template":"","meta":{"_acf_changed":false},"product_brand":[],"product_cat":[38],"product_tag":[34],"class_list":{"0":"post-1286","1":"product","2":"type-product","3":"status-publish","4":"has-post-thumbnail","6":"product_cat-climate-controllers-es","7":"product_tag-poultry-es","9":"first","10":"instock","11":"shipping-taxable","12":"product-type-simple"},"acf":[],"yoast_head":"<!-- This site is optimized with the Yoast SEO plugin v25.2 - https:\/\/yoast.com\/wordpress\/plugins\/seo\/ -->\n<title>TempTron 607 - Agrologic Ltd - poultry farming and pig raising<\/title>\n<meta name=\"robots\" content=\"index, follow, max-snippet:-1, max-image-preview:large, max-video-preview:-1\" \/>\n<link rel=\"canonical\" href=\"https:\/\/agrologic.com\/product-catalog\/temptron-607\/\" \/>\n<meta property=\"og:locale\" content=\"es_ES\" \/>\n<meta property=\"og:type\" content=\"article\" \/>\n<meta property=\"og:title\" content=\"TempTron 607 - Agrologic Ltd - poultry farming and pig raising\" \/>\n<meta property=\"og:description\" content=\"TempTron 607 es un controlador efectivo y de bajo costo dise\u00f1ado especialmente para la crianza de aves y porcina. Con 8 rel\u00e9s incluidos, controla ventiladores, ensenadas, cortinas, calentadores, sistemas de enfriamiento, solapas, ventiladores de velocidad variable, y la medici\u00f3n de agua y alimento. Con una curva autom\u00e1tica de reducci\u00f3n de temperatura, monitorea y muestra la temperatura desde hasta 6 sensores. El manejo central se lleva a cabo desde una PC utilizando el programa WebChick o a trav\u00e9s del alarma celular Cellink accedido desde cualquier dispositivo conectado al Internet. Puede ser ordenado en varias versiones est\u00e1ndares o como OEM con un programa de dise\u00f1o espec\u00edfico.   Especificaciones t\u00e9cnicas: Alimentaci\u00f3n el\u00e9ctrica: 115\/230VAC Entradas: 6 entradas an\u00e1logas para sensores de temperatura, sensor de humedad (0-10V) y sensor de presi\u00f3n (0-10V). 4 entradas digitales Salidas: 8 cambio secos sobre contacto m\u00e1x. 230V\/2A 2 (0-10V) salidas Pantalla: 6 d\u00edgitos 7 segmentos Exactitud: +\/- 0.2\u00b0C (+\/- 0.3\u00b0F) Memoria: memoria no borrable en caso de un corte de energ\u00eda  &nbsp;\" \/>\n<meta property=\"og:url\" content=\"https:\/\/agrologic.com\/product-catalog\/temptron-607\/\" \/>\n<meta property=\"og:site_name\" content=\"Agrologic Ltd - poultry farming and pig raising\" \/>\n<meta property=\"article:modified_time\" content=\"2016-03-29T06:46:00+00:00\" \/>\n<meta property=\"og:image\" content=\"https:\/\/agrologic.com\/wp-content\/uploads\/2015\/12\/Temptron-607A.png\" \/>\n\t<meta property=\"og:image:width\" content=\"800\" \/>\n\t<meta property=\"og:image:height\" content=\"800\" \/>\n\t<meta property=\"og:image:type\" content=\"image\/png\" \/>\n<meta name=\"twitter:card\" content=\"summary_large_image\" \/>\n<script type=\"application\/ld+json\" class=\"yoast-schema-graph\">{\"@context\":\"https:\/\/schema.org\",\"@graph\":[{\"@type\":\"WebPage\",\"@id\":\"https:\/\/agrologic.com\/product-catalog\/temptron-607\/\",\"url\":\"https:\/\/agrologic.com\/product-catalog\/temptron-607\/\",\"name\":\"TempTron 607 - Agrologic Ltd - poultry farming and pig raising\",\"isPartOf\":{\"@id\":\"https:\/\/agrologic.com\/#website\"},\"primaryImageOfPage\":{\"@id\":\"https:\/\/agrologic.com\/product-catalog\/temptron-607\/#primaryimage\"},\"image\":{\"@id\":\"https:\/\/agrologic.com\/product-catalog\/temptron-607\/#primaryimage\"},\"thumbnailUrl\":\"https:\/\/agrologic.com\/wp-content\/uploads\/2015\/12\/Temptron-607A.png\",\"datePublished\":\"2015-11-18T10:12:00+00:00\",\"dateModified\":\"2016-03-29T06:46:00+00:00\",\"breadcrumb\":{\"@id\":\"https:\/\/agrologic.com\/product-catalog\/temptron-607\/#breadcrumb\"},\"inLanguage\":\"es\",\"potentialAction\":[{\"@type\":\"ReadAction\",\"target\":[\"https:\/\/agrologic.com\/product-catalog\/temptron-607\/\"]}]},{\"@type\":\"ImageObject\",\"inLanguage\":\"es\",\"@id\":\"https:\/\/agrologic.com\/product-catalog\/temptron-607\/#primaryimage\",\"url\":\"https:\/\/agrologic.com\/wp-content\/uploads\/2015\/12\/Temptron-607A.png\",\"contentUrl\":\"https:\/\/agrologic.com\/wp-content\/uploads\/2015\/12\/Temptron-607A.png\",\"width\":800,\"height\":800},{\"@type\":\"BreadcrumbList\",\"@id\":\"https:\/\/agrologic.com\/product-catalog\/temptron-607\/#breadcrumb\",\"itemListElement\":[{\"@type\":\"ListItem\",\"position\":1,\"name\":\"Home\",\"item\":\"https:\/\/agrologic.com\/es\/\"},{\"@type\":\"ListItem\",\"position\":2,\"name\":\"productos\",\"item\":\"https:\/\/agrologic.com\/productos\/\"},{\"@type\":\"ListItem\",\"position\":3,\"name\":\"TempTron 607\"}]},{\"@type\":\"WebSite\",\"@id\":\"https:\/\/agrologic.com\/#website\",\"url\":\"https:\/\/agrologic.com\/\",\"name\":\"Agrologic Ltd - poultry farming and pig raising\",\"description\":\"\",\"potentialAction\":[{\"@type\":\"SearchAction\",\"target\":{\"@type\":\"EntryPoint\",\"urlTemplate\":\"https:\/\/agrologic.com\/?s={search_term_string}\"},\"query-input\":{\"@type\":\"PropertyValueSpecification\",\"valueRequired\":true,\"valueName\":\"search_term_string\"}}],\"inLanguage\":\"es\"}]}<\/script>\n<!-- \/ Yoast SEO plugin. -->","yoast_head_json":{"title":"TempTron 607 - Agrologic Ltd - poultry farming and pig raising","robots":{"index":"index","follow":"follow","max-snippet":"max-snippet:-1","max-image-preview":"max-image-preview:large","max-video-preview":"max-video-preview:-1"},"canonical":"https:\/\/agrologic.com\/product-catalog\/temptron-607\/","og_locale":"es_ES","og_type":"article","og_title":"TempTron 607 - Agrologic Ltd - poultry farming and pig raising","og_description":"TempTron 607 es un controlador efectivo y de bajo costo dise\u00f1ado especialmente para la crianza de aves y porcina. Con 8 rel\u00e9s incluidos, controla ventiladores, ensenadas, cortinas, calentadores, sistemas de enfriamiento, solapas, ventiladores de velocidad variable, y la medici\u00f3n de agua y alimento. Con una curva autom\u00e1tica de reducci\u00f3n de temperatura, monitorea y muestra la temperatura desde hasta 6 sensores. El manejo central se lleva a cabo desde una PC utilizando el programa WebChick o a trav\u00e9s del alarma celular Cellink accedido desde cualquier dispositivo conectado al Internet. Puede ser ordenado en varias versiones est\u00e1ndares o como OEM con un programa de dise\u00f1o espec\u00edfico.   Especificaciones t\u00e9cnicas: Alimentaci\u00f3n el\u00e9ctrica: 115\/230VAC Entradas: 6 entradas an\u00e1logas para sensores de temperatura, sensor de humedad (0-10V) y sensor de presi\u00f3n (0-10V). 4 entradas digitales Salidas: 8 cambio secos sobre contacto m\u00e1x. 230V\/2A 2 (0-10V) salidas Pantalla: 6 d\u00edgitos 7 segmentos Exactitud: +\/- 0.2\u00b0C (+\/- 0.3\u00b0F) Memoria: memoria no borrable en caso de un corte de energ\u00eda  &nbsp;","og_url":"https:\/\/agrologic.com\/product-catalog\/temptron-607\/","og_site_name":"Agrologic Ltd - poultry farming and pig raising","article_modified_time":"2016-03-29T06:46:00+00:00","og_image":[{"width":800,"height":800,"url":"https:\/\/agrologic.com\/wp-content\/uploads\/2015\/12\/Temptron-607A.png","type":"image\/png"}],"twitter_card":"summary_large_image","schema":{"@context":"https:\/\/schema.org","@graph":[{"@type":"WebPage","@id":"https:\/\/agrologic.com\/product-catalog\/temptron-607\/","url":"https:\/\/agrologic.com\/product-catalog\/temptron-607\/","name":"TempTron 607 - Agrologic Ltd - poultry farming and pig raising","isPartOf":{"@id":"https:\/\/agrologic.com\/#website"},"primaryImageOfPage":{"@id":"https:\/\/agrologic.com\/product-catalog\/temptron-607\/#primaryimage"},"image":{"@id":"https:\/\/agrologic.com\/product-catalog\/temptron-607\/#primaryimage"},"thumbnailUrl":"https:\/\/agrologic.com\/wp-content\/uploads\/2015\/12\/Temptron-607A.png","datePublished":"2015-11-18T10:12:00+00:00","dateModified":"2016-03-29T06:46:00+00:00","breadcrumb":{"@id":"https:\/\/agrologic.com\/product-catalog\/temptron-607\/#breadcrumb"},"inLanguage":"es","potentialAction":[{"@type":"ReadAction","target":["https:\/\/agrologic.com\/product-catalog\/temptron-607\/"]}]},{"@type":"ImageObject","inLanguage":"es","@id":"https:\/\/agrologic.com\/product-catalog\/temptron-607\/#primaryimage","url":"https:\/\/agrologic.com\/wp-content\/uploads\/2015\/12\/Temptron-607A.png","contentUrl":"https:\/\/agrologic.com\/wp-content\/uploads\/2015\/12\/Temptron-607A.png","width":800,"height":800},{"@type":"BreadcrumbList","@id":"https:\/\/agrologic.com\/product-catalog\/temptron-607\/#breadcrumb","itemListElement":[{"@type":"ListItem","position":1,"name":"Home","item":"https:\/\/agrologic.com\/es\/"},{"@type":"ListItem","position":2,"name":"productos","item":"https:\/\/agrologic.com\/productos\/"},{"@type":"ListItem","position":3,"name":"TempTron 607"}]},{"@type":"WebSite","@id":"https:\/\/agrologic.com\/#website","url":"https:\/\/agrologic.com\/","name":"Agrologic Ltd - poultry farming and pig raising","description":"","potentialAction":[{"@type":"SearchAction","target":{"@type":"EntryPoint","urlTemplate":"https:\/\/agrologic.com\/?s={search_term_string}"},"query-input":{"@type":"PropertyValueSpecification","valueRequired":true,"valueName":"search_term_string"}}],"inLanguage":"es"}]}},"_links":{"self":[{"href":"https:\/\/agrologic.com\/es\/wp-json\/wp\/v2\/product\/1286","targetHints":{"allow":["GET"]}}],"collection":[{"href":"https:\/\/agrologic.com\/es\/wp-json\/wp\/v2\/product"}],"about":[{"href":"https:\/\/agrologic.com\/es\/wp-json\/wp\/v2\/types\/product"}],"wp:featuredmedia":[{"embeddable":true,"href":"https:\/\/agrologic.com\/es\/wp-json\/wp\/v2\/media\/1127"}],"wp:attachment":[{"href":"https:\/\/agrologic.com\/es\/wp-json\/wp\/v2\/media?parent=1286"}],"wp:term":[{"taxonomy":"product_brand","embeddable":true,"href":"https:\/\/agrologic.com\/es\/wp-json\/wp\/v2\/product_brand?post=1286"},{"taxonomy":"product_cat","embeddable":true,"href":"https:\/\/agrologic.com\/es\/wp-json\/wp\/v2\/product_cat?post=1286"},{"taxonomy":"product_tag","embeddable":true,"href":"https:\/\/agrologic.com\/es\/wp-json\/wp\/v2\/product_tag?post=1286"}],"curies":[{"name":"wp","href":"https:\/\/api.w.org\/{rel}","templated":true}]}}