{"id":1275,"date":"2015-11-18T10:16:53","date_gmt":"2015-11-18T10:16:53","guid":{"rendered":"https:\/\/agrologic.com\/es\/product-catalog\/temptron-616\/"},"modified":"2016-06-19T05:33:25","modified_gmt":"2016-06-19T05:33:25","slug":"temptron-616","status":"publish","type":"product","link":"https:\/\/agrologic.com\/es\/product-catalog\/temptron-616\/","title":{"rendered":"TempTron 616"},"content":{"rendered":"","protected":false},"excerpt":{"rendered":"<p><strong>TempTron 616 es valor por dinero, ofreciendo control completo de clima con 16 salidas. Dise\u00f1ado para gallineros avanzados, la ventilaci\u00f3n y calefacci\u00f3n se regulan para resultados \u00f3ptimos seg\u00fan la edad y el tama\u00f1o de las aves. La unidad controla las ensenadas y solapas de enfriamiento del aire junto con los ventiladores seg\u00fan las etapas programadas de ventilaci\u00f3n o control de presi\u00f3n est\u00e1tica \u2013 asegurando ventilaci\u00f3n \u00f3ptima. El controlador de clima amigable incluye un regulador de velocidad de ventilaci\u00f3n y atenuaci\u00f3n de luz. Puede operar ventilaci\u00f3n m\u00ednima usando la regulaci\u00f3n de ventilaci\u00f3n o un minutero de ventilaci\u00f3n m\u00ednima prendido\/apagado con una transici\u00f3n autom\u00e1tica de ventilaci\u00f3n m\u00ednima a m\u00e1xima en 5 fases:<\/strong><br \/>\n1. M\u00ednima: Ventiladores laterales usando una curva establecida de peso.<br \/>\n2. Cruzada: Ventilaci\u00f3n lateral a trav\u00e9s de las ensenadas.<br \/>\n3. De transici\u00f3n: Ventiladores de t\u00fanel recogiendo aire a trav\u00e9s de las ensenadas.<br \/>\n4. Natural: Usando cortinas laterales.<br \/>\n5. De t\u00fanel: Un t\u00fanel recogiendo aire a trav\u00e9s de las solapas de enfriamiento.<br \/>\nTempTron 616 opera sistemas de alimentaci\u00f3n, luz y agua. Tiene alarmas c\u00f3modas para temperatura alta y baja y corte de energ\u00eda. Tambi\u00e9n registra completamente el consumo de agua, alimento, temperatura m\u00ednima y m\u00e1xima y humedad en un periodo de 24 horas. l manejo central se lleva a cabo desde cualquier PC utilizando el programa WebChick o a trav\u00e9s del alarma celular Cellink accedido desde cualquier dispositivo conectado al Internet.<\/p>\n<p>TempTron 616 puede ser pedido en varias versiones est\u00e1ndares, o como producto OEM con un programa dise\u00f1ado de manera espec\u00edfica.<\/p>\n<p>Especificaciones t\u00e9cnicas:<br \/>\nAlimentaci\u00f3n el\u00e9ctrica: 220VAC<br \/>\nSalidas: 16 cambios secos sobre contacto m\u00e1x. 230V\/2A<br \/>\n2 variables 0-10V<br \/>\nEntradas: 8 entradas an\u00e1logas para sensores de temperatura, humedad (0-10V) y sensor de presi\u00f3n (0-10V).<br \/>\n8entradas digitales<br \/>\nPantalla: 6 d\u00edgitos 7 segmentos<br \/>\nExactitud: +\/- 0.2\u00b0C (+\/- 0.3\u00b0F)<br \/>\nMemoria: Memoria no borrable en caso de un corte de energ\u00eda<\/p>\n","protected":false},"featured_media":1106,"template":"","meta":{"_acf_changed":false},"product_brand":[],"product_cat":[38],"product_tag":[34],"class_list":{"0":"post-1275","1":"product","2":"type-product","3":"status-publish","4":"has-post-thumbnail","6":"product_cat-climate-controllers-es","7":"product_tag-poultry-es","9":"first","10":"instock","11":"shipping-taxable","12":"product-type-simple"},"acf":[],"yoast_head":"<!-- This site is optimized with the Yoast SEO plugin v25.2 - https:\/\/yoast.com\/wordpress\/plugins\/seo\/ -->\n<title>TempTron 616 - Agrologic Ltd - poultry farming and pig raising<\/title>\n<meta name=\"robots\" content=\"index, follow, max-snippet:-1, max-image-preview:large, max-video-preview:-1\" \/>\n<link rel=\"canonical\" href=\"https:\/\/agrologic.com\/product-catalog\/temptron-616\/\" \/>\n<meta property=\"og:locale\" content=\"es_ES\" \/>\n<meta property=\"og:type\" content=\"article\" \/>\n<meta property=\"og:title\" content=\"TempTron 616 - Agrologic Ltd - poultry farming and pig raising\" \/>\n<meta property=\"og:description\" content=\"TempTron 616 es valor por dinero, ofreciendo control completo de clima con 16 salidas. Dise\u00f1ado para gallineros avanzados, la ventilaci\u00f3n y calefacci\u00f3n se regulan para resultados \u00f3ptimos seg\u00fan la edad y el tama\u00f1o de las aves. La unidad controla las ensenadas y solapas de enfriamiento del aire junto con los ventiladores seg\u00fan las etapas programadas de ventilaci\u00f3n o control de presi\u00f3n est\u00e1tica \u2013 asegurando ventilaci\u00f3n \u00f3ptima. El controlador de clima amigable incluye un regulador de velocidad de ventilaci\u00f3n y atenuaci\u00f3n de luz. Puede operar ventilaci\u00f3n m\u00ednima usando la regulaci\u00f3n de ventilaci\u00f3n o un minutero de ventilaci\u00f3n m\u00ednima prendido\/apagado con una transici\u00f3n autom\u00e1tica de ventilaci\u00f3n m\u00ednima a m\u00e1xima en 5 fases: 1. M\u00ednima: Ventiladores laterales usando una curva establecida de peso. 2. Cruzada: Ventilaci\u00f3n lateral a trav\u00e9s de las ensenadas. 3. De transici\u00f3n: Ventiladores de t\u00fanel recogiendo aire a trav\u00e9s de las ensenadas. 4. Natural: Usando cortinas laterales. 5. De t\u00fanel: Un t\u00fanel recogiendo aire a trav\u00e9s de las solapas de enfriamiento. TempTron 616 opera sistemas de alimentaci\u00f3n, luz y agua. Tiene alarmas c\u00f3modas para temperatura alta y baja y corte de energ\u00eda. Tambi\u00e9n registra completamente el consumo de agua, alimento, temperatura m\u00ednima y m\u00e1xima y humedad en un periodo de 24 horas. l manejo central se lleva a cabo desde cualquier PC utilizando el programa WebChick o a trav\u00e9s del alarma celular Cellink accedido desde cualquier dispositivo conectado al Internet.  TempTron 616 puede ser pedido en varias versiones est\u00e1ndares, o como producto OEM con un programa dise\u00f1ado de manera espec\u00edfica.  Especificaciones t\u00e9cnicas: Alimentaci\u00f3n el\u00e9ctrica: 220VAC Salidas: 16 cambios secos sobre contacto m\u00e1x. 230V\/2A 2 variables 0-10V Entradas: 8 entradas an\u00e1logas para sensores de temperatura, humedad (0-10V) y sensor de presi\u00f3n (0-10V). 8entradas digitales Pantalla: 6 d\u00edgitos 7 segmentos Exactitud: +\/- 0.2\u00b0C (+\/- 0.3\u00b0F) Memoria: Memoria no borrable en caso de un corte de energ\u00eda\" \/>\n<meta property=\"og:url\" content=\"https:\/\/agrologic.com\/product-catalog\/temptron-616\/\" \/>\n<meta property=\"og:site_name\" content=\"Agrologic Ltd - poultry farming and pig raising\" \/>\n<meta property=\"article:modified_time\" content=\"2016-06-19T05:33:25+00:00\" \/>\n<meta property=\"og:image\" content=\"https:\/\/agrologic.com\/wp-content\/uploads\/2015\/12\/Temptron-616-cn.png\" \/>\n\t<meta property=\"og:image:width\" content=\"800\" \/>\n\t<meta property=\"og:image:height\" content=\"800\" \/>\n\t<meta property=\"og:image:type\" content=\"image\/png\" \/>\n<meta name=\"twitter:card\" content=\"summary_large_image\" \/>\n<script type=\"application\/ld+json\" class=\"yoast-schema-graph\">{\"@context\":\"https:\/\/schema.org\",\"@graph\":[{\"@type\":\"WebPage\",\"@id\":\"https:\/\/agrologic.com\/product-catalog\/temptron-616\/\",\"url\":\"https:\/\/agrologic.com\/product-catalog\/temptron-616\/\",\"name\":\"TempTron 616 - Agrologic Ltd - poultry farming and pig raising\",\"isPartOf\":{\"@id\":\"https:\/\/agrologic.com\/#website\"},\"primaryImageOfPage\":{\"@id\":\"https:\/\/agrologic.com\/product-catalog\/temptron-616\/#primaryimage\"},\"image\":{\"@id\":\"https:\/\/agrologic.com\/product-catalog\/temptron-616\/#primaryimage\"},\"thumbnailUrl\":\"https:\/\/agrologic.com\/wp-content\/uploads\/2015\/12\/Temptron-616-cn.png\",\"datePublished\":\"2015-11-18T10:16:53+00:00\",\"dateModified\":\"2016-06-19T05:33:25+00:00\",\"breadcrumb\":{\"@id\":\"https:\/\/agrologic.com\/product-catalog\/temptron-616\/#breadcrumb\"},\"inLanguage\":\"es\",\"potentialAction\":[{\"@type\":\"ReadAction\",\"target\":[\"https:\/\/agrologic.com\/product-catalog\/temptron-616\/\"]}]},{\"@type\":\"ImageObject\",\"inLanguage\":\"es\",\"@id\":\"https:\/\/agrologic.com\/product-catalog\/temptron-616\/#primaryimage\",\"url\":\"https:\/\/agrologic.com\/wp-content\/uploads\/2015\/12\/Temptron-616-cn.png\",\"contentUrl\":\"https:\/\/agrologic.com\/wp-content\/uploads\/2015\/12\/Temptron-616-cn.png\",\"width\":800,\"height\":800},{\"@type\":\"BreadcrumbList\",\"@id\":\"https:\/\/agrologic.com\/product-catalog\/temptron-616\/#breadcrumb\",\"itemListElement\":[{\"@type\":\"ListItem\",\"position\":1,\"name\":\"Home\",\"item\":\"https:\/\/agrologic.com\/es\/\"},{\"@type\":\"ListItem\",\"position\":2,\"name\":\"productos\",\"item\":\"https:\/\/agrologic.com\/productos\/\"},{\"@type\":\"ListItem\",\"position\":3,\"name\":\"TempTron 616\"}]},{\"@type\":\"WebSite\",\"@id\":\"https:\/\/agrologic.com\/#website\",\"url\":\"https:\/\/agrologic.com\/\",\"name\":\"Agrologic Ltd - poultry farming and pig raising\",\"description\":\"\",\"potentialAction\":[{\"@type\":\"SearchAction\",\"target\":{\"@type\":\"EntryPoint\",\"urlTemplate\":\"https:\/\/agrologic.com\/?s={search_term_string}\"},\"query-input\":{\"@type\":\"PropertyValueSpecification\",\"valueRequired\":true,\"valueName\":\"search_term_string\"}}],\"inLanguage\":\"es\"}]}<\/script>\n<!-- \/ Yoast SEO plugin. -->","yoast_head_json":{"title":"TempTron 616 - Agrologic Ltd - poultry farming and pig raising","robots":{"index":"index","follow":"follow","max-snippet":"max-snippet:-1","max-image-preview":"max-image-preview:large","max-video-preview":"max-video-preview:-1"},"canonical":"https:\/\/agrologic.com\/product-catalog\/temptron-616\/","og_locale":"es_ES","og_type":"article","og_title":"TempTron 616 - Agrologic Ltd - poultry farming and pig raising","og_description":"TempTron 616 es valor por dinero, ofreciendo control completo de clima con 16 salidas. Dise\u00f1ado para gallineros avanzados, la ventilaci\u00f3n y calefacci\u00f3n se regulan para resultados \u00f3ptimos seg\u00fan la edad y el tama\u00f1o de las aves. La unidad controla las ensenadas y solapas de enfriamiento del aire junto con los ventiladores seg\u00fan las etapas programadas de ventilaci\u00f3n o control de presi\u00f3n est\u00e1tica \u2013 asegurando ventilaci\u00f3n \u00f3ptima. El controlador de clima amigable incluye un regulador de velocidad de ventilaci\u00f3n y atenuaci\u00f3n de luz. Puede operar ventilaci\u00f3n m\u00ednima usando la regulaci\u00f3n de ventilaci\u00f3n o un minutero de ventilaci\u00f3n m\u00ednima prendido\/apagado con una transici\u00f3n autom\u00e1tica de ventilaci\u00f3n m\u00ednima a m\u00e1xima en 5 fases: 1. M\u00ednima: Ventiladores laterales usando una curva establecida de peso. 2. Cruzada: Ventilaci\u00f3n lateral a trav\u00e9s de las ensenadas. 3. De transici\u00f3n: Ventiladores de t\u00fanel recogiendo aire a trav\u00e9s de las ensenadas. 4. Natural: Usando cortinas laterales. 5. De t\u00fanel: Un t\u00fanel recogiendo aire a trav\u00e9s de las solapas de enfriamiento. TempTron 616 opera sistemas de alimentaci\u00f3n, luz y agua. Tiene alarmas c\u00f3modas para temperatura alta y baja y corte de energ\u00eda. Tambi\u00e9n registra completamente el consumo de agua, alimento, temperatura m\u00ednima y m\u00e1xima y humedad en un periodo de 24 horas. l manejo central se lleva a cabo desde cualquier PC utilizando el programa WebChick o a trav\u00e9s del alarma celular Cellink accedido desde cualquier dispositivo conectado al Internet.  TempTron 616 puede ser pedido en varias versiones est\u00e1ndares, o como producto OEM con un programa dise\u00f1ado de manera espec\u00edfica.  Especificaciones t\u00e9cnicas: Alimentaci\u00f3n el\u00e9ctrica: 220VAC Salidas: 16 cambios secos sobre contacto m\u00e1x. 230V\/2A 2 variables 0-10V Entradas: 8 entradas an\u00e1logas para sensores de temperatura, humedad (0-10V) y sensor de presi\u00f3n (0-10V). 8entradas digitales Pantalla: 6 d\u00edgitos 7 segmentos Exactitud: +\/- 0.2\u00b0C (+\/- 0.3\u00b0F) Memoria: Memoria no borrable en caso de un corte de energ\u00eda","og_url":"https:\/\/agrologic.com\/product-catalog\/temptron-616\/","og_site_name":"Agrologic Ltd - poultry farming and pig raising","article_modified_time":"2016-06-19T05:33:25+00:00","og_image":[{"width":800,"height":800,"url":"https:\/\/agrologic.com\/wp-content\/uploads\/2015\/12\/Temptron-616-cn.png","type":"image\/png"}],"twitter_card":"summary_large_image","schema":{"@context":"https:\/\/schema.org","@graph":[{"@type":"WebPage","@id":"https:\/\/agrologic.com\/product-catalog\/temptron-616\/","url":"https:\/\/agrologic.com\/product-catalog\/temptron-616\/","name":"TempTron 616 - Agrologic Ltd - poultry farming and pig raising","isPartOf":{"@id":"https:\/\/agrologic.com\/#website"},"primaryImageOfPage":{"@id":"https:\/\/agrologic.com\/product-catalog\/temptron-616\/#primaryimage"},"image":{"@id":"https:\/\/agrologic.com\/product-catalog\/temptron-616\/#primaryimage"},"thumbnailUrl":"https:\/\/agrologic.com\/wp-content\/uploads\/2015\/12\/Temptron-616-cn.png","datePublished":"2015-11-18T10:16:53+00:00","dateModified":"2016-06-19T05:33:25+00:00","breadcrumb":{"@id":"https:\/\/agrologic.com\/product-catalog\/temptron-616\/#breadcrumb"},"inLanguage":"es","potentialAction":[{"@type":"ReadAction","target":["https:\/\/agrologic.com\/product-catalog\/temptron-616\/"]}]},{"@type":"ImageObject","inLanguage":"es","@id":"https:\/\/agrologic.com\/product-catalog\/temptron-616\/#primaryimage","url":"https:\/\/agrologic.com\/wp-content\/uploads\/2015\/12\/Temptron-616-cn.png","contentUrl":"https:\/\/agrologic.com\/wp-content\/uploads\/2015\/12\/Temptron-616-cn.png","width":800,"height":800},{"@type":"BreadcrumbList","@id":"https:\/\/agrologic.com\/product-catalog\/temptron-616\/#breadcrumb","itemListElement":[{"@type":"ListItem","position":1,"name":"Home","item":"https:\/\/agrologic.com\/es\/"},{"@type":"ListItem","position":2,"name":"productos","item":"https:\/\/agrologic.com\/productos\/"},{"@type":"ListItem","position":3,"name":"TempTron 616"}]},{"@type":"WebSite","@id":"https:\/\/agrologic.com\/#website","url":"https:\/\/agrologic.com\/","name":"Agrologic Ltd - poultry farming and pig raising","description":"","potentialAction":[{"@type":"SearchAction","target":{"@type":"EntryPoint","urlTemplate":"https:\/\/agrologic.com\/?s={search_term_string}"},"query-input":{"@type":"PropertyValueSpecification","valueRequired":true,"valueName":"search_term_string"}}],"inLanguage":"es"}]}},"_links":{"self":[{"href":"https:\/\/agrologic.com\/es\/wp-json\/wp\/v2\/product\/1275","targetHints":{"allow":["GET"]}}],"collection":[{"href":"https:\/\/agrologic.com\/es\/wp-json\/wp\/v2\/product"}],"about":[{"href":"https:\/\/agrologic.com\/es\/wp-json\/wp\/v2\/types\/product"}],"wp:featuredmedia":[{"embeddable":true,"href":"https:\/\/agrologic.com\/es\/wp-json\/wp\/v2\/media\/1106"}],"wp:attachment":[{"href":"https:\/\/agrologic.com\/es\/wp-json\/wp\/v2\/media?parent=1275"}],"wp:term":[{"taxonomy":"product_brand","embeddable":true,"href":"https:\/\/agrologic.com\/es\/wp-json\/wp\/v2\/product_brand?post=1275"},{"taxonomy":"product_cat","embeddable":true,"href":"https:\/\/agrologic.com\/es\/wp-json\/wp\/v2\/product_cat?post=1275"},{"taxonomy":"product_tag","embeddable":true,"href":"https:\/\/agrologic.com\/es\/wp-json\/wp\/v2\/product_tag?post=1275"}],"curies":[{"name":"wp","href":"https:\/\/api.w.org\/{rel}","templated":true}]}}