{"id":1263,"date":"2015-11-18T08:21:51","date_gmt":"2015-11-18T08:21:51","guid":{"rendered":"https:\/\/agrologic.com\/es\/product-catalog\/aclimatron-107\/"},"modified":"2016-06-19T05:35:09","modified_gmt":"2016-06-19T05:35:09","slug":"aclimatron-107","status":"publish","type":"product","link":"https:\/\/agrologic.com\/es\/product-catalog\/aclimatron-107\/","title":{"rendered":"Aclimatron 107"},"content":{"rendered":"","protected":false},"excerpt":{"rendered":"<p>El controlador Aclimatron 107 es una unidad de control de 4 salidas con facilidad de uso dise\u00f1ada especialmente para operar sistemas de enfriamiento en los gallineros. Viene equipada con un sensor de temperatura, con un sensor opcional de humedad que se puede a\u00f1adir f\u00e1cilmente. Todo lo que tiene que hacer es establecer la temperatura del sistema de enfriamiento, tiempo de funcionamiento de enfriamiento y cantidad de tiempo m\u00ednima y m\u00e1xima de apagado. Conforme sube la temperatura, el tiempo de apagado se reduce autom\u00e1ticamente.<\/p>\n<p>La unidad tiene salida de electricidad para la v\u00e1lvula del sistema de enfriamiento la cual puede proporcionar 12VAC\/DC o 24VAC. Tres contactos internos secos se utilizan para controlar la temperatura del gallinero seg\u00fan los preestablecidos de temperatura y humedad.<\/p>\n<p>Aclimatron 107 maneja todas las necesidades de enfriamiento del gallinero de manera amigable, f\u00e1cil de operar, la cual puede ser operada de ubicaciones distantes con un par de clics en un bot\u00f3n.<\/p>\n<p>&nbsp;<\/p>\n<p>Especificaciones t\u00e9cnicas<\/p>\n<p>Salidas: 3 cambio seco sobre contactos m\u00e1x. 230V\/2Amp<\/p>\n<p>1 12\/24V AC\/DC<\/p>\n<p>Entradas: 2 entradas an\u00e1logas para los sensores de temperatura y humedad.<\/p>\n<p>Pantalla: 6 d\u00edgitos 7 segmentos<\/p>\n<p>Exactitud: +\/- 0.2\u00b0C (+\/- 0.3\u00b0F)<\/p>\n<p>Memoria: Memoria con protecci\u00f3n contra corte de energ\u00eda y respaldo<\/p>\n<p>&nbsp;<\/p>\n","protected":false},"featured_media":926,"template":"","meta":{"_acf_changed":false},"product_brand":[],"product_cat":[38],"product_tag":[34,35],"class_list":{"0":"post-1263","1":"product","2":"type-product","3":"status-publish","4":"has-post-thumbnail","6":"product_cat-climate-controllers-es","7":"product_tag-poultry-es","8":"product_tag-cows-es","10":"first","11":"instock","12":"shipping-taxable","13":"product-type-simple"},"acf":[],"yoast_head":"<!-- This site is optimized with the Yoast SEO plugin v25.2 - https:\/\/yoast.com\/wordpress\/plugins\/seo\/ -->\n<title>Aclimatron 107 - Agrologic Ltd - poultry farming and pig raising<\/title>\n<meta name=\"robots\" content=\"index, follow, max-snippet:-1, max-image-preview:large, max-video-preview:-1\" \/>\n<link rel=\"canonical\" href=\"https:\/\/agrologic.com\/product-catalog\/aclimatron-107\/\" \/>\n<meta property=\"og:locale\" content=\"es_ES\" \/>\n<meta property=\"og:type\" content=\"article\" \/>\n<meta property=\"og:title\" content=\"Aclimatron 107 - Agrologic Ltd - poultry farming and pig raising\" \/>\n<meta property=\"og:description\" content=\"El controlador Aclimatron 107 es una unidad de control de 4 salidas con facilidad de uso dise\u00f1ada especialmente para operar sistemas de enfriamiento en los gallineros. Viene equipada con un sensor de temperatura, con un sensor opcional de humedad que se puede a\u00f1adir f\u00e1cilmente. Todo lo que tiene que hacer es establecer la temperatura del sistema de enfriamiento, tiempo de funcionamiento de enfriamiento y cantidad de tiempo m\u00ednima y m\u00e1xima de apagado. Conforme sube la temperatura, el tiempo de apagado se reduce autom\u00e1ticamente.  La unidad tiene salida de electricidad para la v\u00e1lvula del sistema de enfriamiento la cual puede proporcionar 12VAC\/DC o 24VAC. Tres contactos internos secos se utilizan para controlar la temperatura del gallinero seg\u00fan los preestablecidos de temperatura y humedad.  Aclimatron 107 maneja todas las necesidades de enfriamiento del gallinero de manera amigable, f\u00e1cil de operar, la cual puede ser operada de ubicaciones distantes con un par de clics en un bot\u00f3n.  &nbsp;  Especificaciones t\u00e9cnicas  Salidas: 3 cambio seco sobre contactos m\u00e1x. 230V\/2Amp  1 12\/24V AC\/DC  Entradas: 2 entradas an\u00e1logas para los sensores de temperatura y humedad.  Pantalla: 6 d\u00edgitos 7 segmentos  Exactitud: +\/- 0.2\u00b0C (+\/- 0.3\u00b0F)  Memoria: Memoria con protecci\u00f3n contra corte de energ\u00eda y respaldo  &nbsp;\" \/>\n<meta property=\"og:url\" content=\"https:\/\/agrologic.com\/product-catalog\/aclimatron-107\/\" \/>\n<meta property=\"og:site_name\" content=\"Agrologic Ltd - poultry farming and pig raising\" \/>\n<meta property=\"article:modified_time\" content=\"2016-06-19T05:35:09+00:00\" \/>\n<meta property=\"og:image\" content=\"https:\/\/agrologic.com\/wp-content\/uploads\/2015\/12\/Aclimtron-107.png\" \/>\n\t<meta property=\"og:image:width\" content=\"800\" \/>\n\t<meta property=\"og:image:height\" content=\"800\" \/>\n\t<meta property=\"og:image:type\" content=\"image\/png\" \/>\n<meta name=\"twitter:card\" content=\"summary_large_image\" \/>\n<script type=\"application\/ld+json\" class=\"yoast-schema-graph\">{\"@context\":\"https:\/\/schema.org\",\"@graph\":[{\"@type\":\"WebPage\",\"@id\":\"https:\/\/agrologic.com\/product-catalog\/aclimatron-107\/\",\"url\":\"https:\/\/agrologic.com\/product-catalog\/aclimatron-107\/\",\"name\":\"Aclimatron 107 - Agrologic Ltd - poultry farming and pig raising\",\"isPartOf\":{\"@id\":\"https:\/\/agrologic.com\/#website\"},\"primaryImageOfPage\":{\"@id\":\"https:\/\/agrologic.com\/product-catalog\/aclimatron-107\/#primaryimage\"},\"image\":{\"@id\":\"https:\/\/agrologic.com\/product-catalog\/aclimatron-107\/#primaryimage\"},\"thumbnailUrl\":\"https:\/\/agrologic.com\/wp-content\/uploads\/2015\/12\/Aclimtron-107.png\",\"datePublished\":\"2015-11-18T08:21:51+00:00\",\"dateModified\":\"2016-06-19T05:35:09+00:00\",\"breadcrumb\":{\"@id\":\"https:\/\/agrologic.com\/product-catalog\/aclimatron-107\/#breadcrumb\"},\"inLanguage\":\"es\",\"potentialAction\":[{\"@type\":\"ReadAction\",\"target\":[\"https:\/\/agrologic.com\/product-catalog\/aclimatron-107\/\"]}]},{\"@type\":\"ImageObject\",\"inLanguage\":\"es\",\"@id\":\"https:\/\/agrologic.com\/product-catalog\/aclimatron-107\/#primaryimage\",\"url\":\"https:\/\/agrologic.com\/wp-content\/uploads\/2015\/12\/Aclimtron-107.png\",\"contentUrl\":\"https:\/\/agrologic.com\/wp-content\/uploads\/2015\/12\/Aclimtron-107.png\",\"width\":800,\"height\":800},{\"@type\":\"BreadcrumbList\",\"@id\":\"https:\/\/agrologic.com\/product-catalog\/aclimatron-107\/#breadcrumb\",\"itemListElement\":[{\"@type\":\"ListItem\",\"position\":1,\"name\":\"Home\",\"item\":\"https:\/\/agrologic.com\/es\/\"},{\"@type\":\"ListItem\",\"position\":2,\"name\":\"productos\",\"item\":\"https:\/\/agrologic.com\/productos\/\"},{\"@type\":\"ListItem\",\"position\":3,\"name\":\"Aclimatron 107\"}]},{\"@type\":\"WebSite\",\"@id\":\"https:\/\/agrologic.com\/#website\",\"url\":\"https:\/\/agrologic.com\/\",\"name\":\"Agrologic Ltd - poultry farming and pig raising\",\"description\":\"\",\"potentialAction\":[{\"@type\":\"SearchAction\",\"target\":{\"@type\":\"EntryPoint\",\"urlTemplate\":\"https:\/\/agrologic.com\/?s={search_term_string}\"},\"query-input\":{\"@type\":\"PropertyValueSpecification\",\"valueRequired\":true,\"valueName\":\"search_term_string\"}}],\"inLanguage\":\"es\"}]}<\/script>\n<!-- \/ Yoast SEO plugin. -->","yoast_head_json":{"title":"Aclimatron 107 - Agrologic Ltd - poultry farming and pig raising","robots":{"index":"index","follow":"follow","max-snippet":"max-snippet:-1","max-image-preview":"max-image-preview:large","max-video-preview":"max-video-preview:-1"},"canonical":"https:\/\/agrologic.com\/product-catalog\/aclimatron-107\/","og_locale":"es_ES","og_type":"article","og_title":"Aclimatron 107 - Agrologic Ltd - poultry farming and pig raising","og_description":"El controlador Aclimatron 107 es una unidad de control de 4 salidas con facilidad de uso dise\u00f1ada especialmente para operar sistemas de enfriamiento en los gallineros. Viene equipada con un sensor de temperatura, con un sensor opcional de humedad que se puede a\u00f1adir f\u00e1cilmente. Todo lo que tiene que hacer es establecer la temperatura del sistema de enfriamiento, tiempo de funcionamiento de enfriamiento y cantidad de tiempo m\u00ednima y m\u00e1xima de apagado. Conforme sube la temperatura, el tiempo de apagado se reduce autom\u00e1ticamente.  La unidad tiene salida de electricidad para la v\u00e1lvula del sistema de enfriamiento la cual puede proporcionar 12VAC\/DC o 24VAC. Tres contactos internos secos se utilizan para controlar la temperatura del gallinero seg\u00fan los preestablecidos de temperatura y humedad.  Aclimatron 107 maneja todas las necesidades de enfriamiento del gallinero de manera amigable, f\u00e1cil de operar, la cual puede ser operada de ubicaciones distantes con un par de clics en un bot\u00f3n.  &nbsp;  Especificaciones t\u00e9cnicas  Salidas: 3 cambio seco sobre contactos m\u00e1x. 230V\/2Amp  1 12\/24V AC\/DC  Entradas: 2 entradas an\u00e1logas para los sensores de temperatura y humedad.  Pantalla: 6 d\u00edgitos 7 segmentos  Exactitud: +\/- 0.2\u00b0C (+\/- 0.3\u00b0F)  Memoria: Memoria con protecci\u00f3n contra corte de energ\u00eda y respaldo  &nbsp;","og_url":"https:\/\/agrologic.com\/product-catalog\/aclimatron-107\/","og_site_name":"Agrologic Ltd - poultry farming and pig raising","article_modified_time":"2016-06-19T05:35:09+00:00","og_image":[{"width":800,"height":800,"url":"https:\/\/agrologic.com\/wp-content\/uploads\/2015\/12\/Aclimtron-107.png","type":"image\/png"}],"twitter_card":"summary_large_image","schema":{"@context":"https:\/\/schema.org","@graph":[{"@type":"WebPage","@id":"https:\/\/agrologic.com\/product-catalog\/aclimatron-107\/","url":"https:\/\/agrologic.com\/product-catalog\/aclimatron-107\/","name":"Aclimatron 107 - Agrologic Ltd - poultry farming and pig raising","isPartOf":{"@id":"https:\/\/agrologic.com\/#website"},"primaryImageOfPage":{"@id":"https:\/\/agrologic.com\/product-catalog\/aclimatron-107\/#primaryimage"},"image":{"@id":"https:\/\/agrologic.com\/product-catalog\/aclimatron-107\/#primaryimage"},"thumbnailUrl":"https:\/\/agrologic.com\/wp-content\/uploads\/2015\/12\/Aclimtron-107.png","datePublished":"2015-11-18T08:21:51+00:00","dateModified":"2016-06-19T05:35:09+00:00","breadcrumb":{"@id":"https:\/\/agrologic.com\/product-catalog\/aclimatron-107\/#breadcrumb"},"inLanguage":"es","potentialAction":[{"@type":"ReadAction","target":["https:\/\/agrologic.com\/product-catalog\/aclimatron-107\/"]}]},{"@type":"ImageObject","inLanguage":"es","@id":"https:\/\/agrologic.com\/product-catalog\/aclimatron-107\/#primaryimage","url":"https:\/\/agrologic.com\/wp-content\/uploads\/2015\/12\/Aclimtron-107.png","contentUrl":"https:\/\/agrologic.com\/wp-content\/uploads\/2015\/12\/Aclimtron-107.png","width":800,"height":800},{"@type":"BreadcrumbList","@id":"https:\/\/agrologic.com\/product-catalog\/aclimatron-107\/#breadcrumb","itemListElement":[{"@type":"ListItem","position":1,"name":"Home","item":"https:\/\/agrologic.com\/es\/"},{"@type":"ListItem","position":2,"name":"productos","item":"https:\/\/agrologic.com\/productos\/"},{"@type":"ListItem","position":3,"name":"Aclimatron 107"}]},{"@type":"WebSite","@id":"https:\/\/agrologic.com\/#website","url":"https:\/\/agrologic.com\/","name":"Agrologic Ltd - poultry farming and pig raising","description":"","potentialAction":[{"@type":"SearchAction","target":{"@type":"EntryPoint","urlTemplate":"https:\/\/agrologic.com\/?s={search_term_string}"},"query-input":{"@type":"PropertyValueSpecification","valueRequired":true,"valueName":"search_term_string"}}],"inLanguage":"es"}]}},"_links":{"self":[{"href":"https:\/\/agrologic.com\/es\/wp-json\/wp\/v2\/product\/1263","targetHints":{"allow":["GET"]}}],"collection":[{"href":"https:\/\/agrologic.com\/es\/wp-json\/wp\/v2\/product"}],"about":[{"href":"https:\/\/agrologic.com\/es\/wp-json\/wp\/v2\/types\/product"}],"wp:featuredmedia":[{"embeddable":true,"href":"https:\/\/agrologic.com\/es\/wp-json\/wp\/v2\/media\/926"}],"wp:attachment":[{"href":"https:\/\/agrologic.com\/es\/wp-json\/wp\/v2\/media?parent=1263"}],"wp:term":[{"taxonomy":"product_brand","embeddable":true,"href":"https:\/\/agrologic.com\/es\/wp-json\/wp\/v2\/product_brand?post=1263"},{"taxonomy":"product_cat","embeddable":true,"href":"https:\/\/agrologic.com\/es\/wp-json\/wp\/v2\/product_cat?post=1263"},{"taxonomy":"product_tag","embeddable":true,"href":"https:\/\/agrologic.com\/es\/wp-json\/wp\/v2\/product_tag?post=1263"}],"curies":[{"name":"wp","href":"https:\/\/api.w.org\/{rel}","templated":true}]}}