{"id":1261,"date":"2015-11-18T10:35:49","date_gmt":"2015-11-18T10:35:49","guid":{"rendered":"https:\/\/agrologic.com\/es\/product-catalog\/vision-24s\/"},"modified":"2016-03-29T06:30:08","modified_gmt":"2016-03-29T06:30:08","slug":"vision-24s","status":"publish","type":"product","link":"https:\/\/agrologic.com\/es\/product-catalog\/vision-24s\/","title":{"rendered":"Vision 24S"},"content":{"rendered":"","protected":false},"excerpt":{"rendered":"<p><strong>Vision 24S le ayuda controlar todas sus entradas\/salidas internas utilizando tan s\u00f3lo un controlador. <\/strong><br \/>\n<strong>Especificaciones t\u00e9cnicas:<\/strong><\/p>\n<p><strong>Especificaciones t\u00e9cnicas:<\/strong><br \/>\nAlimentaci\u00f3n el\u00e9ctrica: 230VAC<br \/>\nSalidas: 24 Rel\u00e9s de contacto seco 230V\/2A<br \/>\n2 variables 0-10V<br \/>\nEntradas: 9 entradas de sensores<br \/>\n10 entradas digitales<br \/>\nPantalla: 5\u201d LCD<br \/>\nFunciones:<br \/>\n\u2022 Interfaz amigable y f\u00e1cil de usar<br \/>\n\u2022 Pantalla grande gr\u00e1fica LCD<br \/>\n\u2022 Puede ser usado con cualquier tipo de sistema de ventilaci\u00f3n<br \/>\n\u2022 Reducci\u00f3n de temperatura y curvas de ventilaci\u00f3n m\u00ednima incluidas<br \/>\n\u2022 Control remoto \u2013 permite al granjero control a trav\u00e9s de una PC, web, SMS o tel\u00e9fono inteligente a trav\u00e9s de nuestra unidad de alarma celular Cellink.<br \/>\n\u2022 Historial de par\u00e1metros diarios y de reba\u00f1o.<strong><br \/>\n<\/strong><\/p>\n","protected":false},"featured_media":1136,"template":"","meta":{"_acf_changed":false},"product_brand":[],"product_cat":[38],"product_tag":[34],"class_list":{"0":"post-1261","1":"product","2":"type-product","3":"status-publish","4":"has-post-thumbnail","6":"product_cat-climate-controllers-es","7":"product_tag-poultry-es","9":"first","10":"instock","11":"shipping-taxable","12":"product-type-simple"},"acf":[],"yoast_head":"<!-- This site is optimized with the Yoast SEO plugin v25.2 - https:\/\/yoast.com\/wordpress\/plugins\/seo\/ -->\n<title>Vision 24S - Agrologic Ltd - poultry farming and pig raising<\/title>\n<meta name=\"robots\" content=\"index, follow, max-snippet:-1, max-image-preview:large, max-video-preview:-1\" \/>\n<link rel=\"canonical\" href=\"https:\/\/agrologic.com\/product-catalog\/vision-24s\/\" \/>\n<meta property=\"og:locale\" content=\"es_ES\" \/>\n<meta property=\"og:type\" content=\"article\" \/>\n<meta property=\"og:title\" content=\"Vision 24S - Agrologic Ltd - poultry farming and pig raising\" \/>\n<meta property=\"og:description\" content=\"Vision 24S le ayuda controlar todas sus entradas\/salidas internas utilizando tan s\u00f3lo un controlador.  Especificaciones t\u00e9cnicas:  Especificaciones t\u00e9cnicas: Alimentaci\u00f3n el\u00e9ctrica: 230VAC Salidas: 24 Rel\u00e9s de contacto seco 230V\/2A 2 variables 0-10V Entradas: 9 entradas de sensores 10 entradas digitales Pantalla: 5\u201d LCD Funciones: \u2022 Interfaz amigable y f\u00e1cil de usar \u2022 Pantalla grande gr\u00e1fica LCD \u2022 Puede ser usado con cualquier tipo de sistema de ventilaci\u00f3n \u2022 Reducci\u00f3n de temperatura y curvas de ventilaci\u00f3n m\u00ednima incluidas \u2022 Control remoto \u2013 permite al granjero control a trav\u00e9s de una PC, web, SMS o tel\u00e9fono inteligente a trav\u00e9s de nuestra unidad de alarma celular Cellink. \u2022 Historial de par\u00e1metros diarios y de reba\u00f1o.\" \/>\n<meta property=\"og:url\" content=\"https:\/\/agrologic.com\/product-catalog\/vision-24s\/\" \/>\n<meta property=\"og:site_name\" content=\"Agrologic Ltd - poultry farming and pig raising\" \/>\n<meta property=\"article:modified_time\" content=\"2016-03-29T06:30:08+00:00\" \/>\n<meta property=\"og:image\" content=\"https:\/\/agrologic.com\/wp-content\/uploads\/2015\/12\/Vision-24s.png\" \/>\n\t<meta property=\"og:image:width\" content=\"800\" \/>\n\t<meta property=\"og:image:height\" content=\"800\" \/>\n\t<meta property=\"og:image:type\" content=\"image\/png\" \/>\n<meta name=\"twitter:card\" content=\"summary_large_image\" \/>\n<script type=\"application\/ld+json\" class=\"yoast-schema-graph\">{\"@context\":\"https:\/\/schema.org\",\"@graph\":[{\"@type\":\"WebPage\",\"@id\":\"https:\/\/agrologic.com\/product-catalog\/vision-24s\/\",\"url\":\"https:\/\/agrologic.com\/product-catalog\/vision-24s\/\",\"name\":\"Vision 24S - Agrologic Ltd - poultry farming and pig raising\",\"isPartOf\":{\"@id\":\"https:\/\/agrologic.com\/#website\"},\"primaryImageOfPage\":{\"@id\":\"https:\/\/agrologic.com\/product-catalog\/vision-24s\/#primaryimage\"},\"image\":{\"@id\":\"https:\/\/agrologic.com\/product-catalog\/vision-24s\/#primaryimage\"},\"thumbnailUrl\":\"https:\/\/agrologic.com\/wp-content\/uploads\/2015\/12\/Vision-24s.png\",\"datePublished\":\"2015-11-18T10:35:49+00:00\",\"dateModified\":\"2016-03-29T06:30:08+00:00\",\"breadcrumb\":{\"@id\":\"https:\/\/agrologic.com\/product-catalog\/vision-24s\/#breadcrumb\"},\"inLanguage\":\"es\",\"potentialAction\":[{\"@type\":\"ReadAction\",\"target\":[\"https:\/\/agrologic.com\/product-catalog\/vision-24s\/\"]}]},{\"@type\":\"ImageObject\",\"inLanguage\":\"es\",\"@id\":\"https:\/\/agrologic.com\/product-catalog\/vision-24s\/#primaryimage\",\"url\":\"https:\/\/agrologic.com\/wp-content\/uploads\/2015\/12\/Vision-24s.png\",\"contentUrl\":\"https:\/\/agrologic.com\/wp-content\/uploads\/2015\/12\/Vision-24s.png\",\"width\":800,\"height\":800},{\"@type\":\"BreadcrumbList\",\"@id\":\"https:\/\/agrologic.com\/product-catalog\/vision-24s\/#breadcrumb\",\"itemListElement\":[{\"@type\":\"ListItem\",\"position\":1,\"name\":\"Home\",\"item\":\"https:\/\/agrologic.com\/es\/\"},{\"@type\":\"ListItem\",\"position\":2,\"name\":\"productos\",\"item\":\"https:\/\/agrologic.com\/productos\/\"},{\"@type\":\"ListItem\",\"position\":3,\"name\":\"Vision 24S\"}]},{\"@type\":\"WebSite\",\"@id\":\"https:\/\/agrologic.com\/#website\",\"url\":\"https:\/\/agrologic.com\/\",\"name\":\"Agrologic Ltd - poultry farming and pig raising\",\"description\":\"\",\"potentialAction\":[{\"@type\":\"SearchAction\",\"target\":{\"@type\":\"EntryPoint\",\"urlTemplate\":\"https:\/\/agrologic.com\/?s={search_term_string}\"},\"query-input\":{\"@type\":\"PropertyValueSpecification\",\"valueRequired\":true,\"valueName\":\"search_term_string\"}}],\"inLanguage\":\"es\"}]}<\/script>\n<!-- \/ Yoast SEO plugin. -->","yoast_head_json":{"title":"Vision 24S - Agrologic Ltd - poultry farming and pig raising","robots":{"index":"index","follow":"follow","max-snippet":"max-snippet:-1","max-image-preview":"max-image-preview:large","max-video-preview":"max-video-preview:-1"},"canonical":"https:\/\/agrologic.com\/product-catalog\/vision-24s\/","og_locale":"es_ES","og_type":"article","og_title":"Vision 24S - Agrologic Ltd - poultry farming and pig raising","og_description":"Vision 24S le ayuda controlar todas sus entradas\/salidas internas utilizando tan s\u00f3lo un controlador.  Especificaciones t\u00e9cnicas:  Especificaciones t\u00e9cnicas: Alimentaci\u00f3n el\u00e9ctrica: 230VAC Salidas: 24 Rel\u00e9s de contacto seco 230V\/2A 2 variables 0-10V Entradas: 9 entradas de sensores 10 entradas digitales Pantalla: 5\u201d LCD Funciones: \u2022 Interfaz amigable y f\u00e1cil de usar \u2022 Pantalla grande gr\u00e1fica LCD \u2022 Puede ser usado con cualquier tipo de sistema de ventilaci\u00f3n \u2022 Reducci\u00f3n de temperatura y curvas de ventilaci\u00f3n m\u00ednima incluidas \u2022 Control remoto \u2013 permite al granjero control a trav\u00e9s de una PC, web, SMS o tel\u00e9fono inteligente a trav\u00e9s de nuestra unidad de alarma celular Cellink. \u2022 Historial de par\u00e1metros diarios y de reba\u00f1o.","og_url":"https:\/\/agrologic.com\/product-catalog\/vision-24s\/","og_site_name":"Agrologic Ltd - poultry farming and pig raising","article_modified_time":"2016-03-29T06:30:08+00:00","og_image":[{"width":800,"height":800,"url":"https:\/\/agrologic.com\/wp-content\/uploads\/2015\/12\/Vision-24s.png","type":"image\/png"}],"twitter_card":"summary_large_image","schema":{"@context":"https:\/\/schema.org","@graph":[{"@type":"WebPage","@id":"https:\/\/agrologic.com\/product-catalog\/vision-24s\/","url":"https:\/\/agrologic.com\/product-catalog\/vision-24s\/","name":"Vision 24S - Agrologic Ltd - poultry farming and pig raising","isPartOf":{"@id":"https:\/\/agrologic.com\/#website"},"primaryImageOfPage":{"@id":"https:\/\/agrologic.com\/product-catalog\/vision-24s\/#primaryimage"},"image":{"@id":"https:\/\/agrologic.com\/product-catalog\/vision-24s\/#primaryimage"},"thumbnailUrl":"https:\/\/agrologic.com\/wp-content\/uploads\/2015\/12\/Vision-24s.png","datePublished":"2015-11-18T10:35:49+00:00","dateModified":"2016-03-29T06:30:08+00:00","breadcrumb":{"@id":"https:\/\/agrologic.com\/product-catalog\/vision-24s\/#breadcrumb"},"inLanguage":"es","potentialAction":[{"@type":"ReadAction","target":["https:\/\/agrologic.com\/product-catalog\/vision-24s\/"]}]},{"@type":"ImageObject","inLanguage":"es","@id":"https:\/\/agrologic.com\/product-catalog\/vision-24s\/#primaryimage","url":"https:\/\/agrologic.com\/wp-content\/uploads\/2015\/12\/Vision-24s.png","contentUrl":"https:\/\/agrologic.com\/wp-content\/uploads\/2015\/12\/Vision-24s.png","width":800,"height":800},{"@type":"BreadcrumbList","@id":"https:\/\/agrologic.com\/product-catalog\/vision-24s\/#breadcrumb","itemListElement":[{"@type":"ListItem","position":1,"name":"Home","item":"https:\/\/agrologic.com\/es\/"},{"@type":"ListItem","position":2,"name":"productos","item":"https:\/\/agrologic.com\/productos\/"},{"@type":"ListItem","position":3,"name":"Vision 24S"}]},{"@type":"WebSite","@id":"https:\/\/agrologic.com\/#website","url":"https:\/\/agrologic.com\/","name":"Agrologic Ltd - poultry farming and pig raising","description":"","potentialAction":[{"@type":"SearchAction","target":{"@type":"EntryPoint","urlTemplate":"https:\/\/agrologic.com\/?s={search_term_string}"},"query-input":{"@type":"PropertyValueSpecification","valueRequired":true,"valueName":"search_term_string"}}],"inLanguage":"es"}]}},"_links":{"self":[{"href":"https:\/\/agrologic.com\/es\/wp-json\/wp\/v2\/product\/1261","targetHints":{"allow":["GET"]}}],"collection":[{"href":"https:\/\/agrologic.com\/es\/wp-json\/wp\/v2\/product"}],"about":[{"href":"https:\/\/agrologic.com\/es\/wp-json\/wp\/v2\/types\/product"}],"wp:featuredmedia":[{"embeddable":true,"href":"https:\/\/agrologic.com\/es\/wp-json\/wp\/v2\/media\/1136"}],"wp:attachment":[{"href":"https:\/\/agrologic.com\/es\/wp-json\/wp\/v2\/media?parent=1261"}],"wp:term":[{"taxonomy":"product_brand","embeddable":true,"href":"https:\/\/agrologic.com\/es\/wp-json\/wp\/v2\/product_brand?post=1261"},{"taxonomy":"product_cat","embeddable":true,"href":"https:\/\/agrologic.com\/es\/wp-json\/wp\/v2\/product_cat?post=1261"},{"taxonomy":"product_tag","embeddable":true,"href":"https:\/\/agrologic.com\/es\/wp-json\/wp\/v2\/product_tag?post=1261"}],"curies":[{"name":"wp","href":"https:\/\/api.w.org\/{rel}","templated":true}]}}