{"id":1259,"date":"2015-08-31T13:17:30","date_gmt":"2015-08-31T13:17:30","guid":{"rendered":"https:\/\/agrologic.com\/es\/product-catalog\/image-ii\/"},"modified":"2023-08-03T07:22:02","modified_gmt":"2023-08-03T07:22:02","slug":"image-ii-2","status":"publish","type":"product","link":"https:\/\/agrologic.com\/es\/product-catalog\/image-ii-2\/","title":{"rendered":"Image III"},"content":{"rendered":"","protected":false},"excerpt":{"rendered":"<p><strong>El todo en uno Image III es el controlador m\u00e1s flexible y robusto para la crianza de aves. Inteligente y f\u00e1cil de usar, es dise\u00f1ado para manejar todas sus necesidades de alojamiento para el largo plazo.<br \/>\n<\/strong><br \/>\nImage III<br \/>\nEl todo en uno Image III es el controlador m\u00e1s flexible y robusto para la crianza de aves. Inteligente y f\u00e1cil de usar, es dise\u00f1ado para manejar todas sus necesidades de alojamiento para el largo plazo.<br \/>\nImage III viene con una caja de rel\u00e9s ampliable la cual utiliza conjuntos de 8 m\u00f3dulos de salida de rel\u00e9s hasta un m\u00e1ximo de 64 rel\u00e9s<br \/>\nImage III incluye 6 salidas an\u00e1logas de 0 hasta 10 Volt para velocidad ventilador variable, control de solapa y atenuaci\u00f3n de luz.<br \/>\nLa unidad todo incluido proporcionar control de clima completo, pesaje de silo de alimentaci\u00f3n, pesaje de lotes, pesaje de aves y conteo de huevos autom\u00e1ticos.<br \/>\nImage III fue dise\u00f1ado para crecer su negocio. Guarda todos los datos a trv\u00e9s del periodo de crecimiento, lo cual se puede mostrar en cualquier momento en un formato gr\u00e1fico en la pantalla t\u00e1ctil de color. Una entrada delantera USB hace que la actualizaci\u00f3n y transferencia de datos son f\u00e1ciles.<br \/>\nEl controlador es dise\u00f1ado para su uso con pollos de engorde, pollitas, reproductoras, ponedoras y casas porcinas, controlando de manera flexible y regulando todas las funciones de operaci\u00f3n incluyendo velocidades variables de ventiladores, atenuaci\u00f3n de luz, presi\u00f3n est\u00e1tica, humedad, CO2 y m\u00e1s. Se incluye reducci\u00f3n de temperatura y curvas de pesos como est\u00e1ndar.<br \/>\nImage III fue construido para brindarle tranquilidad, con un control remoto simple a trav\u00e9s de PC, Web, SMS, Smartphone o Tablet.<\/p>\n<p>Especificaciones t\u00e9cnicas:<br \/>\nAlimentaci\u00f3n el\u00e9ctrica: 230V\/50Hz, 115V\/60Hz<br \/>\nSalidas: 8 hasta 64 Cambios secos sobre contactos de rel\u00e9s 230V\/2A<br \/>\n6 variables 0-10V<br \/>\nEntradas: 15 Entradas de sensores<br \/>\n20 Entradas digitales<br \/>\nPantalla: Pantalla t\u00e1ctil 7\u201d de color LCD<\/p>\n","protected":false},"featured_media":3915,"template":"","meta":{"_acf_changed":false},"product_brand":[],"product_cat":[38],"product_tag":[34],"class_list":{"0":"post-1259","1":"product","2":"type-product","3":"status-publish","4":"has-post-thumbnail","6":"product_cat-climate-controllers-es","7":"product_tag-poultry-es","9":"first","10":"instock","11":"shipping-taxable","12":"product-type-simple"},"acf":[],"yoast_head":"<!-- This site is optimized with the Yoast SEO plugin v25.2 - https:\/\/yoast.com\/wordpress\/plugins\/seo\/ -->\n<title>Image III - Agrologic Ltd - poultry farming and pig raising<\/title>\n<meta name=\"robots\" content=\"index, follow, max-snippet:-1, max-image-preview:large, max-video-preview:-1\" \/>\n<link rel=\"canonical\" href=\"https:\/\/agrologic.com\/product-catalog\/image-ii-2\/\" \/>\n<meta property=\"og:locale\" content=\"es_ES\" \/>\n<meta property=\"og:type\" content=\"article\" \/>\n<meta property=\"og:title\" content=\"Image III - Agrologic Ltd - poultry farming and pig raising\" \/>\n<meta property=\"og:description\" content=\"El todo en uno Image III es el controlador m\u00e1s flexible y robusto para la crianza de aves. Inteligente y f\u00e1cil de usar, es dise\u00f1ado para manejar todas sus necesidades de alojamiento para el largo plazo.  Image III El todo en uno Image III es el controlador m\u00e1s flexible y robusto para la crianza de aves. Inteligente y f\u00e1cil de usar, es dise\u00f1ado para manejar todas sus necesidades de alojamiento para el largo plazo. Image III viene con una caja de rel\u00e9s ampliable la cual utiliza conjuntos de 8 m\u00f3dulos de salida de rel\u00e9s hasta un m\u00e1ximo de 64 rel\u00e9s Image III incluye 6 salidas an\u00e1logas de 0 hasta 10 Volt para velocidad ventilador variable, control de solapa y atenuaci\u00f3n de luz. La unidad todo incluido proporcionar control de clima completo, pesaje de silo de alimentaci\u00f3n, pesaje de lotes, pesaje de aves y conteo de huevos autom\u00e1ticos. Image III fue dise\u00f1ado para crecer su negocio. Guarda todos los datos a trv\u00e9s del periodo de crecimiento, lo cual se puede mostrar en cualquier momento en un formato gr\u00e1fico en la pantalla t\u00e1ctil de color. Una entrada delantera USB hace que la actualizaci\u00f3n y transferencia de datos son f\u00e1ciles. El controlador es dise\u00f1ado para su uso con pollos de engorde, pollitas, reproductoras, ponedoras y casas porcinas, controlando de manera flexible y regulando todas las funciones de operaci\u00f3n incluyendo velocidades variables de ventiladores, atenuaci\u00f3n de luz, presi\u00f3n est\u00e1tica, humedad, CO2 y m\u00e1s. Se incluye reducci\u00f3n de temperatura y curvas de pesos como est\u00e1ndar. Image III fue construido para brindarle tranquilidad, con un control remoto simple a trav\u00e9s de PC, Web, SMS, Smartphone o Tablet.  Especificaciones t\u00e9cnicas: Alimentaci\u00f3n el\u00e9ctrica: 230V\/50Hz, 115V\/60Hz Salidas: 8 hasta 64 Cambios secos sobre contactos de rel\u00e9s 230V\/2A 6 variables 0-10V Entradas: 15 Entradas de sensores 20 Entradas digitales Pantalla: Pantalla t\u00e1ctil 7\u201d de color LCD\" \/>\n<meta property=\"og:url\" content=\"https:\/\/agrologic.com\/product-catalog\/image-ii-2\/\" \/>\n<meta property=\"og:site_name\" content=\"Agrologic Ltd - poultry farming and pig raising\" \/>\n<meta property=\"article:modified_time\" content=\"2023-08-03T07:22:02+00:00\" \/>\n<meta property=\"og:image\" content=\"https:\/\/agrologic.com\/wp-content\/uploads\/2023\/04\/ImageIII-e1680442686117.png\" \/>\n\t<meta property=\"og:image:width\" content=\"1920\" \/>\n\t<meta property=\"og:image:height\" content=\"1636\" \/>\n\t<meta property=\"og:image:type\" content=\"image\/png\" \/>\n<meta name=\"twitter:card\" content=\"summary_large_image\" \/>\n<script type=\"application\/ld+json\" class=\"yoast-schema-graph\">{\"@context\":\"https:\/\/schema.org\",\"@graph\":[{\"@type\":\"WebPage\",\"@id\":\"https:\/\/agrologic.com\/product-catalog\/image-ii-2\/\",\"url\":\"https:\/\/agrologic.com\/product-catalog\/image-ii-2\/\",\"name\":\"Image III - Agrologic Ltd - poultry farming and pig raising\",\"isPartOf\":{\"@id\":\"https:\/\/agrologic.com\/#website\"},\"primaryImageOfPage\":{\"@id\":\"https:\/\/agrologic.com\/product-catalog\/image-ii-2\/#primaryimage\"},\"image\":{\"@id\":\"https:\/\/agrologic.com\/product-catalog\/image-ii-2\/#primaryimage\"},\"thumbnailUrl\":\"https:\/\/agrologic.com\/wp-content\/uploads\/2015\/08\/\u05d0\u05d9\u05de\u05d9\u05d9\u05d2-3-\u05ea\u05de\u05d5\u05e0\u05d4-\u05de\u05d5\u05e7\u05d8\u05df1-e1735815408516.png\",\"datePublished\":\"2015-08-31T13:17:30+00:00\",\"dateModified\":\"2023-08-03T07:22:02+00:00\",\"breadcrumb\":{\"@id\":\"https:\/\/agrologic.com\/product-catalog\/image-ii-2\/#breadcrumb\"},\"inLanguage\":\"es\",\"potentialAction\":[{\"@type\":\"ReadAction\",\"target\":[\"https:\/\/agrologic.com\/product-catalog\/image-ii-2\/\"]}]},{\"@type\":\"ImageObject\",\"inLanguage\":\"es\",\"@id\":\"https:\/\/agrologic.com\/product-catalog\/image-ii-2\/#primaryimage\",\"url\":\"https:\/\/agrologic.com\/wp-content\/uploads\/2015\/08\/\u05d0\u05d9\u05de\u05d9\u05d9\u05d2-3-\u05ea\u05de\u05d5\u05e0\u05d4-\u05de\u05d5\u05e7\u05d8\u05df1-e1735815408516.png\",\"contentUrl\":\"https:\/\/agrologic.com\/wp-content\/uploads\/2015\/08\/\u05d0\u05d9\u05de\u05d9\u05d9\u05d2-3-\u05ea\u05de\u05d5\u05e0\u05d4-\u05de\u05d5\u05e7\u05d8\u05df1-e1735815408516.png\",\"width\":846,\"height\":846},{\"@type\":\"BreadcrumbList\",\"@id\":\"https:\/\/agrologic.com\/product-catalog\/image-ii-2\/#breadcrumb\",\"itemListElement\":[{\"@type\":\"ListItem\",\"position\":1,\"name\":\"Home\",\"item\":\"https:\/\/agrologic.com\/es\/\"},{\"@type\":\"ListItem\",\"position\":2,\"name\":\"productos\",\"item\":\"https:\/\/agrologic.com\/productos\/\"},{\"@type\":\"ListItem\",\"position\":3,\"name\":\"Image III\"}]},{\"@type\":\"WebSite\",\"@id\":\"https:\/\/agrologic.com\/#website\",\"url\":\"https:\/\/agrologic.com\/\",\"name\":\"Agrologic Ltd - poultry farming and pig raising\",\"description\":\"\",\"potentialAction\":[{\"@type\":\"SearchAction\",\"target\":{\"@type\":\"EntryPoint\",\"urlTemplate\":\"https:\/\/agrologic.com\/?s={search_term_string}\"},\"query-input\":{\"@type\":\"PropertyValueSpecification\",\"valueRequired\":true,\"valueName\":\"search_term_string\"}}],\"inLanguage\":\"es\"}]}<\/script>\n<!-- \/ Yoast SEO plugin. -->","yoast_head_json":{"title":"Image III - Agrologic Ltd - poultry farming and pig raising","robots":{"index":"index","follow":"follow","max-snippet":"max-snippet:-1","max-image-preview":"max-image-preview:large","max-video-preview":"max-video-preview:-1"},"canonical":"https:\/\/agrologic.com\/product-catalog\/image-ii-2\/","og_locale":"es_ES","og_type":"article","og_title":"Image III - Agrologic Ltd - poultry farming and pig raising","og_description":"El todo en uno Image III es el controlador m\u00e1s flexible y robusto para la crianza de aves. Inteligente y f\u00e1cil de usar, es dise\u00f1ado para manejar todas sus necesidades de alojamiento para el largo plazo.  Image III El todo en uno Image III es el controlador m\u00e1s flexible y robusto para la crianza de aves. Inteligente y f\u00e1cil de usar, es dise\u00f1ado para manejar todas sus necesidades de alojamiento para el largo plazo. Image III viene con una caja de rel\u00e9s ampliable la cual utiliza conjuntos de 8 m\u00f3dulos de salida de rel\u00e9s hasta un m\u00e1ximo de 64 rel\u00e9s Image III incluye 6 salidas an\u00e1logas de 0 hasta 10 Volt para velocidad ventilador variable, control de solapa y atenuaci\u00f3n de luz. La unidad todo incluido proporcionar control de clima completo, pesaje de silo de alimentaci\u00f3n, pesaje de lotes, pesaje de aves y conteo de huevos autom\u00e1ticos. Image III fue dise\u00f1ado para crecer su negocio. Guarda todos los datos a trv\u00e9s del periodo de crecimiento, lo cual se puede mostrar en cualquier momento en un formato gr\u00e1fico en la pantalla t\u00e1ctil de color. Una entrada delantera USB hace que la actualizaci\u00f3n y transferencia de datos son f\u00e1ciles. El controlador es dise\u00f1ado para su uso con pollos de engorde, pollitas, reproductoras, ponedoras y casas porcinas, controlando de manera flexible y regulando todas las funciones de operaci\u00f3n incluyendo velocidades variables de ventiladores, atenuaci\u00f3n de luz, presi\u00f3n est\u00e1tica, humedad, CO2 y m\u00e1s. Se incluye reducci\u00f3n de temperatura y curvas de pesos como est\u00e1ndar. Image III fue construido para brindarle tranquilidad, con un control remoto simple a trav\u00e9s de PC, Web, SMS, Smartphone o Tablet.  Especificaciones t\u00e9cnicas: Alimentaci\u00f3n el\u00e9ctrica: 230V\/50Hz, 115V\/60Hz Salidas: 8 hasta 64 Cambios secos sobre contactos de rel\u00e9s 230V\/2A 6 variables 0-10V Entradas: 15 Entradas de sensores 20 Entradas digitales Pantalla: Pantalla t\u00e1ctil 7\u201d de color LCD","og_url":"https:\/\/agrologic.com\/product-catalog\/image-ii-2\/","og_site_name":"Agrologic Ltd - poultry farming and pig raising","article_modified_time":"2023-08-03T07:22:02+00:00","og_image":[{"width":1920,"height":1636,"url":"https:\/\/agrologic.com\/wp-content\/uploads\/2023\/04\/ImageIII-e1680442686117.png","type":"image\/png"}],"twitter_card":"summary_large_image","schema":{"@context":"https:\/\/schema.org","@graph":[{"@type":"WebPage","@id":"https:\/\/agrologic.com\/product-catalog\/image-ii-2\/","url":"https:\/\/agrologic.com\/product-catalog\/image-ii-2\/","name":"Image III - Agrologic Ltd - poultry farming and pig raising","isPartOf":{"@id":"https:\/\/agrologic.com\/#website"},"primaryImageOfPage":{"@id":"https:\/\/agrologic.com\/product-catalog\/image-ii-2\/#primaryimage"},"image":{"@id":"https:\/\/agrologic.com\/product-catalog\/image-ii-2\/#primaryimage"},"thumbnailUrl":"https:\/\/agrologic.com\/wp-content\/uploads\/2015\/08\/\u05d0\u05d9\u05de\u05d9\u05d9\u05d2-3-\u05ea\u05de\u05d5\u05e0\u05d4-\u05de\u05d5\u05e7\u05d8\u05df1-e1735815408516.png","datePublished":"2015-08-31T13:17:30+00:00","dateModified":"2023-08-03T07:22:02+00:00","breadcrumb":{"@id":"https:\/\/agrologic.com\/product-catalog\/image-ii-2\/#breadcrumb"},"inLanguage":"es","potentialAction":[{"@type":"ReadAction","target":["https:\/\/agrologic.com\/product-catalog\/image-ii-2\/"]}]},{"@type":"ImageObject","inLanguage":"es","@id":"https:\/\/agrologic.com\/product-catalog\/image-ii-2\/#primaryimage","url":"https:\/\/agrologic.com\/wp-content\/uploads\/2015\/08\/\u05d0\u05d9\u05de\u05d9\u05d9\u05d2-3-\u05ea\u05de\u05d5\u05e0\u05d4-\u05de\u05d5\u05e7\u05d8\u05df1-e1735815408516.png","contentUrl":"https:\/\/agrologic.com\/wp-content\/uploads\/2015\/08\/\u05d0\u05d9\u05de\u05d9\u05d9\u05d2-3-\u05ea\u05de\u05d5\u05e0\u05d4-\u05de\u05d5\u05e7\u05d8\u05df1-e1735815408516.png","width":846,"height":846},{"@type":"BreadcrumbList","@id":"https:\/\/agrologic.com\/product-catalog\/image-ii-2\/#breadcrumb","itemListElement":[{"@type":"ListItem","position":1,"name":"Home","item":"https:\/\/agrologic.com\/es\/"},{"@type":"ListItem","position":2,"name":"productos","item":"https:\/\/agrologic.com\/productos\/"},{"@type":"ListItem","position":3,"name":"Image III"}]},{"@type":"WebSite","@id":"https:\/\/agrologic.com\/#website","url":"https:\/\/agrologic.com\/","name":"Agrologic Ltd - poultry farming and pig raising","description":"","potentialAction":[{"@type":"SearchAction","target":{"@type":"EntryPoint","urlTemplate":"https:\/\/agrologic.com\/?s={search_term_string}"},"query-input":{"@type":"PropertyValueSpecification","valueRequired":true,"valueName":"search_term_string"}}],"inLanguage":"es"}]}},"_links":{"self":[{"href":"https:\/\/agrologic.com\/es\/wp-json\/wp\/v2\/product\/1259","targetHints":{"allow":["GET"]}}],"collection":[{"href":"https:\/\/agrologic.com\/es\/wp-json\/wp\/v2\/product"}],"about":[{"href":"https:\/\/agrologic.com\/es\/wp-json\/wp\/v2\/types\/product"}],"wp:featuredmedia":[{"embeddable":true,"href":"https:\/\/agrologic.com\/es\/wp-json\/wp\/v2\/media\/3915"}],"wp:attachment":[{"href":"https:\/\/agrologic.com\/es\/wp-json\/wp\/v2\/media?parent=1259"}],"wp:term":[{"taxonomy":"product_brand","embeddable":true,"href":"https:\/\/agrologic.com\/es\/wp-json\/wp\/v2\/product_brand?post=1259"},{"taxonomy":"product_cat","embeddable":true,"href":"https:\/\/agrologic.com\/es\/wp-json\/wp\/v2\/product_cat?post=1259"},{"taxonomy":"product_tag","embeddable":true,"href":"https:\/\/agrologic.com\/es\/wp-json\/wp\/v2\/product_tag?post=1259"}],"curies":[{"name":"wp","href":"https:\/\/api.w.org\/{rel}","templated":true}]}}