{"id":1249,"date":"2015-11-18T12:34:27","date_gmt":"2015-11-18T12:34:27","guid":{"rendered":"https:\/\/agrologic.com\/es\/product-catalog\/feedtronic4004-a\/"},"modified":"2016-06-19T05:49:16","modified_gmt":"2016-06-19T05:49:16","slug":"feedtronic4004-a","status":"publish","type":"product","link":"https:\/\/agrologic.com\/es\/product-catalog\/feedtronic4004-a\/","title":{"rendered":"FeedTronic 4004-A"},"content":{"rendered":"","protected":false},"excerpt":{"rendered":"<p><strong><u>FeedTronic 4004-A<\/u><\/strong><\/p>\n<p>El FeedTronic 4004-A es un sistema poderoso de pesar alimento en silo dise\u00f1ado espec\u00edficamente para alimentaci\u00f3n restrictiva en la crianza de pollitas, reproductoras pesadas y para alimentaci\u00f3n libre para pollos de engorde. Las l\u00edneas de alimentaci\u00f3n se pueden operar hasta 8 veces en un periodo de 24 horas seg\u00fan una cantidad predeterminada de alimento.<\/p>\n<p>La unidad FeedTronic 4004-A muestra peso actual de 2 silos de alimento, muestra el consumo diario de agua y alimento y se puede buscar el \u00faltimo momento de llenar el silo. Todos los datos se registran en la memoria interna del controlador.<\/p>\n<p>Al Feedtronic 4004-A se puede controlar de manera remota de cualquier dispositivo conectado, PC, tel\u00e9fono inteligente o tablet a trav\u00e9s de la unidad de alarma celular Cellink.<\/p>\n<p>&nbsp;<\/p>\n<p>Especificaciones t\u00e9cnicas:<\/p>\n<p>Alimentaci\u00f3n el\u00e9ctrica:\u00a0 230VAC<\/p>\n<p>Carga m\u00e1xima por soporte: 5 toneladas<\/p>\n<p>N\u00famero m\u00e1ximo de c\u00e9lulas de carga: 16<\/p>\n<p>Exactitud: +\/- 0.1%<\/p>\n<p>Resoluci\u00f3n: 1Kg<\/p>\n<p>Temperatura compensada: -10 hasta +40\u00b0C<\/p>\n<p>Caja: IP 55<\/p>\n<p>Pantalla: 6 d\u00edgitos 7 segmentos<\/p>\n<p>&nbsp;<\/p>\n<p dir=\"RTL\"><span dir=\"LTR\"><span style=\"color: #000000; font-family: Calibri;\">\u00a0<\/span><\/span><\/p>\n","protected":false},"featured_media":1013,"template":"","meta":{"_acf_changed":false},"product_brand":[],"product_cat":[33],"product_tag":[34,36,35],"class_list":{"0":"post-1249","1":"product","2":"type-product","3":"status-publish","4":"has-post-thumbnail","6":"product_cat-feeding-system-es","7":"product_tag-poultry-es","8":"product_tag-swine-es","9":"product_tag-cows-es","11":"first","12":"instock","13":"shipping-taxable","14":"product-type-simple"},"acf":[],"yoast_head":"<!-- This site is optimized with the Yoast SEO plugin v25.2 - https:\/\/yoast.com\/wordpress\/plugins\/seo\/ -->\n<title>FeedTronic 4004-A - Agrologic Ltd - poultry farming and pig raising<\/title>\n<meta name=\"robots\" content=\"index, follow, max-snippet:-1, max-image-preview:large, max-video-preview:-1\" \/>\n<link rel=\"canonical\" href=\"https:\/\/agrologic.com\/product-catalog\/feedtronic4004-a\/\" \/>\n<meta property=\"og:locale\" content=\"es_ES\" \/>\n<meta property=\"og:type\" content=\"article\" \/>\n<meta property=\"og:title\" content=\"FeedTronic 4004-A - Agrologic Ltd - poultry farming and pig raising\" \/>\n<meta property=\"og:description\" content=\"FeedTronic 4004-A  El FeedTronic 4004-A es un sistema poderoso de pesar alimento en silo dise\u00f1ado espec\u00edficamente para alimentaci\u00f3n restrictiva en la crianza de pollitas, reproductoras pesadas y para alimentaci\u00f3n libre para pollos de engorde. Las l\u00edneas de alimentaci\u00f3n se pueden operar hasta 8 veces en un periodo de 24 horas seg\u00fan una cantidad predeterminada de alimento.  La unidad FeedTronic 4004-A muestra peso actual de 2 silos de alimento, muestra el consumo diario de agua y alimento y se puede buscar el \u00faltimo momento de llenar el silo. Todos los datos se registran en la memoria interna del controlador.  Al Feedtronic 4004-A se puede controlar de manera remota de cualquier dispositivo conectado, PC, tel\u00e9fono inteligente o tablet a trav\u00e9s de la unidad de alarma celular Cellink.  &nbsp;  Especificaciones t\u00e9cnicas:  Alimentaci\u00f3n el\u00e9ctrica:\u00a0 230VAC  Carga m\u00e1xima por soporte: 5 toneladas  N\u00famero m\u00e1ximo de c\u00e9lulas de carga: 16  Exactitud: +\/- 0.1%  Resoluci\u00f3n: 1Kg  Temperatura compensada: -10 hasta +40\u00b0C  Caja: IP 55  Pantalla: 6 d\u00edgitos 7 segmentos  &nbsp; \u00a0\" \/>\n<meta property=\"og:url\" content=\"https:\/\/agrologic.com\/product-catalog\/feedtronic4004-a\/\" \/>\n<meta property=\"og:site_name\" content=\"Agrologic Ltd - poultry farming and pig raising\" \/>\n<meta property=\"article:modified_time\" content=\"2016-06-19T05:49:16+00:00\" \/>\n<meta property=\"og:image\" content=\"https:\/\/agrologic.com\/wp-content\/uploads\/2015\/12\/FeedTronic-4004-A-front.png\" \/>\n\t<meta property=\"og:image:width\" content=\"800\" \/>\n\t<meta property=\"og:image:height\" content=\"800\" \/>\n\t<meta property=\"og:image:type\" content=\"image\/png\" \/>\n<meta name=\"twitter:card\" content=\"summary_large_image\" \/>\n<script type=\"application\/ld+json\" class=\"yoast-schema-graph\">{\"@context\":\"https:\/\/schema.org\",\"@graph\":[{\"@type\":\"WebPage\",\"@id\":\"https:\/\/agrologic.com\/product-catalog\/feedtronic4004-a\/\",\"url\":\"https:\/\/agrologic.com\/product-catalog\/feedtronic4004-a\/\",\"name\":\"FeedTronic 4004-A - Agrologic Ltd - poultry farming and pig raising\",\"isPartOf\":{\"@id\":\"https:\/\/agrologic.com\/#website\"},\"primaryImageOfPage\":{\"@id\":\"https:\/\/agrologic.com\/product-catalog\/feedtronic4004-a\/#primaryimage\"},\"image\":{\"@id\":\"https:\/\/agrologic.com\/product-catalog\/feedtronic4004-a\/#primaryimage\"},\"thumbnailUrl\":\"https:\/\/agrologic.com\/wp-content\/uploads\/2015\/12\/FeedTronic-4004-A-front.png\",\"datePublished\":\"2015-11-18T12:34:27+00:00\",\"dateModified\":\"2016-06-19T05:49:16+00:00\",\"breadcrumb\":{\"@id\":\"https:\/\/agrologic.com\/product-catalog\/feedtronic4004-a\/#breadcrumb\"},\"inLanguage\":\"es\",\"potentialAction\":[{\"@type\":\"ReadAction\",\"target\":[\"https:\/\/agrologic.com\/product-catalog\/feedtronic4004-a\/\"]}]},{\"@type\":\"ImageObject\",\"inLanguage\":\"es\",\"@id\":\"https:\/\/agrologic.com\/product-catalog\/feedtronic4004-a\/#primaryimage\",\"url\":\"https:\/\/agrologic.com\/wp-content\/uploads\/2015\/12\/FeedTronic-4004-A-front.png\",\"contentUrl\":\"https:\/\/agrologic.com\/wp-content\/uploads\/2015\/12\/FeedTronic-4004-A-front.png\",\"width\":800,\"height\":800},{\"@type\":\"BreadcrumbList\",\"@id\":\"https:\/\/agrologic.com\/product-catalog\/feedtronic4004-a\/#breadcrumb\",\"itemListElement\":[{\"@type\":\"ListItem\",\"position\":1,\"name\":\"Home\",\"item\":\"https:\/\/agrologic.com\/es\/\"},{\"@type\":\"ListItem\",\"position\":2,\"name\":\"productos\",\"item\":\"https:\/\/agrologic.com\/productos\/\"},{\"@type\":\"ListItem\",\"position\":3,\"name\":\"FeedTronic 4004-A\"}]},{\"@type\":\"WebSite\",\"@id\":\"https:\/\/agrologic.com\/#website\",\"url\":\"https:\/\/agrologic.com\/\",\"name\":\"Agrologic Ltd - poultry farming and pig raising\",\"description\":\"\",\"potentialAction\":[{\"@type\":\"SearchAction\",\"target\":{\"@type\":\"EntryPoint\",\"urlTemplate\":\"https:\/\/agrologic.com\/?s={search_term_string}\"},\"query-input\":{\"@type\":\"PropertyValueSpecification\",\"valueRequired\":true,\"valueName\":\"search_term_string\"}}],\"inLanguage\":\"es\"}]}<\/script>\n<!-- \/ Yoast SEO plugin. -->","yoast_head_json":{"title":"FeedTronic 4004-A - Agrologic Ltd - poultry farming and pig raising","robots":{"index":"index","follow":"follow","max-snippet":"max-snippet:-1","max-image-preview":"max-image-preview:large","max-video-preview":"max-video-preview:-1"},"canonical":"https:\/\/agrologic.com\/product-catalog\/feedtronic4004-a\/","og_locale":"es_ES","og_type":"article","og_title":"FeedTronic 4004-A - Agrologic Ltd - poultry farming and pig raising","og_description":"FeedTronic 4004-A  El FeedTronic 4004-A es un sistema poderoso de pesar alimento en silo dise\u00f1ado espec\u00edficamente para alimentaci\u00f3n restrictiva en la crianza de pollitas, reproductoras pesadas y para alimentaci\u00f3n libre para pollos de engorde. Las l\u00edneas de alimentaci\u00f3n se pueden operar hasta 8 veces en un periodo de 24 horas seg\u00fan una cantidad predeterminada de alimento.  La unidad FeedTronic 4004-A muestra peso actual de 2 silos de alimento, muestra el consumo diario de agua y alimento y se puede buscar el \u00faltimo momento de llenar el silo. Todos los datos se registran en la memoria interna del controlador.  Al Feedtronic 4004-A se puede controlar de manera remota de cualquier dispositivo conectado, PC, tel\u00e9fono inteligente o tablet a trav\u00e9s de la unidad de alarma celular Cellink.  &nbsp;  Especificaciones t\u00e9cnicas:  Alimentaci\u00f3n el\u00e9ctrica:\u00a0 230VAC  Carga m\u00e1xima por soporte: 5 toneladas  N\u00famero m\u00e1ximo de c\u00e9lulas de carga: 16  Exactitud: +\/- 0.1%  Resoluci\u00f3n: 1Kg  Temperatura compensada: -10 hasta +40\u00b0C  Caja: IP 55  Pantalla: 6 d\u00edgitos 7 segmentos  &nbsp; \u00a0","og_url":"https:\/\/agrologic.com\/product-catalog\/feedtronic4004-a\/","og_site_name":"Agrologic Ltd - poultry farming and pig raising","article_modified_time":"2016-06-19T05:49:16+00:00","og_image":[{"width":800,"height":800,"url":"https:\/\/agrologic.com\/wp-content\/uploads\/2015\/12\/FeedTronic-4004-A-front.png","type":"image\/png"}],"twitter_card":"summary_large_image","schema":{"@context":"https:\/\/schema.org","@graph":[{"@type":"WebPage","@id":"https:\/\/agrologic.com\/product-catalog\/feedtronic4004-a\/","url":"https:\/\/agrologic.com\/product-catalog\/feedtronic4004-a\/","name":"FeedTronic 4004-A - Agrologic Ltd - poultry farming and pig raising","isPartOf":{"@id":"https:\/\/agrologic.com\/#website"},"primaryImageOfPage":{"@id":"https:\/\/agrologic.com\/product-catalog\/feedtronic4004-a\/#primaryimage"},"image":{"@id":"https:\/\/agrologic.com\/product-catalog\/feedtronic4004-a\/#primaryimage"},"thumbnailUrl":"https:\/\/agrologic.com\/wp-content\/uploads\/2015\/12\/FeedTronic-4004-A-front.png","datePublished":"2015-11-18T12:34:27+00:00","dateModified":"2016-06-19T05:49:16+00:00","breadcrumb":{"@id":"https:\/\/agrologic.com\/product-catalog\/feedtronic4004-a\/#breadcrumb"},"inLanguage":"es","potentialAction":[{"@type":"ReadAction","target":["https:\/\/agrologic.com\/product-catalog\/feedtronic4004-a\/"]}]},{"@type":"ImageObject","inLanguage":"es","@id":"https:\/\/agrologic.com\/product-catalog\/feedtronic4004-a\/#primaryimage","url":"https:\/\/agrologic.com\/wp-content\/uploads\/2015\/12\/FeedTronic-4004-A-front.png","contentUrl":"https:\/\/agrologic.com\/wp-content\/uploads\/2015\/12\/FeedTronic-4004-A-front.png","width":800,"height":800},{"@type":"BreadcrumbList","@id":"https:\/\/agrologic.com\/product-catalog\/feedtronic4004-a\/#breadcrumb","itemListElement":[{"@type":"ListItem","position":1,"name":"Home","item":"https:\/\/agrologic.com\/es\/"},{"@type":"ListItem","position":2,"name":"productos","item":"https:\/\/agrologic.com\/productos\/"},{"@type":"ListItem","position":3,"name":"FeedTronic 4004-A"}]},{"@type":"WebSite","@id":"https:\/\/agrologic.com\/#website","url":"https:\/\/agrologic.com\/","name":"Agrologic Ltd - poultry farming and pig raising","description":"","potentialAction":[{"@type":"SearchAction","target":{"@type":"EntryPoint","urlTemplate":"https:\/\/agrologic.com\/?s={search_term_string}"},"query-input":{"@type":"PropertyValueSpecification","valueRequired":true,"valueName":"search_term_string"}}],"inLanguage":"es"}]}},"_links":{"self":[{"href":"https:\/\/agrologic.com\/es\/wp-json\/wp\/v2\/product\/1249","targetHints":{"allow":["GET"]}}],"collection":[{"href":"https:\/\/agrologic.com\/es\/wp-json\/wp\/v2\/product"}],"about":[{"href":"https:\/\/agrologic.com\/es\/wp-json\/wp\/v2\/types\/product"}],"wp:featuredmedia":[{"embeddable":true,"href":"https:\/\/agrologic.com\/es\/wp-json\/wp\/v2\/media\/1013"}],"wp:attachment":[{"href":"https:\/\/agrologic.com\/es\/wp-json\/wp\/v2\/media?parent=1249"}],"wp:term":[{"taxonomy":"product_brand","embeddable":true,"href":"https:\/\/agrologic.com\/es\/wp-json\/wp\/v2\/product_brand?post=1249"},{"taxonomy":"product_cat","embeddable":true,"href":"https:\/\/agrologic.com\/es\/wp-json\/wp\/v2\/product_cat?post=1249"},{"taxonomy":"product_tag","embeddable":true,"href":"https:\/\/agrologic.com\/es\/wp-json\/wp\/v2\/product_tag?post=1249"}],"curies":[{"name":"wp","href":"https:\/\/api.w.org\/{rel}","templated":true}]}}