{"id":1246,"date":"2015-11-18T12:48:08","date_gmt":"2015-11-18T12:48:08","guid":{"rendered":"https:\/\/agrologic.com\/es\/product-catalog\/feedtronic-3003-a\/"},"modified":"2016-01-07T11:33:34","modified_gmt":"2016-01-07T11:33:34","slug":"feedtronic-3003-a","status":"publish","type":"product","link":"https:\/\/agrologic.com\/es\/product-catalog\/feedtronic-3003-a\/","title":{"rendered":"FeedTronic 3003-A"},"content":{"rendered":"","protected":false},"excerpt":{"rendered":"<div data-canvas-width=\"778.1627267828352\">\n<p>El Feedtronic 3003-A\u00a0 fue dise\u00f1ado para proporcionar una medida exacta del consumo de alimento y controlar el consumo en los galpones de engorde. El Feedtronic 3003-A proporciona el alimento de manera constante al galp\u00f3n al mismo tiempo midiendo la cantidad de un alimento dado. El sistema mezclar\u00e1 dos tipos de alimento seg\u00fan un porcentaje predeterminado.\u00a0 Es posible predeterminar una curva de mezcla para todo el periodo de crecimiento.<\/p>\n<\/div>\n","protected":false},"featured_media":1004,"template":"","meta":{"_acf_changed":false},"product_brand":[],"product_cat":[33],"product_tag":[34],"class_list":{"0":"post-1246","1":"product","2":"type-product","3":"status-publish","4":"has-post-thumbnail","6":"product_cat-feeding-system-es","7":"product_tag-poultry-es","9":"first","10":"instock","11":"shipping-taxable","12":"product-type-simple"},"acf":[],"yoast_head":"<!-- This site is optimized with the Yoast SEO plugin v25.2 - https:\/\/yoast.com\/wordpress\/plugins\/seo\/ -->\n<title>FeedTronic 3003-A - Agrologic Ltd - poultry farming and pig raising<\/title>\n<meta name=\"robots\" content=\"index, follow, max-snippet:-1, max-image-preview:large, max-video-preview:-1\" \/>\n<link rel=\"canonical\" href=\"https:\/\/agrologic.com\/product-catalog\/feedtronic-3003-a\/\" \/>\n<meta property=\"og:locale\" content=\"es_ES\" \/>\n<meta property=\"og:type\" content=\"article\" \/>\n<meta property=\"og:title\" content=\"FeedTronic 3003-A - Agrologic Ltd - poultry farming and pig raising\" \/>\n<meta property=\"og:description\" content=\"El Feedtronic 3003-A\u00a0 fue dise\u00f1ado para proporcionar una medida exacta del consumo de alimento y controlar el consumo en los galpones de engorde. El Feedtronic 3003-A proporciona el alimento de manera constante al galp\u00f3n al mismo tiempo midiendo la cantidad de un alimento dado. El sistema mezclar\u00e1 dos tipos de alimento seg\u00fan un porcentaje predeterminado.\u00a0 Es posible predeterminar una curva de mezcla para todo el periodo de crecimiento.\" \/>\n<meta property=\"og:url\" content=\"https:\/\/agrologic.com\/product-catalog\/feedtronic-3003-a\/\" \/>\n<meta property=\"og:site_name\" content=\"Agrologic Ltd - poultry farming and pig raising\" \/>\n<meta property=\"article:modified_time\" content=\"2016-01-07T11:33:34+00:00\" \/>\n<meta property=\"og:image\" content=\"https:\/\/agrologic.com\/wp-content\/uploads\/2015\/12\/FeedTronic-3003-front.png\" \/>\n\t<meta property=\"og:image:width\" content=\"800\" \/>\n\t<meta property=\"og:image:height\" content=\"800\" \/>\n\t<meta property=\"og:image:type\" content=\"image\/png\" \/>\n<meta name=\"twitter:card\" content=\"summary_large_image\" \/>\n<script type=\"application\/ld+json\" class=\"yoast-schema-graph\">{\"@context\":\"https:\/\/schema.org\",\"@graph\":[{\"@type\":\"WebPage\",\"@id\":\"https:\/\/agrologic.com\/product-catalog\/feedtronic-3003-a\/\",\"url\":\"https:\/\/agrologic.com\/product-catalog\/feedtronic-3003-a\/\",\"name\":\"FeedTronic 3003-A - Agrologic Ltd - poultry farming and pig raising\",\"isPartOf\":{\"@id\":\"https:\/\/agrologic.com\/#website\"},\"primaryImageOfPage\":{\"@id\":\"https:\/\/agrologic.com\/product-catalog\/feedtronic-3003-a\/#primaryimage\"},\"image\":{\"@id\":\"https:\/\/agrologic.com\/product-catalog\/feedtronic-3003-a\/#primaryimage\"},\"thumbnailUrl\":\"https:\/\/agrologic.com\/wp-content\/uploads\/2015\/12\/FeedTronic-3003-front.png\",\"datePublished\":\"2015-11-18T12:48:08+00:00\",\"dateModified\":\"2016-01-07T11:33:34+00:00\",\"breadcrumb\":{\"@id\":\"https:\/\/agrologic.com\/product-catalog\/feedtronic-3003-a\/#breadcrumb\"},\"inLanguage\":\"es\",\"potentialAction\":[{\"@type\":\"ReadAction\",\"target\":[\"https:\/\/agrologic.com\/product-catalog\/feedtronic-3003-a\/\"]}]},{\"@type\":\"ImageObject\",\"inLanguage\":\"es\",\"@id\":\"https:\/\/agrologic.com\/product-catalog\/feedtronic-3003-a\/#primaryimage\",\"url\":\"https:\/\/agrologic.com\/wp-content\/uploads\/2015\/12\/FeedTronic-3003-front.png\",\"contentUrl\":\"https:\/\/agrologic.com\/wp-content\/uploads\/2015\/12\/FeedTronic-3003-front.png\",\"width\":800,\"height\":800},{\"@type\":\"BreadcrumbList\",\"@id\":\"https:\/\/agrologic.com\/product-catalog\/feedtronic-3003-a\/#breadcrumb\",\"itemListElement\":[{\"@type\":\"ListItem\",\"position\":1,\"name\":\"Home\",\"item\":\"https:\/\/agrologic.com\/es\/\"},{\"@type\":\"ListItem\",\"position\":2,\"name\":\"productos\",\"item\":\"https:\/\/agrologic.com\/productos\/\"},{\"@type\":\"ListItem\",\"position\":3,\"name\":\"FeedTronic 3003-A\"}]},{\"@type\":\"WebSite\",\"@id\":\"https:\/\/agrologic.com\/#website\",\"url\":\"https:\/\/agrologic.com\/\",\"name\":\"Agrologic Ltd - poultry farming and pig raising\",\"description\":\"\",\"potentialAction\":[{\"@type\":\"SearchAction\",\"target\":{\"@type\":\"EntryPoint\",\"urlTemplate\":\"https:\/\/agrologic.com\/?s={search_term_string}\"},\"query-input\":{\"@type\":\"PropertyValueSpecification\",\"valueRequired\":true,\"valueName\":\"search_term_string\"}}],\"inLanguage\":\"es\"}]}<\/script>\n<!-- \/ Yoast SEO plugin. -->","yoast_head_json":{"title":"FeedTronic 3003-A - Agrologic Ltd - poultry farming and pig raising","robots":{"index":"index","follow":"follow","max-snippet":"max-snippet:-1","max-image-preview":"max-image-preview:large","max-video-preview":"max-video-preview:-1"},"canonical":"https:\/\/agrologic.com\/product-catalog\/feedtronic-3003-a\/","og_locale":"es_ES","og_type":"article","og_title":"FeedTronic 3003-A - Agrologic Ltd - poultry farming and pig raising","og_description":"El Feedtronic 3003-A\u00a0 fue dise\u00f1ado para proporcionar una medida exacta del consumo de alimento y controlar el consumo en los galpones de engorde. El Feedtronic 3003-A proporciona el alimento de manera constante al galp\u00f3n al mismo tiempo midiendo la cantidad de un alimento dado. El sistema mezclar\u00e1 dos tipos de alimento seg\u00fan un porcentaje predeterminado.\u00a0 Es posible predeterminar una curva de mezcla para todo el periodo de crecimiento.","og_url":"https:\/\/agrologic.com\/product-catalog\/feedtronic-3003-a\/","og_site_name":"Agrologic Ltd - poultry farming and pig raising","article_modified_time":"2016-01-07T11:33:34+00:00","og_image":[{"width":800,"height":800,"url":"https:\/\/agrologic.com\/wp-content\/uploads\/2015\/12\/FeedTronic-3003-front.png","type":"image\/png"}],"twitter_card":"summary_large_image","schema":{"@context":"https:\/\/schema.org","@graph":[{"@type":"WebPage","@id":"https:\/\/agrologic.com\/product-catalog\/feedtronic-3003-a\/","url":"https:\/\/agrologic.com\/product-catalog\/feedtronic-3003-a\/","name":"FeedTronic 3003-A - Agrologic Ltd - poultry farming and pig raising","isPartOf":{"@id":"https:\/\/agrologic.com\/#website"},"primaryImageOfPage":{"@id":"https:\/\/agrologic.com\/product-catalog\/feedtronic-3003-a\/#primaryimage"},"image":{"@id":"https:\/\/agrologic.com\/product-catalog\/feedtronic-3003-a\/#primaryimage"},"thumbnailUrl":"https:\/\/agrologic.com\/wp-content\/uploads\/2015\/12\/FeedTronic-3003-front.png","datePublished":"2015-11-18T12:48:08+00:00","dateModified":"2016-01-07T11:33:34+00:00","breadcrumb":{"@id":"https:\/\/agrologic.com\/product-catalog\/feedtronic-3003-a\/#breadcrumb"},"inLanguage":"es","potentialAction":[{"@type":"ReadAction","target":["https:\/\/agrologic.com\/product-catalog\/feedtronic-3003-a\/"]}]},{"@type":"ImageObject","inLanguage":"es","@id":"https:\/\/agrologic.com\/product-catalog\/feedtronic-3003-a\/#primaryimage","url":"https:\/\/agrologic.com\/wp-content\/uploads\/2015\/12\/FeedTronic-3003-front.png","contentUrl":"https:\/\/agrologic.com\/wp-content\/uploads\/2015\/12\/FeedTronic-3003-front.png","width":800,"height":800},{"@type":"BreadcrumbList","@id":"https:\/\/agrologic.com\/product-catalog\/feedtronic-3003-a\/#breadcrumb","itemListElement":[{"@type":"ListItem","position":1,"name":"Home","item":"https:\/\/agrologic.com\/es\/"},{"@type":"ListItem","position":2,"name":"productos","item":"https:\/\/agrologic.com\/productos\/"},{"@type":"ListItem","position":3,"name":"FeedTronic 3003-A"}]},{"@type":"WebSite","@id":"https:\/\/agrologic.com\/#website","url":"https:\/\/agrologic.com\/","name":"Agrologic Ltd - poultry farming and pig raising","description":"","potentialAction":[{"@type":"SearchAction","target":{"@type":"EntryPoint","urlTemplate":"https:\/\/agrologic.com\/?s={search_term_string}"},"query-input":{"@type":"PropertyValueSpecification","valueRequired":true,"valueName":"search_term_string"}}],"inLanguage":"es"}]}},"_links":{"self":[{"href":"https:\/\/agrologic.com\/es\/wp-json\/wp\/v2\/product\/1246","targetHints":{"allow":["GET"]}}],"collection":[{"href":"https:\/\/agrologic.com\/es\/wp-json\/wp\/v2\/product"}],"about":[{"href":"https:\/\/agrologic.com\/es\/wp-json\/wp\/v2\/types\/product"}],"wp:featuredmedia":[{"embeddable":true,"href":"https:\/\/agrologic.com\/es\/wp-json\/wp\/v2\/media\/1004"}],"wp:attachment":[{"href":"https:\/\/agrologic.com\/es\/wp-json\/wp\/v2\/media?parent=1246"}],"wp:term":[{"taxonomy":"product_brand","embeddable":true,"href":"https:\/\/agrologic.com\/es\/wp-json\/wp\/v2\/product_brand?post=1246"},{"taxonomy":"product_cat","embeddable":true,"href":"https:\/\/agrologic.com\/es\/wp-json\/wp\/v2\/product_cat?post=1246"},{"taxonomy":"product_tag","embeddable":true,"href":"https:\/\/agrologic.com\/es\/wp-json\/wp\/v2\/product_tag?post=1246"}],"curies":[{"name":"wp","href":"https:\/\/api.w.org\/{rel}","templated":true}]}}