{"id":549,"date":"2015-12-14T10:18:08","date_gmt":"2015-12-14T10:18:08","guid":{"rendered":"https:\/\/agrologic.com\/?page_id=549&#038;lang=es"},"modified":"2023-08-23T10:15:56","modified_gmt":"2023-08-23T10:15:56","slug":"pagina-principal","status":"publish","type":"page","link":"https:\/\/agrologic.com\/es\/","title":{"rendered":"Inicio"},"content":{"rendered":"[fullwidth_text alt_background=&#8221;none&#8221; el_class=&#8221;hp-intro-text&#8221; width=&#8221;1\/1&#8243; el_position=&#8221;first last&#8221;]\n<h1 style=\"text-align: center;\">La elecci\u00f3n inteligente, amigable y accesible<\/h1>\n<div style=\"text-align: left;\" data-canvas-width=\"131.67883282498386\">\n<p style=\"text-align: center;\">Ya sea que est\u00e1 criando aves o ganado, nuestra amplia gama de productos proporciona rendimientos altos, costos m\u00e1s bajos y tranquilidad.<\/p>\n<\/div>\n[\/fullwidth_text] [spb_row wrap_type=&#8221;content-width&#8221; row_bg_type=&#8221;color&#8221; color_row_height=&#8221;content-height&#8221; bg_type=&#8221;cover&#8221; parallax_image_height=&#8221;content-height&#8221; parallax_image_movement=&#8221;fixed&#8221; parallax_image_speed=&#8221;0.5&#8243; parallax_video_height=&#8221;window-height&#8221; parallax_video_overlay=&#8221;none&#8221; row_overlay_opacity=&#8221;0&#8243; row_padding_vertical=&#8221;0&#8243; row_padding_horizontal=&#8221;0&#8243; row_margin_vertical=&#8221;0&#8243; remove_element_spacing=&#8221;no&#8221; inner_column_height=&#8221;col-natural&#8221; row_el_class=&#8221;hp-icons-row&#8221; width=&#8221;1\/1&#8243; el_position=&#8221;first last&#8221;] [spb_single_image image=&#8221;18&#8243; image_size=&#8221;full&#8221; frame=&#8221;noframe&#8221; intro_animation=&#8221;none&#8221; full_width=&#8221;no&#8221; lightbox=&#8221;no&#8221; image_link=&#8221;https:\/\/agrologic.com\/es\/etiqueta-producto-es\/poultry-es\/&#8221; link_target=&#8221;_self&#8221; caption=&#8221;Pollos&#8221; el_class=&#8221;hp-icon&#8221; width=&#8221;1\/4&#8243; el_position=&#8221;first&#8221;] [spb_single_image image=&#8221;10&#8243; image_size=&#8221;full&#8221; frame=&#8221;noframe&#8221; intro_animation=&#8221;none&#8221; full_width=&#8221;no&#8221; lightbox=&#8221;no&#8221; image_link=&#8221;https:\/\/agrologic.com\/es\/etiqueta-producto-es\/swine-es\/&#8221; link_target=&#8221;_self&#8221; caption=&#8221;CERDO&#8221; el_class=&#8221;hp-icon&#8221; width=&#8221;1\/4&#8243;] [spb_single_image image=&#8221;19&#8243; image_size=&#8221;full&#8221; frame=&#8221;noframe&#8221; intro_animation=&#8221;none&#8221; full_width=&#8221;no&#8221; lightbox=&#8221;no&#8221; image_link=&#8221;https:\/\/agrologic.com\/es\/etiqueta-producto-es\/cows-es\/&#8221; link_target=&#8221;_self&#8221; caption=&#8221;Vaca&#8221; el_class=&#8221;hp-icon&#8221; width=&#8221;1\/4&#8243; el_position=&#8221;last&#8221;] [blank_spacer height=&#8221;35px&#8221; width=&#8221;1\/1&#8243; el_position=&#8221;first last&#8221;] [\/spb_row] [spb_row wrap_type=&#8221;content-width&#8221; row_bg_type=&#8221;image&#8221; color_row_height=&#8221;content-height&#8221; bg_image=&#8221;100&#8243; bg_type=&#8221;cover&#8221; parallax_image_height=&#8221;content-height&#8221; parallax_image_movement=&#8221;stellar&#8221; parallax_image_speed=&#8221;0.5&#8243; parallax_video_height=&#8221;window-height&#8221; parallax_video_overlay=&#8221;none&#8221; row_overlay_opacity=&#8221;0&#8243; row_padding_vertical=&#8221;0&#8243; row_padding_horizontal=&#8221;0&#8243; row_margin_vertical=&#8221;0&#8243; remove_element_spacing=&#8221;no&#8221; inner_column_height=&#8221;col-natural&#8221; width=&#8221;1\/1&#8243; el_position=&#8221;first last&#8221;] [spb_text_block pb_margin_bottom=&#8221;no&#8221; pb_border_bottom=&#8221;no&#8221; el_class=&#8221;hp-parallax-text&#8221; width=&#8221;1\/2&#8243; el_position=&#8221;first last&#8221;]\n<h3>Soluciones personalizadas que se enfocan en sus necesidades verdaderas<\/h3>\n<p>En AgroLogic, sabemos que cada cliente tiene necesidades \u00fanicas que deben ser cumplidas. Inicialmente podr\u00eda requerir un controlador con funcionalidad limitada, pero que el mismo se adapte conforme vaya creciendo su negocio. Con dise\u00f1o y producci\u00f3n de producto internos, AgroLogic est\u00e1 a la altura de cumplir con sus necesidades especiales \u2013 entregando productos confiables, accesibles y personalizados que son los mejores del mercado.<\/p>\n<p><strong><a href=\"https:\/\/agrologic.com\/solution\/\">Obtenga m\u00e1s informaci\u00f3n sobre nuestras soluciones personalizadas para integradores, distribuidores y productores<\/a><\/strong><\/p>\n[\/spb_text_block] [\/spb_row] [spb_row wrap_type=&#8221;content-width&#8221; row_bg_type=&#8221;image&#8221; color_row_height=&#8221;content-height&#8221; bg_type=&#8221;cover&#8221; parallax_image_height=&#8221;content-height&#8221; parallax_image_movement=&#8221;fixed&#8221; parallax_image_speed=&#8221;0.5&#8243; parallax_video_height=&#8221;window-height&#8221; parallax_video_overlay=&#8221;none&#8221; row_overlay_opacity=&#8221;0&#8243; row_padding_vertical=&#8221;30&#8243; row_padding_horizontal=&#8221;0&#8243; row_margin_vertical=&#8221;0&#8243; remove_element_spacing=&#8221;no&#8221; inner_column_height=&#8221;col-natural&#8221; width=&#8221;1\/1&#8243; el_position=&#8221;first last&#8221;] [spb_column width=&#8221;1\/2&#8243; el_position=&#8221;first&#8221;] [spb_single_image image=&#8221;109&#8243; image_size=&#8221;full&#8221; frame=&#8221;noframe&#8221; intro_animation=&#8221;fade-from-bottom&#8221; full_width=&#8221;no&#8221; lightbox=&#8221;no&#8221; link_target=&#8221;_self&#8221; width=&#8221;1\/1&#8243; el_position=&#8221;first last&#8221;] [\/spb_column] [spb_text_block pb_margin_bottom=&#8221;no&#8221; pb_border_bottom=&#8221;no&#8221; el_class=&#8221;hp-about-text&#8221; width=&#8221;1\/2&#8243; el_position=&#8221;last&#8221;]\n<h3>Sobre AgroLogic<\/h3>\n<p>Con una experiencia comprobada de 35 a\u00f1os, AgroLogic es un l\u00edder e innovador reconocido a nivel mundial en el \u00e1mbito de control y automatizaci\u00f3n de cr\u00eda de animales. Nuestra l\u00ednea de productos integral y controladores avanzados hoy en d\u00eda se utilizan en docenas de miles de establecimientos de granjas en todo el mundo, regulando cada aspecto de la producci\u00f3n con mayor facilidad. AgroLogic se conoce por su confiabilidad, fiabilidad y facilidad de uso. Con I&amp;D y producci\u00f3n internos, desarrollamos productos duraderos y aguantadores hechos a pedido y dise\u00f1ados para ahorrar tiempo, dinero y preocupaciones.<\/p>\n<p><a href=\"https:\/\/agrologic.com\/wp-content\/uploads\/2023\/08\/Agrologic.mp4\"><img decoding=\"async\" class=\"alignnone wp-image-2566\" src=\"https:\/\/agrologic.com\/wp-content\/uploads\/2023\/08\/WATCH-3-300x126.png\" alt=\"\" width=\"205\" height=\"86\" srcset=\"https:\/\/agrologic.com\/wp-content\/uploads\/2023\/08\/WATCH-3-300x126.png 300w, https:\/\/agrologic.com\/wp-content\/uploads\/2023\/08\/WATCH-3.png 359w\" sizes=\"(max-width: 205px) 100vw, 205px\" \/><\/a><a href=\"https:\/\/agrologic.com\/wp-content\/uploads\/2018\/04\/Poultrix-smart-farm-technology-2.mp4\"><img decoding=\"async\" class=\"alignnone wp-image-2572\" src=\"https:\/\/agrologic.com\/wp-content\/uploads\/2023\/08\/poultrix-1-300x102.png\" alt=\"\" width=\"250\" height=\"85\" srcset=\"https:\/\/agrologic.com\/wp-content\/uploads\/2023\/08\/poultrix-1-300x102.png 300w, https:\/\/agrologic.com\/wp-content\/uploads\/2023\/08\/poultrix-1.png 478w\" sizes=\"(max-width: 250px) 100vw, 250px\" \/><\/a><a href=\"https:\/\/agrologic.com\/wp-content\/uploads\/2023\/08\/AL-EGG-COUNTER.mp4\"><img decoding=\"async\" class=\"alignnone wp-image-2569 \" src=\"https:\/\/agrologic.com\/wp-content\/uploads\/2023\/08\/AL-EGG-1-300x129.png\" alt=\"\" width=\"198\" height=\"85\" srcset=\"https:\/\/agrologic.com\/wp-content\/uploads\/2023\/08\/AL-EGG-1-300x129.png 300w, https:\/\/agrologic.com\/wp-content\/uploads\/2023\/08\/AL-EGG-1.png 357w\" sizes=\"(max-width: 198px) 100vw, 198px\" \/><\/a><\/p>\n<p><a href=\"https:\/\/agrologic.com\/wp-content\/uploads\/2023\/08\/WebChick-Pro-V4-720P-1.mp4\"><img loading=\"lazy\" decoding=\"async\" class=\"alignnone wp-image-2575\" src=\"https:\/\/agrologic.com\/wp-content\/uploads\/2023\/08\/DCS-Agrologic-Gateway-1-300x116.png\" alt=\"\" width=\"219\" height=\"85\" srcset=\"https:\/\/agrologic.com\/wp-content\/uploads\/2023\/08\/DCS-Agrologic-Gateway-1-300x116.png 300w, https:\/\/agrologic.com\/wp-content\/uploads\/2023\/08\/DCS-Agrologic-Gateway-1.png 433w\" sizes=\"(max-width: 219px) 100vw, 219px\" \/><\/a><\/p>\n<p>Subsidiary of CTB INC<\/p>\n<p><a href=\"http:\/\/www.ctbinc.com\"><img loading=\"lazy\" decoding=\"async\" class=\"alignnone wp-image-1954\" src=\"https:\/\/agrologic.com\/wp-content\/uploads\/2015\/06\/CTB_logo.jpg\" alt=\"CTB_logo\" width=\"85\" height=\"105\" \/><\/a><\/p>\n<p>CTB, Inc. (<a href=\"http:\/\/www.ctbinc.com\">www.ctbinc.com<\/a>) is a leading global designer, manufacturer and marketer of systems and solutions for preserving grain; producing poultry, pigs and eggs; processing poultry; and for various equestrian and industrial applications.<\/p>\n[\/spb_text_block] [\/spb_row]\n","protected":false},"excerpt":{"rendered":"<p>[fullwidth_text alt_background=&#8221;none&#8221; el_class=&#8221;hp-intro-text&#8221; width=&#8221;1\/1&#8243; el_position=&#8221;first last&#8221;] La elecci\u00f3n inteligente, amigable y accesible Ya sea que est\u00e1 criando aves o ganado, nuestra amplia gama de productos proporciona rendimientos altos, costos m\u00e1s bajos y tranquilidad. [\/fullwidth_text] [spb_row wrap_type=&#8221;content-width&#8221; row_bg_type=&#8221;color&#8221; color_row_height=&#8221;content-height&#8221; bg_type=&#8221;cover&#8221; parallax_image_height=&#8221;content-height&#8221; parallax_image_movement=&#8221;fixed&#8221; parallax_image_speed=&#8221;0.5&#8243; parallax_video_height=&#8221;window-height&#8221; parallax_video_overlay=&#8221;none&#8221; row_overlay_opacity=&#8221;0&#8243; row_padding_vertical=&#8221;0&#8243; row_padding_horizontal=&#8221;0&#8243; row_margin_vertical=&#8221;0&#8243; remove_element_spacing=&#8221;no&#8221; inner_column_height=&#8221;col-natural&#8221; row_el_class=&#8221;hp-icons-row&#8221; width=&#8221;1\/1&#8243; el_position=&#8221;first last&#8221;] [spb_single_image image=&#8221;18&#8243; image_size=&#8221;full&#8221; frame=&#8221;noframe&#8221; intro_animation=&#8221;none&#8221; full_width=&#8221;no&#8221; [&hellip;]<\/p>\n","protected":false},"author":2,"featured_media":0,"parent":0,"menu_order":0,"comment_status":"closed","ping_status":"closed","template":"","meta":{"_acf_changed":false,"footnotes":""},"class_list":["post-549","page","type-page","status-publish","hentry"],"acf":[],"yoast_head":"<!-- This site is optimized with the Yoast SEO plugin v25.2 - https:\/\/yoast.com\/wordpress\/plugins\/seo\/ -->\n<title>Inicio - Agrologic Ltd - poultry farming and pig raising<\/title>\n<meta name=\"robots\" content=\"index, follow, max-snippet:-1, max-image-preview:large, max-video-preview:-1\" \/>\n<link rel=\"canonical\" href=\"https:\/\/agrologic.com\/es\/\" \/>\n<meta property=\"og:locale\" content=\"es_ES\" \/>\n<meta property=\"og:type\" content=\"article\" \/>\n<meta property=\"og:title\" content=\"Inicio - Agrologic Ltd - poultry farming and pig raising\" \/>\n<meta property=\"og:description\" content=\"[fullwidth_text alt_background=&#8221;none&#8221; el_class=&#8221;hp-intro-text&#8221; width=&#8221;1\/1&#8243; el_position=&#8221;first last&#8221;] La elecci\u00f3n inteligente, amigable y accesible Ya sea que est\u00e1 criando aves o ganado, nuestra amplia gama de productos proporciona rendimientos altos, costos m\u00e1s bajos y tranquilidad. [\/fullwidth_text] [spb_row wrap_type=&#8221;content-width&#8221; row_bg_type=&#8221;color&#8221; color_row_height=&#8221;content-height&#8221; bg_type=&#8221;cover&#8221; parallax_image_height=&#8221;content-height&#8221; parallax_image_movement=&#8221;fixed&#8221; parallax_image_speed=&#8221;0.5&#8243; parallax_video_height=&#8221;window-height&#8221; parallax_video_overlay=&#8221;none&#8221; row_overlay_opacity=&#8221;0&#8243; row_padding_vertical=&#8221;0&#8243; row_padding_horizontal=&#8221;0&#8243; row_margin_vertical=&#8221;0&#8243; remove_element_spacing=&#8221;no&#8221; inner_column_height=&#8221;col-natural&#8221; row_el_class=&#8221;hp-icons-row&#8221; width=&#8221;1\/1&#8243; el_position=&#8221;first last&#8221;] [spb_single_image image=&#8221;18&#8243; image_size=&#8221;full&#8221; frame=&#8221;noframe&#8221; intro_animation=&#8221;none&#8221; full_width=&#8221;no&#8221; [&hellip;]\" \/>\n<meta property=\"og:url\" content=\"https:\/\/agrologic.com\/es\/\" \/>\n<meta property=\"og:site_name\" content=\"Agrologic Ltd - poultry farming and pig raising\" \/>\n<meta property=\"article:modified_time\" content=\"2023-08-23T10:15:56+00:00\" \/>\n<meta property=\"og:image\" content=\"https:\/\/agrologic.com\/wp-content\/uploads\/2023\/08\/WATCH-3-300x126.png\" \/>\n<meta name=\"twitter:card\" content=\"summary_large_image\" \/>\n<meta name=\"twitter:label1\" content=\"Tiempo de lectura\" \/>\n\t<meta name=\"twitter:data1\" content=\"3 minutos\" \/>\n<script type=\"application\/ld+json\" class=\"yoast-schema-graph\">{\"@context\":\"https:\/\/schema.org\",\"@graph\":[{\"@type\":\"WebPage\",\"@id\":\"https:\/\/agrologic.com\/es\/\",\"url\":\"https:\/\/agrologic.com\/es\/\",\"name\":\"Inicio - Agrologic Ltd - poultry farming and pig raising\",\"isPartOf\":{\"@id\":\"https:\/\/agrologic.com\/#website\"},\"primaryImageOfPage\":{\"@id\":\"https:\/\/agrologic.com\/es\/#primaryimage\"},\"image\":{\"@id\":\"https:\/\/agrologic.com\/es\/#primaryimage\"},\"thumbnailUrl\":\"https:\/\/agrologic.com\/wp-content\/uploads\/2023\/08\/WATCH-3-300x126.png\",\"datePublished\":\"2015-12-14T10:18:08+00:00\",\"dateModified\":\"2023-08-23T10:15:56+00:00\",\"breadcrumb\":{\"@id\":\"https:\/\/agrologic.com\/es\/#breadcrumb\"},\"inLanguage\":\"es\",\"potentialAction\":[{\"@type\":\"ReadAction\",\"target\":[\"https:\/\/agrologic.com\/es\/\"]}]},{\"@type\":\"ImageObject\",\"inLanguage\":\"es\",\"@id\":\"https:\/\/agrologic.com\/es\/#primaryimage\",\"url\":\"https:\/\/agrologic.com\/wp-content\/uploads\/2023\/08\/WATCH-3-300x126.png\",\"contentUrl\":\"https:\/\/agrologic.com\/wp-content\/uploads\/2023\/08\/WATCH-3-300x126.png\"},{\"@type\":\"BreadcrumbList\",\"@id\":\"https:\/\/agrologic.com\/es\/#breadcrumb\",\"itemListElement\":[{\"@type\":\"ListItem\",\"position\":1,\"name\":\"Home\",\"item\":\"https:\/\/agrologic.com\/es\/\"},{\"@type\":\"ListItem\",\"position\":2,\"name\":\"Inicio\"}]},{\"@type\":\"WebSite\",\"@id\":\"https:\/\/agrologic.com\/#website\",\"url\":\"https:\/\/agrologic.com\/\",\"name\":\"Agrologic Ltd - poultry farming and pig raising\",\"description\":\"\",\"potentialAction\":[{\"@type\":\"SearchAction\",\"target\":{\"@type\":\"EntryPoint\",\"urlTemplate\":\"https:\/\/agrologic.com\/?s={search_term_string}\"},\"query-input\":{\"@type\":\"PropertyValueSpecification\",\"valueRequired\":true,\"valueName\":\"search_term_string\"}}],\"inLanguage\":\"es\"}]}<\/script>\n<!-- \/ Yoast SEO plugin. -->","yoast_head_json":{"title":"Inicio - Agrologic Ltd - poultry farming and pig raising","robots":{"index":"index","follow":"follow","max-snippet":"max-snippet:-1","max-image-preview":"max-image-preview:large","max-video-preview":"max-video-preview:-1"},"canonical":"https:\/\/agrologic.com\/es\/","og_locale":"es_ES","og_type":"article","og_title":"Inicio - Agrologic Ltd - poultry farming and pig raising","og_description":"[fullwidth_text alt_background=&#8221;none&#8221; el_class=&#8221;hp-intro-text&#8221; width=&#8221;1\/1&#8243; el_position=&#8221;first last&#8221;] La elecci\u00f3n inteligente, amigable y accesible Ya sea que est\u00e1 criando aves o ganado, nuestra amplia gama de productos proporciona rendimientos altos, costos m\u00e1s bajos y tranquilidad. [\/fullwidth_text] [spb_row wrap_type=&#8221;content-width&#8221; row_bg_type=&#8221;color&#8221; color_row_height=&#8221;content-height&#8221; bg_type=&#8221;cover&#8221; parallax_image_height=&#8221;content-height&#8221; parallax_image_movement=&#8221;fixed&#8221; parallax_image_speed=&#8221;0.5&#8243; parallax_video_height=&#8221;window-height&#8221; parallax_video_overlay=&#8221;none&#8221; row_overlay_opacity=&#8221;0&#8243; row_padding_vertical=&#8221;0&#8243; row_padding_horizontal=&#8221;0&#8243; row_margin_vertical=&#8221;0&#8243; remove_element_spacing=&#8221;no&#8221; inner_column_height=&#8221;col-natural&#8221; row_el_class=&#8221;hp-icons-row&#8221; width=&#8221;1\/1&#8243; el_position=&#8221;first last&#8221;] [spb_single_image image=&#8221;18&#8243; image_size=&#8221;full&#8221; frame=&#8221;noframe&#8221; intro_animation=&#8221;none&#8221; full_width=&#8221;no&#8221; [&hellip;]","og_url":"https:\/\/agrologic.com\/es\/","og_site_name":"Agrologic Ltd - poultry farming and pig raising","article_modified_time":"2023-08-23T10:15:56+00:00","og_image":[{"url":"https:\/\/agrologic.com\/wp-content\/uploads\/2023\/08\/WATCH-3-300x126.png","type":"","width":"","height":""}],"twitter_card":"summary_large_image","twitter_misc":{"Tiempo de lectura":"3 minutos"},"schema":{"@context":"https:\/\/schema.org","@graph":[{"@type":"WebPage","@id":"https:\/\/agrologic.com\/es\/","url":"https:\/\/agrologic.com\/es\/","name":"Inicio - Agrologic Ltd - poultry farming and pig raising","isPartOf":{"@id":"https:\/\/agrologic.com\/#website"},"primaryImageOfPage":{"@id":"https:\/\/agrologic.com\/es\/#primaryimage"},"image":{"@id":"https:\/\/agrologic.com\/es\/#primaryimage"},"thumbnailUrl":"https:\/\/agrologic.com\/wp-content\/uploads\/2023\/08\/WATCH-3-300x126.png","datePublished":"2015-12-14T10:18:08+00:00","dateModified":"2023-08-23T10:15:56+00:00","breadcrumb":{"@id":"https:\/\/agrologic.com\/es\/#breadcrumb"},"inLanguage":"es","potentialAction":[{"@type":"ReadAction","target":["https:\/\/agrologic.com\/es\/"]}]},{"@type":"ImageObject","inLanguage":"es","@id":"https:\/\/agrologic.com\/es\/#primaryimage","url":"https:\/\/agrologic.com\/wp-content\/uploads\/2023\/08\/WATCH-3-300x126.png","contentUrl":"https:\/\/agrologic.com\/wp-content\/uploads\/2023\/08\/WATCH-3-300x126.png"},{"@type":"BreadcrumbList","@id":"https:\/\/agrologic.com\/es\/#breadcrumb","itemListElement":[{"@type":"ListItem","position":1,"name":"Home","item":"https:\/\/agrologic.com\/es\/"},{"@type":"ListItem","position":2,"name":"Inicio"}]},{"@type":"WebSite","@id":"https:\/\/agrologic.com\/#website","url":"https:\/\/agrologic.com\/","name":"Agrologic Ltd - poultry farming and pig raising","description":"","potentialAction":[{"@type":"SearchAction","target":{"@type":"EntryPoint","urlTemplate":"https:\/\/agrologic.com\/?s={search_term_string}"},"query-input":{"@type":"PropertyValueSpecification","valueRequired":true,"valueName":"search_term_string"}}],"inLanguage":"es"}]}},"_links":{"self":[{"href":"https:\/\/agrologic.com\/es\/wp-json\/wp\/v2\/pages\/549","targetHints":{"allow":["GET"]}}],"collection":[{"href":"https:\/\/agrologic.com\/es\/wp-json\/wp\/v2\/pages"}],"about":[{"href":"https:\/\/agrologic.com\/es\/wp-json\/wp\/v2\/types\/page"}],"author":[{"embeddable":true,"href":"https:\/\/agrologic.com\/es\/wp-json\/wp\/v2\/users\/2"}],"replies":[{"embeddable":true,"href":"https:\/\/agrologic.com\/es\/wp-json\/wp\/v2\/comments?post=549"}],"version-history":[{"count":0,"href":"https:\/\/agrologic.com\/es\/wp-json\/wp\/v2\/pages\/549\/revisions"}],"wp:attachment":[{"href":"https:\/\/agrologic.com\/es\/wp-json\/wp\/v2\/media?parent=549"}],"curies":[{"name":"wp","href":"https:\/\/api.w.org\/{rel}","templated":true}]}}