{"id":2734,"date":"2024-04-02T09:08:01","date_gmt":"2024-04-02T09:08:01","guid":{"rendered":"https:\/\/agrologic.com\/knowledge-center-2\/"},"modified":"2024-04-02T09:10:13","modified_gmt":"2024-04-02T09:10:13","slug":"knowledge-center-2","status":"publish","type":"page","link":"https:\/\/agrologic.com\/es\/knowledge-center-2\/","title":{"rendered":"Conocimiento."},"content":{"rendered":"<p>Con una experiencia comprobada de 35 a\u00f1os, AgroLogic es un l\u00edder e innovador reconocido a nivel mundial en el \u00e1mbito de control y automatizaci\u00f3n de cr\u00eda de animales.<\/p>\n","protected":false},"excerpt":{"rendered":"<p>Con una experiencia comprobada de 35 a\u00f1os, AgroLogic es un l\u00edder e innovador reconocido a nivel mundial en el \u00e1mbito de control y automatizaci\u00f3n de cr\u00eda de animales.<\/p>\n","protected":false},"author":9,"featured_media":0,"parent":0,"menu_order":0,"comment_status":"closed","ping_status":"closed","template":"","meta":{"_acf_changed":false,"footnotes":""},"class_list":["post-2734","page","type-page","status-publish","hentry"],"acf":[],"yoast_head":"<!-- This site is optimized with the Yoast SEO plugin v25.2 - https:\/\/yoast.com\/wordpress\/plugins\/seo\/ -->\n<title>Conocimiento. - Agrologic Ltd - poultry farming and pig raising<\/title>\n<meta name=\"robots\" content=\"index, follow, max-snippet:-1, max-image-preview:large, max-video-preview:-1\" \/>\n<link rel=\"canonical\" href=\"https:\/\/agrologic.com\/es\/knowledge-center-2\/\" \/>\n<meta property=\"og:locale\" content=\"es_ES\" \/>\n<meta property=\"og:type\" content=\"article\" \/>\n<meta property=\"og:title\" content=\"Conocimiento. - Agrologic Ltd - poultry farming and pig raising\" \/>\n<meta property=\"og:description\" content=\"Con una experiencia comprobada de 35 a\u00f1os, AgroLogic es un l\u00edder e innovador reconocido a nivel mundial en el \u00e1mbito de control y automatizaci\u00f3n de cr\u00eda de animales.\" \/>\n<meta property=\"og:url\" content=\"https:\/\/agrologic.com\/es\/knowledge-center-2\/\" \/>\n<meta property=\"og:site_name\" content=\"Agrologic Ltd - poultry farming and pig raising\" \/>\n<meta property=\"article:modified_time\" content=\"2024-04-02T09:10:13+00:00\" \/>\n<meta name=\"twitter:card\" content=\"summary_large_image\" \/>\n<meta name=\"twitter:label1\" content=\"Tiempo de lectura\" \/>\n\t<meta name=\"twitter:data1\" content=\"1 minuto\" \/>\n<script type=\"application\/ld+json\" class=\"yoast-schema-graph\">{\"@context\":\"https:\/\/schema.org\",\"@graph\":[{\"@type\":\"WebPage\",\"@id\":\"https:\/\/agrologic.com\/es\/knowledge-center-2\/\",\"url\":\"https:\/\/agrologic.com\/es\/knowledge-center-2\/\",\"name\":\"Conocimiento. - Agrologic Ltd - poultry farming and pig raising\",\"isPartOf\":{\"@id\":\"https:\/\/agrologic.com\/#website\"},\"datePublished\":\"2024-04-02T09:08:01+00:00\",\"dateModified\":\"2024-04-02T09:10:13+00:00\",\"breadcrumb\":{\"@id\":\"https:\/\/agrologic.com\/es\/knowledge-center-2\/#breadcrumb\"},\"inLanguage\":\"es\",\"potentialAction\":[{\"@type\":\"ReadAction\",\"target\":[\"https:\/\/agrologic.com\/es\/knowledge-center-2\/\"]}]},{\"@type\":\"BreadcrumbList\",\"@id\":\"https:\/\/agrologic.com\/es\/knowledge-center-2\/#breadcrumb\",\"itemListElement\":[{\"@type\":\"ListItem\",\"position\":1,\"name\":\"Home\",\"item\":\"https:\/\/agrologic.com\/es\/\"},{\"@type\":\"ListItem\",\"position\":2,\"name\":\"Conocimiento.\"}]},{\"@type\":\"WebSite\",\"@id\":\"https:\/\/agrologic.com\/#website\",\"url\":\"https:\/\/agrologic.com\/\",\"name\":\"Agrologic Ltd - poultry farming and pig raising\",\"description\":\"\",\"potentialAction\":[{\"@type\":\"SearchAction\",\"target\":{\"@type\":\"EntryPoint\",\"urlTemplate\":\"https:\/\/agrologic.com\/?s={search_term_string}\"},\"query-input\":{\"@type\":\"PropertyValueSpecification\",\"valueRequired\":true,\"valueName\":\"search_term_string\"}}],\"inLanguage\":\"es\"}]}<\/script>\n<!-- \/ Yoast SEO plugin. -->","yoast_head_json":{"title":"Conocimiento. - Agrologic Ltd - poultry farming and pig raising","robots":{"index":"index","follow":"follow","max-snippet":"max-snippet:-1","max-image-preview":"max-image-preview:large","max-video-preview":"max-video-preview:-1"},"canonical":"https:\/\/agrologic.com\/es\/knowledge-center-2\/","og_locale":"es_ES","og_type":"article","og_title":"Conocimiento. - Agrologic Ltd - poultry farming and pig raising","og_description":"Con una experiencia comprobada de 35 a\u00f1os, AgroLogic es un l\u00edder e innovador reconocido a nivel mundial en el \u00e1mbito de control y automatizaci\u00f3n de cr\u00eda de animales.","og_url":"https:\/\/agrologic.com\/es\/knowledge-center-2\/","og_site_name":"Agrologic Ltd - poultry farming and pig raising","article_modified_time":"2024-04-02T09:10:13+00:00","twitter_card":"summary_large_image","twitter_misc":{"Tiempo de lectura":"1 minuto"},"schema":{"@context":"https:\/\/schema.org","@graph":[{"@type":"WebPage","@id":"https:\/\/agrologic.com\/es\/knowledge-center-2\/","url":"https:\/\/agrologic.com\/es\/knowledge-center-2\/","name":"Conocimiento. - Agrologic Ltd - poultry farming and pig raising","isPartOf":{"@id":"https:\/\/agrologic.com\/#website"},"datePublished":"2024-04-02T09:08:01+00:00","dateModified":"2024-04-02T09:10:13+00:00","breadcrumb":{"@id":"https:\/\/agrologic.com\/es\/knowledge-center-2\/#breadcrumb"},"inLanguage":"es","potentialAction":[{"@type":"ReadAction","target":["https:\/\/agrologic.com\/es\/knowledge-center-2\/"]}]},{"@type":"BreadcrumbList","@id":"https:\/\/agrologic.com\/es\/knowledge-center-2\/#breadcrumb","itemListElement":[{"@type":"ListItem","position":1,"name":"Home","item":"https:\/\/agrologic.com\/es\/"},{"@type":"ListItem","position":2,"name":"Conocimiento."}]},{"@type":"WebSite","@id":"https:\/\/agrologic.com\/#website","url":"https:\/\/agrologic.com\/","name":"Agrologic Ltd - poultry farming and pig raising","description":"","potentialAction":[{"@type":"SearchAction","target":{"@type":"EntryPoint","urlTemplate":"https:\/\/agrologic.com\/?s={search_term_string}"},"query-input":{"@type":"PropertyValueSpecification","valueRequired":true,"valueName":"search_term_string"}}],"inLanguage":"es"}]}},"_links":{"self":[{"href":"https:\/\/agrologic.com\/es\/wp-json\/wp\/v2\/pages\/2734","targetHints":{"allow":["GET"]}}],"collection":[{"href":"https:\/\/agrologic.com\/es\/wp-json\/wp\/v2\/pages"}],"about":[{"href":"https:\/\/agrologic.com\/es\/wp-json\/wp\/v2\/types\/page"}],"author":[{"embeddable":true,"href":"https:\/\/agrologic.com\/es\/wp-json\/wp\/v2\/users\/9"}],"replies":[{"embeddable":true,"href":"https:\/\/agrologic.com\/es\/wp-json\/wp\/v2\/comments?post=2734"}],"version-history":[{"count":4,"href":"https:\/\/agrologic.com\/es\/wp-json\/wp\/v2\/pages\/2734\/revisions"}],"predecessor-version":[{"id":2738,"href":"https:\/\/agrologic.com\/es\/wp-json\/wp\/v2\/pages\/2734\/revisions\/2738"}],"wp:attachment":[{"href":"https:\/\/agrologic.com\/es\/wp-json\/wp\/v2\/media?parent=2734"}],"curies":[{"name":"wp","href":"https:\/\/api.w.org\/{rel}","templated":true}]}}